{"id":352,"date":"2017-09-07T09:08:44","date_gmt":"2017-09-07T07:08:44","guid":{"rendered":"https:\/\/bouveur.com\/guarniciones-de-cardas\/"},"modified":"2017-09-07T11:30:49","modified_gmt":"2017-09-07T09:30:49","slug":"guarniciones-de-cardas","status":"publish","type":"page","link":"https:\/\/bouveur.com\/es\/guarniciones-de-cardas\/","title":{"rendered":"Guarniciones de cardas"},"content":{"rendered":"<div class=\"wpb-content-wrapper\">[mk_page_section padding_top=\u00bb100&#8243; padding_bottom=\u00bb100&#8243; sidebar=\u00bbsidebar-1&#8243;][vc_column][vc_row_inner][vc_column_inner width=\u00bb1\/2&#8243;][mk_fancy_title size=\u00bb\u00bb font_family=\u00bbnone\u00bb]\u00bfPor qu\u00e9 escoger BOUVEUR?[\/mk_fancy_title][vc_column_text margin_bottom=\u00bb35&#8243; css=\u00bb.vc_custom_1504775793715{margin-bottom: 35px !important;}\u00bb]<strong>Nuestros clientes se benefician de m\u00e1s de un siglo de savoir-faire en la fabricaci\u00f3n de cardas.<\/strong><\/p>\n<p><span style=\"font-weight: 400;\">Al fin de obtener una tela de espesor regular gracias a fibras correctamente levantadas, de dar un excelente volumen y un aspecto lanoso de calidad, nuestras guarniciones de cardas le garantizar\u00e1n una excelente durabilidad de vida y un resultado \u00f3ptimo. \u00a0BOUVEUR le propone un servicio a medida para seleccionar las guarniciones de cardas las m\u00e1s adaptadas a su equipo.<\/span>[\/vc_column_text][vc_single_image image=\u00bb124&#8243; img_size=\u00bbfull\u00bb el_class=\u00bbimage-effect grayscale\u00bb][mk_fancy_title tag_name=\u00bbh4&#8243; size=\u00bb25&#8243; margin_top=\u00bb20&#8243; font_family=\u00bbnone\u00bb]Un tratamiento especial de \u00abinterruptores\u00bb[\/mk_fancy_title][vc_column_text margin_bottom=\u00bb35&#8243; css=\u00bb.vc_custom_1504776256408{margin-bottom: 35px !important;}\u00bb]\n<ol>\n<li><span style=\"font-weight: 400;\"><span style=\"font-weight: 400;\">\u00a0<strong>Tratamiento B. H. <\/strong>: \u00a0una punta en acero templado para conservar durablemente la eficiencia del \u00abraspa\u00bb.<\/span><\/span><\/li>\n<li><strong>PROCESO B. P. <\/strong>: \u00a0un cepillado regular de la superficie de cada diente permite despegar eficazmente las impurezas adheridas.<\/li>\n<\/ol>\n[\/vc_column_text][vc_single_image image=\u00bb122&#8243; img_size=\u00bbfull\u00bb el_class=\u00bbimage-effect grayscale\u00bb][\/vc_column_inner][vc_column_inner width=\u00bb1\/2&#8243;][vc_single_image image=\u00bb125&#8243; img_size=\u00bbfull\u00bb el_class=\u00bbimage-effect grayscale\u00bb][mk_fancy_title tag_name=\u00bbh4&#8243; size=\u00bb25&#8243; margin_top=\u00bb20&#8243; font_family=\u00bbnone\u00bb]<span style=\"font-weight: 400;\">Los cimientos de mayor calidad<\/span>[\/mk_fancy_title][vc_column_text margin_bottom=\u00bb35&#8243; css=\u00bb.vc_custom_1504775892580{margin-bottom: 35px !important;}\u00bb]1. Puesta en una cinta tejida de manera muy cerrada y recubierta de una capa de caucho natural provenientes ambas de Europa, la superficie de trabajo de la cinta resiste durablemente a la acci\u00f3n nociva de los productos de apresto y da una base el\u00e1stica a las agujas.<\/p>\n<p>2. La cinta que nosotros seleccionamos posee en el reverso una cobertura particularmente resistente a la fricci\u00f3n.<\/p>\n<p><span style=\"font-weight: 400;\">Los pliegues de la cinta est\u00e1n soldados con una pega fuerte que asegura una gran regularidad y una alta solidez a su cardadura<\/span>[\/vc_column_text][vc_single_image image=\u00bb121&#8243; img_size=\u00bbfull\u00bb el_class=\u00bbimage-effect grayscale\u00bb][mk_fancy_title tag_name=\u00bbh4&#8243; size=\u00bb25&#8243; margin_top=\u00bb20&#8243; font_family=\u00bbnone\u00bb]Una industria de punta[\/mk_fancy_title][vc_column_text css=\u00bb.vc_custom_1504776115320{margin-bottom: 0px !important;}\u00bb]Con una plantaci\u00f3n autom\u00e1tica de agujas y un sistema de afilado, nuestra producci\u00f3n hace prueba de excelente eficiencia en el alineamiento, la precisi\u00f3n y la solidez de las agujas.[\/vc_column_text][\/vc_column_inner][\/vc_row_inner][\/vc_column][\/mk_page_section]\n<\/div>","protected":false},"excerpt":{"rendered":"<p>[mk_page_section padding_top=\u00bb100&#8243; padding_bottom=\u00bb100&#8243; sidebar=\u00bbsidebar-1&#8243;][vc_column][vc_row_inner][vc_column_inner width=\u00bb1\/2&#8243;][mk_fancy_title size=\u00bb\u00bb font_family=\u00bbnone\u00bb]\u00bfPor qu\u00e9 escoger BOUVEUR?[\/mk_fancy_title][vc_column_text margin_bottom=\u00bb35&#8243; css=\u00bb.vc_custom_1504775793715{margin-bottom: 35px !important;}\u00bb]Nuestros clientes se benefician de m\u00e1s de un siglo de savoir-faire en la fabricaci\u00f3n de cardas. Al fin de obtener una tela de espesor regular gracias a fibras correctamente levantadas, de dar un excelente volumen y un aspecto lanoso de calidad, nuestras [&hellip;]<\/p>\n","protected":false},"author":1,"featured_media":0,"parent":0,"menu_order":5,"comment_status":"closed","ping_status":"closed","template":"","meta":{"footnotes":""},"class_list":["post-352","page","type-page","status-publish","hentry"],"yoast_head":"<!-- This site is optimized with the Yoast SEO plugin v27.2 - https:\/\/yoast.com\/product\/yoast-seo-wordpress\/ -->\n<title>Guarniciones de cardas - BOUVEUR<\/title>\n<meta name=\"robots\" content=\"index, follow, max-snippet:-1, max-image-preview:large, max-video-preview:-1\" \/>\n<link rel=\"canonical\" href=\"https:\/\/bouveur.com\/es\/guarniciones-de-cardas\/\" \/>\n<meta property=\"og:locale\" content=\"es_ES\" \/>\n<meta property=\"og:type\" content=\"article\" \/>\n<meta property=\"og:title\" content=\"Guarniciones de cardas - BOUVEUR\" \/>\n<meta property=\"og:description\" content=\"[mk_page_section padding_top=\u00bb100&#8243; padding_bottom=\u00bb100&#8243; sidebar=\u00bbsidebar-1&#8243;][vc_column][vc_row_inner][vc_column_inner width=\u00bb1\/2&#8243;][mk_fancy_title size=\u00bb\u00bb font_family=\u00bbnone\u00bb]\u00bfPor qu\u00e9 escoger BOUVEUR?[\/mk_fancy_title][vc_column_text margin_bottom=\u00bb35&#8243; css=\u00bb.vc_custom_1504775793715{margin-bottom: 35px !important;}\u00bb]Nuestros clientes se benefician de m\u00e1s de un siglo de savoir-faire en la fabricaci\u00f3n de cardas. Al fin de obtener una tela de espesor regular gracias a fibras correctamente levantadas, de dar un excelente volumen y un aspecto lanoso de calidad, nuestras [&hellip;]\" \/>\n<meta property=\"og:url\" content=\"https:\/\/bouveur.com\/es\/guarniciones-de-cardas\/\" \/>\n<meta property=\"og:site_name\" content=\"BOUVEUR\" \/>\n<meta property=\"article:modified_time\" content=\"2017-09-07T09:30:49+00:00\" \/>\n<meta name=\"twitter:card\" content=\"summary_large_image\" \/>\n<meta name=\"twitter:label1\" content=\"Tiempo de lectura\" \/>\n\t<meta name=\"twitter:data1\" content=\"2 minutos\" \/>\n<script type=\"application\/ld+json\" class=\"yoast-schema-graph\">{\"@context\":\"https:\/\/schema.org\",\"@graph\":[{\"@type\":\"WebPage\",\"@id\":\"https:\/\/bouveur.com\/es\/guarniciones-de-cardas\/\",\"url\":\"https:\/\/bouveur.com\/es\/guarniciones-de-cardas\/\",\"name\":\"Guarniciones de cardas - BOUVEUR\",\"isPartOf\":{\"@id\":\"https:\/\/bouveur.com\/en\/#website\"},\"datePublished\":\"2017-09-07T07:08:44+00:00\",\"dateModified\":\"2017-09-07T09:30:49+00:00\",\"breadcrumb\":{\"@id\":\"https:\/\/bouveur.com\/es\/guarniciones-de-cardas\/#breadcrumb\"},\"inLanguage\":\"es\",\"potentialAction\":[{\"@type\":\"ReadAction\",\"target\":[\"https:\/\/bouveur.com\/es\/guarniciones-de-cardas\/\"]}]},{\"@type\":\"BreadcrumbList\",\"@id\":\"https:\/\/bouveur.com\/es\/guarniciones-de-cardas\/#breadcrumb\",\"itemListElement\":[{\"@type\":\"ListItem\",\"position\":1,\"name\":\"Accueil\",\"item\":\"https:\/\/bouveur.com\/es\/\"},{\"@type\":\"ListItem\",\"position\":2,\"name\":\"Guarniciones de cardas\"}]},{\"@type\":\"WebSite\",\"@id\":\"https:\/\/bouveur.com\/en\/#website\",\"url\":\"https:\/\/bouveur.com\/en\/\",\"name\":\"BOUVEUR\",\"description\":\"Des lames au service des plus grandes exigences\",\"potentialAction\":[{\"@type\":\"SearchAction\",\"target\":{\"@type\":\"EntryPoint\",\"urlTemplate\":\"https:\/\/bouveur.com\/en\/?s={search_term_string}\"},\"query-input\":{\"@type\":\"PropertyValueSpecification\",\"valueRequired\":true,\"valueName\":\"search_term_string\"}}],\"inLanguage\":\"es\"}]}<\/script>\n<!-- \/ Yoast SEO plugin. -->","yoast_head_json":{"title":"Guarniciones de cardas - BOUVEUR","robots":{"index":"index","follow":"follow","max-snippet":"max-snippet:-1","max-image-preview":"max-image-preview:large","max-video-preview":"max-video-preview:-1"},"canonical":"https:\/\/bouveur.com\/es\/guarniciones-de-cardas\/","og_locale":"es_ES","og_type":"article","og_title":"Guarniciones de cardas - BOUVEUR","og_description":"[mk_page_section padding_top=\u00bb100&#8243; padding_bottom=\u00bb100&#8243; sidebar=\u00bbsidebar-1&#8243;][vc_column][vc_row_inner][vc_column_inner width=\u00bb1\/2&#8243;][mk_fancy_title size=\u00bb\u00bb font_family=\u00bbnone\u00bb]\u00bfPor qu\u00e9 escoger BOUVEUR?[\/mk_fancy_title][vc_column_text margin_bottom=\u00bb35&#8243; css=\u00bb.vc_custom_1504775793715{margin-bottom: 35px !important;}\u00bb]Nuestros clientes se benefician de m\u00e1s de un siglo de savoir-faire en la fabricaci\u00f3n de cardas. Al fin de obtener una tela de espesor regular gracias a fibras correctamente levantadas, de dar un excelente volumen y un aspecto lanoso de calidad, nuestras [&hellip;]","og_url":"https:\/\/bouveur.com\/es\/guarniciones-de-cardas\/","og_site_name":"BOUVEUR","article_modified_time":"2017-09-07T09:30:49+00:00","twitter_card":"summary_large_image","twitter_misc":{"Tiempo de lectura":"2 minutos"},"schema":{"@context":"https:\/\/schema.org","@graph":[{"@type":"WebPage","@id":"https:\/\/bouveur.com\/es\/guarniciones-de-cardas\/","url":"https:\/\/bouveur.com\/es\/guarniciones-de-cardas\/","name":"Guarniciones de cardas - BOUVEUR","isPartOf":{"@id":"https:\/\/bouveur.com\/en\/#website"},"datePublished":"2017-09-07T07:08:44+00:00","dateModified":"2017-09-07T09:30:49+00:00","breadcrumb":{"@id":"https:\/\/bouveur.com\/es\/guarniciones-de-cardas\/#breadcrumb"},"inLanguage":"es","potentialAction":[{"@type":"ReadAction","target":["https:\/\/bouveur.com\/es\/guarniciones-de-cardas\/"]}]},{"@type":"BreadcrumbList","@id":"https:\/\/bouveur.com\/es\/guarniciones-de-cardas\/#breadcrumb","itemListElement":[{"@type":"ListItem","position":1,"name":"Accueil","item":"https:\/\/bouveur.com\/es\/"},{"@type":"ListItem","position":2,"name":"Guarniciones de cardas"}]},{"@type":"WebSite","@id":"https:\/\/bouveur.com\/en\/#website","url":"https:\/\/bouveur.com\/en\/","name":"BOUVEUR","description":"Des lames au service des plus grandes exigences","potentialAction":[{"@type":"SearchAction","target":{"@type":"EntryPoint","urlTemplate":"https:\/\/bouveur.com\/en\/?s={search_term_string}"},"query-input":{"@type":"PropertyValueSpecification","valueRequired":true,"valueName":"search_term_string"}}],"inLanguage":"es"}]}},"_links":{"self":[{"href":"https:\/\/bouveur.com\/es\/wp-json\/wp\/v2\/pages\/352","targetHints":{"allow":["GET"]}}],"collection":[{"href":"https:\/\/bouveur.com\/es\/wp-json\/wp\/v2\/pages"}],"about":[{"href":"https:\/\/bouveur.com\/es\/wp-json\/wp\/v2\/types\/page"}],"author":[{"embeddable":true,"href":"https:\/\/bouveur.com\/es\/wp-json\/wp\/v2\/users\/1"}],"replies":[{"embeddable":true,"href":"https:\/\/bouveur.com\/es\/wp-json\/wp\/v2\/comments?post=352"}],"version-history":[{"count":5,"href":"https:\/\/bouveur.com\/es\/wp-json\/wp\/v2\/pages\/352\/revisions"}],"predecessor-version":[{"id":426,"href":"https:\/\/bouveur.com\/es\/wp-json\/wp\/v2\/pages\/352\/revisions\/426"}],"wp:attachment":[{"href":"https:\/\/bouveur.com\/es\/wp-json\/wp\/v2\/media?parent=352"}],"curies":[{"name":"wp","href":"https:\/\/api.w.org\/{rel}","templated":true}]}}