{"id":351,"date":"2017-09-07T09:07:58","date_gmt":"2017-09-07T07:07:58","guid":{"rendered":"https:\/\/bouveur.com\/nuestros-servicios\/"},"modified":"2019-06-12T16:22:56","modified_gmt":"2019-06-12T14:22:56","slug":"nuestros-servicios","status":"publish","type":"page","link":"https:\/\/bouveur.com\/es\/nuestros-servicios\/","title":{"rendered":"Nuestros servicios"},"content":{"rendered":"<div class=\"wpb-content-wrapper\">[mk_page_section padding_top=\u00bb100&#8243; margin_bottom=\u00bb50&#8243; sidebar=\u00bbsidebar-1&#8243;][vc_column][vc_row_inner css=\u00bb.vc_custom_1502693181018{margin-bottom: 50px !important;}\u00bb][vc_column_inner width=\u00bb2\/3&#8243;][mk_fancy_title size=\u00bb\u00bb font_family=\u00bbnone\u00bb]Una relacion con el cliente a medida[\/mk_fancy_title][vc_single_image image=\u00bb202&#8243; img_size=\u00bbfull\u00bb css_animation=\u00bbfadeIn\u00bb][vc_single_image image=\u00bb227&#8243; img_size=\u00bbfull\u00bb css_animation=\u00bbfadeIn\u00bb][\/vc_column_inner][vc_column_inner width=\u00bb1\/3&#8243;][mk_fancy_title size=\u00bb\u00bb font_family=\u00bbnone\u00bb]Nuestros servicios[\/mk_fancy_title][mk_custom_list style=\u00bbmk-icon-check-square-o\u00bb animation=\u00bbfade-in\u00bb]\n<ul>\n<li>Afilado de cabezas de corte hasta 3 metros<\/li>\n<li>Rectificaci\u00f3n de cilindros tundidores hasta 6.5 metros<\/li>\n<li>Calibrado de cilindros tundidores y otros hasta 8 metros<\/li>\n<li>Remplazo parcial o completa de cuchillas espirales sobre cilindro<\/li>\n<li>Re afilado de cuchillas planas conforme al plan constructor o a la demanda<\/li>\n<li>Reparaci\u00f3n o cambio de uno o los dos ejes del cilindro cortador<\/li>\n<li>Suministro e instalaci\u00f3n de los anillos interiores de rodamientos de bolas de todos los tipos<\/li>\n<li>Suministro de todo tipo de rodamientos de bolas y grasas adaptadas a su funcionamiento<\/li>\n<li>Suministro o rectificado de rasquetas a encolar para maquinas alfombras<\/li>\n<li>Reanudaci\u00f3n de mecanizado de tablas de pasaje de telas cortadores averiadas<\/li>\n<li>Construcci\u00f3n de mesas de corte para tondosas (corte sobre tabla o en U corte en el vac\u00edo)<\/li>\n<\/ul>\n[\/mk_custom_list][vc_column_text el_class=\u00bbfioritures-text\u00bb css=\u00bb.vc_custom_1560349145849{margin-bottom: 0px !important;}\u00bb]Cualquiera que sea su pregunta, nuestros t\u00e9cnicos le aconsejaran acerca de la utilizaci\u00f3n de nuestros productos y sobre el reglaje de sus tundidoras textiles.[\/vc_column_text][\/vc_column_inner][\/vc_row_inner][vc_row_inner][vc_column_inner][vc_video link=\u00bbhttps:\/\/youtu.be\/s98peteUodg\u00bb custom_thumbnail=\u00bbtrue\u00bb thumbnail_image=\u00bb86&#8243;][\/vc_column_inner][\/vc_row_inner][vc_row_inner css=\u00bb.vc_custom_1504025976591{margin-top: 50px !important;margin-bottom: 50px !important;}\u00bb][vc_column_inner width=\u00bb1\/2&#8243;][vc_single_image image=\u00bb179&#8243; img_size=\u00bbfull\u00bb alignment=\u00bbcenter\u00bb css_animation=\u00bbfadeIn\u00bb][\/vc_column_inner][vc_column_inner width=\u00bb1\/2&#8243;][mk_fancy_title size=\u00bb\u00bb font_family=\u00bbnone\u00bb]Una relacion con el cliente a medida[\/mk_fancy_title][vc_column_text css=\u00bb.vc_custom_1560349111201{margin-bottom: 0px !important;}\u00bb]Nosotros sabemos que los problemas t\u00e9cnicos pueden perturbar su rendimiento a la hora del proceso de montaje y afilado de sus tundidoras, es por ello por lo que BOUVEUR le propone una soluci\u00f3n a medida en nuestros talleres o en su empresa.<\/p>\n<p>Si usted tiene necesidad de balancear sus cilindros tundidores, de un suministro, de la rectificaci\u00f3n de sus cuchillas, o alguna otra pregunta, nuestros t\u00e9cnicos les aconsejaran en la utilizaci\u00f3n de nuestros productos y sobre el arreglaje de sus tundidoras textiles.<\/p>\n<p>Su satisfacci\u00f3n es nuestra prioridad. BOUVEUR le acompa\u00f1a en su empresa o en su f\u00e1brica para garantizar el mejor servicio del mercado.[\/vc_column_text][\/vc_column_inner][\/vc_row_inner][vc_row_inner el_class=\u00bbfioritures-row\u00bb][vc_column_inner][vc_column_text el_class=\u00bbfioritures-text\u00bb css=\u00bb.vc_custom_1560349365447{margin-bottom: 0px !important;}\u00bb]Su satisfacci\u00f3n es nuestra prioridad. BOUVEUR le acompa\u00f1a en su empresa o en su f\u00e1brica para garantizar el mejor servicio del mercado.[\/vc_column_text][\/vc_column_inner][\/vc_row_inner][\/vc_column][\/mk_page_section]\n<\/div>","protected":false},"excerpt":{"rendered":"<p>[mk_page_section padding_top=\u00bb100&#8243; margin_bottom=\u00bb50&#8243; sidebar=\u00bbsidebar-1&#8243;][vc_column][vc_row_inner css=\u00bb.vc_custom_1502693181018{margin-bottom: 50px !important;}\u00bb][vc_column_inner width=\u00bb2\/3&#8243;][mk_fancy_title size=\u00bb\u00bb font_family=\u00bbnone\u00bb]Una relacion con el cliente a medida[\/mk_fancy_title][vc_single_image image=\u00bb202&#8243; img_size=\u00bbfull\u00bb css_animation=\u00bbfadeIn\u00bb][vc_single_image image=\u00bb227&#8243; img_size=\u00bbfull\u00bb css_animation=\u00bbfadeIn\u00bb][\/vc_column_inner][vc_column_inner width=\u00bb1\/3&#8243;][mk_fancy_title size=\u00bb\u00bb font_family=\u00bbnone\u00bb]Nuestros servicios[\/mk_fancy_title][mk_custom_list style=\u00bbmk-icon-check-square-o\u00bb animation=\u00bbfade-in\u00bb] Afilado de cabezas de corte hasta 3 metros Rectificaci\u00f3n de cilindros tundidores hasta 6.5 metros Calibrado de cilindros tundidores y otros hasta 8 metros Remplazo parcial o [&hellip;]<\/p>\n","protected":false},"author":1,"featured_media":0,"parent":0,"menu_order":4,"comment_status":"closed","ping_status":"closed","template":"","meta":{"footnotes":""},"class_list":["post-351","page","type-page","status-publish","hentry"],"yoast_head":"<!-- This site is optimized with the Yoast SEO plugin v27.2 - https:\/\/yoast.com\/product\/yoast-seo-wordpress\/ -->\n<title>Nuestros servicios - BOUVEUR<\/title>\n<meta name=\"description\" content=\"BOUVEUR ofrece su saber hacer a trav\u00e9s de servicios garantizando el correcto funcionamiento de sus cuchillas cortadoras para una mejor la producci\u00f3n.\" \/>\n<meta name=\"robots\" content=\"index, follow, max-snippet:-1, max-image-preview:large, max-video-preview:-1\" \/>\n<link rel=\"canonical\" href=\"https:\/\/bouveur.com\/es\/nuestros-servicios\/\" \/>\n<meta property=\"og:locale\" content=\"es_ES\" \/>\n<meta property=\"og:type\" content=\"article\" \/>\n<meta property=\"og:title\" content=\"Nuestros servicios - BOUVEUR\" \/>\n<meta property=\"og:description\" content=\"BOUVEUR ofrece su saber hacer a trav\u00e9s de servicios garantizando el correcto funcionamiento de sus cuchillas cortadoras para una mejor la producci\u00f3n.\" \/>\n<meta property=\"og:url\" content=\"https:\/\/bouveur.com\/es\/nuestros-servicios\/\" \/>\n<meta property=\"og:site_name\" content=\"BOUVEUR\" \/>\n<meta property=\"article:modified_time\" content=\"2019-06-12T14:22:56+00:00\" \/>\n<meta name=\"twitter:card\" content=\"summary_large_image\" \/>\n<meta name=\"twitter:label1\" content=\"Tiempo de lectura\" \/>\n\t<meta name=\"twitter:data1\" content=\"3 minutos\" \/>\n<script type=\"application\/ld+json\" class=\"yoast-schema-graph\">{\"@context\":\"https:\/\/schema.org\",\"@graph\":[{\"@type\":\"WebPage\",\"@id\":\"https:\/\/bouveur.com\/es\/nuestros-servicios\/\",\"url\":\"https:\/\/bouveur.com\/es\/nuestros-servicios\/\",\"name\":\"Nuestros servicios - BOUVEUR\",\"isPartOf\":{\"@id\":\"https:\/\/bouveur.com\/en\/#website\"},\"datePublished\":\"2017-09-07T07:07:58+00:00\",\"dateModified\":\"2019-06-12T14:22:56+00:00\",\"description\":\"BOUVEUR ofrece su saber hacer a trav\u00e9s de servicios garantizando el correcto funcionamiento de sus cuchillas cortadoras para una mejor la producci\u00f3n.\",\"breadcrumb\":{\"@id\":\"https:\/\/bouveur.com\/es\/nuestros-servicios\/#breadcrumb\"},\"inLanguage\":\"es\",\"potentialAction\":[{\"@type\":\"ReadAction\",\"target\":[\"https:\/\/bouveur.com\/es\/nuestros-servicios\/\"]}]},{\"@type\":\"BreadcrumbList\",\"@id\":\"https:\/\/bouveur.com\/es\/nuestros-servicios\/#breadcrumb\",\"itemListElement\":[{\"@type\":\"ListItem\",\"position\":1,\"name\":\"Accueil\",\"item\":\"https:\/\/bouveur.com\/es\/\"},{\"@type\":\"ListItem\",\"position\":2,\"name\":\"Nuestros servicios\"}]},{\"@type\":\"WebSite\",\"@id\":\"https:\/\/bouveur.com\/en\/#website\",\"url\":\"https:\/\/bouveur.com\/en\/\",\"name\":\"BOUVEUR\",\"description\":\"Des lames au service des plus grandes exigences\",\"potentialAction\":[{\"@type\":\"SearchAction\",\"target\":{\"@type\":\"EntryPoint\",\"urlTemplate\":\"https:\/\/bouveur.com\/en\/?s={search_term_string}\"},\"query-input\":{\"@type\":\"PropertyValueSpecification\",\"valueRequired\":true,\"valueName\":\"search_term_string\"}}],\"inLanguage\":\"es\"}]}<\/script>\n<!-- \/ Yoast SEO plugin. -->","yoast_head_json":{"title":"Nuestros servicios - BOUVEUR","description":"BOUVEUR ofrece su saber hacer a trav\u00e9s de servicios garantizando el correcto funcionamiento de sus cuchillas cortadoras para una mejor la producci\u00f3n.","robots":{"index":"index","follow":"follow","max-snippet":"max-snippet:-1","max-image-preview":"max-image-preview:large","max-video-preview":"max-video-preview:-1"},"canonical":"https:\/\/bouveur.com\/es\/nuestros-servicios\/","og_locale":"es_ES","og_type":"article","og_title":"Nuestros servicios - BOUVEUR","og_description":"BOUVEUR ofrece su saber hacer a trav\u00e9s de servicios garantizando el correcto funcionamiento de sus cuchillas cortadoras para una mejor la producci\u00f3n.","og_url":"https:\/\/bouveur.com\/es\/nuestros-servicios\/","og_site_name":"BOUVEUR","article_modified_time":"2019-06-12T14:22:56+00:00","twitter_card":"summary_large_image","twitter_misc":{"Tiempo de lectura":"3 minutos"},"schema":{"@context":"https:\/\/schema.org","@graph":[{"@type":"WebPage","@id":"https:\/\/bouveur.com\/es\/nuestros-servicios\/","url":"https:\/\/bouveur.com\/es\/nuestros-servicios\/","name":"Nuestros servicios - BOUVEUR","isPartOf":{"@id":"https:\/\/bouveur.com\/en\/#website"},"datePublished":"2017-09-07T07:07:58+00:00","dateModified":"2019-06-12T14:22:56+00:00","description":"BOUVEUR ofrece su saber hacer a trav\u00e9s de servicios garantizando el correcto funcionamiento de sus cuchillas cortadoras para una mejor la producci\u00f3n.","breadcrumb":{"@id":"https:\/\/bouveur.com\/es\/nuestros-servicios\/#breadcrumb"},"inLanguage":"es","potentialAction":[{"@type":"ReadAction","target":["https:\/\/bouveur.com\/es\/nuestros-servicios\/"]}]},{"@type":"BreadcrumbList","@id":"https:\/\/bouveur.com\/es\/nuestros-servicios\/#breadcrumb","itemListElement":[{"@type":"ListItem","position":1,"name":"Accueil","item":"https:\/\/bouveur.com\/es\/"},{"@type":"ListItem","position":2,"name":"Nuestros servicios"}]},{"@type":"WebSite","@id":"https:\/\/bouveur.com\/en\/#website","url":"https:\/\/bouveur.com\/en\/","name":"BOUVEUR","description":"Des lames au service des plus grandes exigences","potentialAction":[{"@type":"SearchAction","target":{"@type":"EntryPoint","urlTemplate":"https:\/\/bouveur.com\/en\/?s={search_term_string}"},"query-input":{"@type":"PropertyValueSpecification","valueRequired":true,"valueName":"search_term_string"}}],"inLanguage":"es"}]}},"_links":{"self":[{"href":"https:\/\/bouveur.com\/es\/wp-json\/wp\/v2\/pages\/351","targetHints":{"allow":["GET"]}}],"collection":[{"href":"https:\/\/bouveur.com\/es\/wp-json\/wp\/v2\/pages"}],"about":[{"href":"https:\/\/bouveur.com\/es\/wp-json\/wp\/v2\/types\/page"}],"author":[{"embeddable":true,"href":"https:\/\/bouveur.com\/es\/wp-json\/wp\/v2\/users\/1"}],"replies":[{"embeddable":true,"href":"https:\/\/bouveur.com\/es\/wp-json\/wp\/v2\/comments?post=351"}],"version-history":[{"count":15,"href":"https:\/\/bouveur.com\/es\/wp-json\/wp\/v2\/pages\/351\/revisions"}],"predecessor-version":[{"id":1861,"href":"https:\/\/bouveur.com\/es\/wp-json\/wp\/v2\/pages\/351\/revisions\/1861"}],"wp:attachment":[{"href":"https:\/\/bouveur.com\/es\/wp-json\/wp\/v2\/media?parent=351"}],"curies":[{"name":"wp","href":"https:\/\/api.w.org\/{rel}","templated":true}]}}