{"id":350,"date":"2017-09-07T09:06:54","date_gmt":"2017-09-07T07:06:54","guid":{"rendered":"https:\/\/bouveur.com\/a-proposito\/nuestra-tecnica\/"},"modified":"2019-06-12T16:50:02","modified_gmt":"2019-06-12T14:50:02","slug":"nuestra-tecnica","status":"publish","type":"page","link":"https:\/\/bouveur.com\/es\/a-proposito\/nuestra-tecnica\/","title":{"rendered":"Nuestra t\u00e9cnica"},"content":{"rendered":"<div class=\"wpb-content-wrapper\">[mk_page_section padding_top=\u00bb100&#8243; padding_bottom=\u00bb0&#8243; sidebar=\u00bbsidebar-1&#8243;][vc_column][vc_row_inner css=\u00bb.vc_custom_1502185741481{margin-bottom: 100px !important;}\u00bb][vc_column_inner width=\u00bb2\/3&#8243;][mk_fancy_title size=\u00bb\u00bb font_family=\u00bbnone\u00bb]Las cuchillas planas y espirales[\/mk_fancy_title][vc_column_text css=\u00bb.vc_custom_1560350990117{margin-bottom: 0px !important;}\u00bb]Si las tundidoras de textiles se han perfeccionado a lo largo del tiempo en su concepci\u00f3n y en su realizaci\u00f3n, <strong>la calidad y la belleza del resultado obtenido depende siempre de las cuchillas escogidas.<\/strong>\u00a0Ellas constituyen el alma de su m\u00e1quina.<\/p>\n<p>Puesto que sus cuchillas pueden r\u00e1pidamente perder en rigidez, en corte y en eficiencia, las cuchillas espirales y las cuchillas planas BOUVEUR est\u00e1n concebidas para asegurar una\u00a0<strong>resistencia m\u00e1xima al desgaste.<\/strong><\/p>\n<p>Tomar la opci\u00f3n de las cuchillas BOUVEUR, es garantizar un\u00a0<strong>corte eficaz y de calidad<\/strong>\u00a0para sus productos, cualquiera sea el tipo de soporte : algod\u00f3n, lana, ceda, encaje, telas de moda, forros naturales o sint\u00e9ticos, telas t\u00e9cnicas de mobiliario o high-tech medical.<\/p>\n<p>El secreto de las cuchillas BOUVEUR reside en el\u00a0<strong>tratamiento t\u00e9rmico de sus aceros.<\/strong>\u00a0El temple regular y homog\u00e9neo de nuestras cuchillas releva de una t\u00e9cnica particular que hace a las cuchillas BOUVEUR \u00fanicas.<\/p>\n<p>Fabricadas en diferentes longitudes y en diferentes di\u00e1metros, las cuchillas que BOUVEUR se compromete \u00e0 proponerle son\u00a0<strong>las m\u00e1s adaptadas al corte de sus telas<\/strong>\u00a0y respetan las especificaciones de todos los constructores mundiales.[\/vc_column_text][\/vc_column_inner][vc_column_inner width=\u00bb1\/3&#8243;][vc_single_image image=\u00bb172&#8243; img_size=\u00bbfull\u00bb alignment=\u00bbcenter\u00bb css_animation=\u00bbfadeIn\u00bb css=\u00bb.vc_custom_1504713262990{border-top-width: 1px !important;border-right-width: 1px !important;border-bottom-width: 1px !important;border-left-width: 1px !important;border-left-color: #222944 !important;border-right-color: #222944 !important;border-top-color: #222944 !important;border-bottom-color: #222944 !important;border-radius: 1px !important;}\u00bb][\/vc_column_inner][\/vc_row_inner][\/vc_column][\/mk_page_section][mk_page_section bg_color=\u00bb#ededed\u00bb padding_top=\u00bb100&#8243; padding_bottom=\u00bb0&#8243; sidebar=\u00bbsidebar-1&#8243;][vc_column][vc_row_inner css=\u00bb.vc_custom_1502185741481{margin-bottom: 100px !important;}\u00bb][vc_column_inner width=\u00bb1\/3&#8243;][vc_single_image image=\u00bb110&#8243; img_size=\u00bbfull\u00bb alignment=\u00bbcenter\u00bb css_animation=\u00bbfadeIn\u00bb][vc_single_image image=\u00bb215&#8243; img_size=\u00bbfull\u00bb alignment=\u00bbcenter\u00bb css_animation=\u00bbfadeIn\u00bb][\/vc_column_inner][vc_column_inner width=\u00bb2\/3&#8243;][mk_fancy_title size=\u00bb\u00bb font_family=\u00bbnone\u00bb]El tratamiento t\u00e9rmico de nuestros aceros[\/mk_fancy_title][vc_column_text]<strong>Un tratamiento t\u00e9rmico realizado con un rigor y una t\u00e9cnica muy particular.<\/strong><\/p>\n<p>Para que la cuchilla pueda conservar una buena resistencia al corte y una mejor resistencia al uso, y para darle una\u00a0<strong>longevidad al m\u00e1ximo<\/strong>, es necesario que el temple sea\u00a0<strong>regular y homog\u00e9neo<\/strong>, de una resistencia la m\u00e1s alta posible: 62\/63 Rockwell C para las cuchillas espirales y de 64\/65 Rockwell C para las cuchillas planas. Un temple no homog\u00e9neo en resistencia e irregular en altura, tiene como consecuencia la aumentaci\u00f3n del n\u00famero de cruces de piezas de tela a cortar para llegar a un resultado satisfactorio. Ello ocasiona afilado \u2013 ajuste frecuente, de ah\u00ed una p\u00e9rdida de rendimiento de la tondosa y un desgasto acelerado de las cuchillas que provoca su remplazo antes de hora.[\/vc_column_text][vc_column_text]Nuestras cuchillas espirales, son templadas parcialmente a lo largo de todo el \u201calto\u201d de la \u201craya\u201d, lo que permite llegar a un \u201cuso\u201d m\u00e1ximo de 10 a 12 mm en funci\u00f3n del tipo de cuchillas espirales. El \u201ctal\u00f3n\u201d de la cuchilla espiral, que no est\u00e1 templado tiene una elasticidad que permite una \u201cdirecci\u00f3n sin da\u00f1os\u201d, las presiones m\u00e1s extremas a la hora del corte de las materias textiles las m\u00e1s modernas y las m\u00e1s dif\u00edciles a cortar.[\/vc_column_text][\/vc_column_inner][\/vc_row_inner][\/vc_column][\/mk_page_section]\n<\/div>","protected":false},"excerpt":{"rendered":"<p>[mk_page_section padding_top=\u00bb100&#8243; padding_bottom=\u00bb0&#8243; sidebar=\u00bbsidebar-1&#8243;][vc_column][vc_row_inner css=\u00bb.vc_custom_1502185741481{margin-bottom: 100px !important;}\u00bb][vc_column_inner width=\u00bb2\/3&#8243;][mk_fancy_title size=\u00bb\u00bb font_family=\u00bbnone\u00bb]Las cuchillas planas y espirales[\/mk_fancy_title][vc_column_text css=\u00bb.vc_custom_1560350990117{margin-bottom: 0px !important;}\u00bb]Si las tundidoras de textiles se han perfeccionado a lo largo del tiempo en su concepci\u00f3n y en su realizaci\u00f3n, la calidad y la belleza del resultado obtenido depende siempre de las cuchillas escogidas.\u00a0Ellas constituyen el alma de su [&hellip;]<\/p>\n","protected":false},"author":1,"featured_media":0,"parent":336,"menu_order":4,"comment_status":"closed","ping_status":"closed","template":"","meta":{"footnotes":""},"class_list":["post-350","page","type-page","status-publish","hentry"],"yoast_head":"<!-- This site is optimized with the Yoast SEO plugin v27.2 - https:\/\/yoast.com\/product\/yoast-seo-wordpress\/ -->\n<title>Nuestra t\u00e9cnica - BOUVEUR<\/title>\n<meta name=\"description\" content=\"El tratamiento t\u00e9rmico de nuestras cuchillas planas y espirales permite una resistencia al desgaste ajustando el corte para un textil de calidad.\" \/>\n<meta name=\"robots\" content=\"index, follow, max-snippet:-1, max-image-preview:large, max-video-preview:-1\" \/>\n<link rel=\"canonical\" href=\"https:\/\/bouveur.com\/es\/a-proposito\/nuestra-tecnica\/\" \/>\n<meta property=\"og:locale\" content=\"es_ES\" \/>\n<meta property=\"og:type\" content=\"article\" \/>\n<meta property=\"og:title\" content=\"Nuestra t\u00e9cnica - BOUVEUR\" \/>\n<meta property=\"og:description\" content=\"El tratamiento t\u00e9rmico de nuestras cuchillas planas y espirales permite una resistencia al desgaste ajustando el corte para un textil de calidad.\" \/>\n<meta property=\"og:url\" content=\"https:\/\/bouveur.com\/es\/a-proposito\/nuestra-tecnica\/\" \/>\n<meta property=\"og:site_name\" content=\"BOUVEUR\" \/>\n<meta property=\"article:modified_time\" content=\"2019-06-12T14:50:02+00:00\" \/>\n<meta name=\"twitter:card\" content=\"summary_large_image\" \/>\n<meta name=\"twitter:label1\" content=\"Tiempo de lectura\" \/>\n\t<meta name=\"twitter:data1\" content=\"3 minutos\" \/>\n<script type=\"application\/ld+json\" class=\"yoast-schema-graph\">{\"@context\":\"https:\/\/schema.org\",\"@graph\":[{\"@type\":\"WebPage\",\"@id\":\"https:\/\/bouveur.com\/es\/a-proposito\/nuestra-tecnica\/\",\"url\":\"https:\/\/bouveur.com\/es\/a-proposito\/nuestra-tecnica\/\",\"name\":\"Nuestra t\u00e9cnica - BOUVEUR\",\"isPartOf\":{\"@id\":\"https:\/\/bouveur.com\/en\/#website\"},\"datePublished\":\"2017-09-07T07:06:54+00:00\",\"dateModified\":\"2019-06-12T14:50:02+00:00\",\"description\":\"El tratamiento t\u00e9rmico de nuestras cuchillas planas y espirales permite una resistencia al desgaste ajustando el corte para un textil de calidad.\",\"breadcrumb\":{\"@id\":\"https:\/\/bouveur.com\/es\/a-proposito\/nuestra-tecnica\/#breadcrumb\"},\"inLanguage\":\"es\",\"potentialAction\":[{\"@type\":\"ReadAction\",\"target\":[\"https:\/\/bouveur.com\/es\/a-proposito\/nuestra-tecnica\/\"]}]},{\"@type\":\"BreadcrumbList\",\"@id\":\"https:\/\/bouveur.com\/es\/a-proposito\/nuestra-tecnica\/#breadcrumb\",\"itemListElement\":[{\"@type\":\"ListItem\",\"position\":1,\"name\":\"Accueil\",\"item\":\"https:\/\/bouveur.com\/es\/\"},{\"@type\":\"ListItem\",\"position\":2,\"name\":\"A prop\u00f3sito\",\"item\":\"https:\/\/bouveur.com\/es\/a-proposito\/\"},{\"@type\":\"ListItem\",\"position\":3,\"name\":\"Nuestra t\u00e9cnica\"}]},{\"@type\":\"WebSite\",\"@id\":\"https:\/\/bouveur.com\/en\/#website\",\"url\":\"https:\/\/bouveur.com\/en\/\",\"name\":\"BOUVEUR\",\"description\":\"Des lames au service des plus grandes exigences\",\"potentialAction\":[{\"@type\":\"SearchAction\",\"target\":{\"@type\":\"EntryPoint\",\"urlTemplate\":\"https:\/\/bouveur.com\/en\/?s={search_term_string}\"},\"query-input\":{\"@type\":\"PropertyValueSpecification\",\"valueRequired\":true,\"valueName\":\"search_term_string\"}}],\"inLanguage\":\"es\"}]}<\/script>\n<!-- \/ Yoast SEO plugin. -->","yoast_head_json":{"title":"Nuestra t\u00e9cnica - BOUVEUR","description":"El tratamiento t\u00e9rmico de nuestras cuchillas planas y espirales permite una resistencia al desgaste ajustando el corte para un textil de calidad.","robots":{"index":"index","follow":"follow","max-snippet":"max-snippet:-1","max-image-preview":"max-image-preview:large","max-video-preview":"max-video-preview:-1"},"canonical":"https:\/\/bouveur.com\/es\/a-proposito\/nuestra-tecnica\/","og_locale":"es_ES","og_type":"article","og_title":"Nuestra t\u00e9cnica - BOUVEUR","og_description":"El tratamiento t\u00e9rmico de nuestras cuchillas planas y espirales permite una resistencia al desgaste ajustando el corte para un textil de calidad.","og_url":"https:\/\/bouveur.com\/es\/a-proposito\/nuestra-tecnica\/","og_site_name":"BOUVEUR","article_modified_time":"2019-06-12T14:50:02+00:00","twitter_card":"summary_large_image","twitter_misc":{"Tiempo de lectura":"3 minutos"},"schema":{"@context":"https:\/\/schema.org","@graph":[{"@type":"WebPage","@id":"https:\/\/bouveur.com\/es\/a-proposito\/nuestra-tecnica\/","url":"https:\/\/bouveur.com\/es\/a-proposito\/nuestra-tecnica\/","name":"Nuestra t\u00e9cnica - BOUVEUR","isPartOf":{"@id":"https:\/\/bouveur.com\/en\/#website"},"datePublished":"2017-09-07T07:06:54+00:00","dateModified":"2019-06-12T14:50:02+00:00","description":"El tratamiento t\u00e9rmico de nuestras cuchillas planas y espirales permite una resistencia al desgaste ajustando el corte para un textil de calidad.","breadcrumb":{"@id":"https:\/\/bouveur.com\/es\/a-proposito\/nuestra-tecnica\/#breadcrumb"},"inLanguage":"es","potentialAction":[{"@type":"ReadAction","target":["https:\/\/bouveur.com\/es\/a-proposito\/nuestra-tecnica\/"]}]},{"@type":"BreadcrumbList","@id":"https:\/\/bouveur.com\/es\/a-proposito\/nuestra-tecnica\/#breadcrumb","itemListElement":[{"@type":"ListItem","position":1,"name":"Accueil","item":"https:\/\/bouveur.com\/es\/"},{"@type":"ListItem","position":2,"name":"A prop\u00f3sito","item":"https:\/\/bouveur.com\/es\/a-proposito\/"},{"@type":"ListItem","position":3,"name":"Nuestra t\u00e9cnica"}]},{"@type":"WebSite","@id":"https:\/\/bouveur.com\/en\/#website","url":"https:\/\/bouveur.com\/en\/","name":"BOUVEUR","description":"Des lames au service des plus grandes exigences","potentialAction":[{"@type":"SearchAction","target":{"@type":"EntryPoint","urlTemplate":"https:\/\/bouveur.com\/en\/?s={search_term_string}"},"query-input":{"@type":"PropertyValueSpecification","valueRequired":true,"valueName":"search_term_string"}}],"inLanguage":"es"}]}},"_links":{"self":[{"href":"https:\/\/bouveur.com\/es\/wp-json\/wp\/v2\/pages\/350","targetHints":{"allow":["GET"]}}],"collection":[{"href":"https:\/\/bouveur.com\/es\/wp-json\/wp\/v2\/pages"}],"about":[{"href":"https:\/\/bouveur.com\/es\/wp-json\/wp\/v2\/types\/page"}],"author":[{"embeddable":true,"href":"https:\/\/bouveur.com\/es\/wp-json\/wp\/v2\/users\/1"}],"replies":[{"embeddable":true,"href":"https:\/\/bouveur.com\/es\/wp-json\/wp\/v2\/comments?post=350"}],"version-history":[{"count":12,"href":"https:\/\/bouveur.com\/es\/wp-json\/wp\/v2\/pages\/350\/revisions"}],"predecessor-version":[{"id":1866,"href":"https:\/\/bouveur.com\/es\/wp-json\/wp\/v2\/pages\/350\/revisions\/1866"}],"up":[{"embeddable":true,"href":"https:\/\/bouveur.com\/es\/wp-json\/wp\/v2\/pages\/336"}],"wp:attachment":[{"href":"https:\/\/bouveur.com\/es\/wp-json\/wp\/v2\/media?parent=350"}],"curies":[{"name":"wp","href":"https:\/\/api.w.org\/{rel}","templated":true}]}}