{"id":349,"date":"2017-09-07T09:06:14","date_gmt":"2017-09-07T07:06:14","guid":{"rendered":"https:\/\/bouveur.com\/a-proposito\/telas-y-acabados\/"},"modified":"2019-06-10T16:09:37","modified_gmt":"2019-06-10T14:09:37","slug":"telas-y-acabados","status":"publish","type":"page","link":"https:\/\/bouveur.com\/es\/a-proposito\/telas-y-acabados\/","title":{"rendered":"Telas y acabados"},"content":{"rendered":"<div class=\"wpb-content-wrapper\">[mk_page_section padding_top=\u00bb100&#8243; padding_bottom=\u00bb100&#8243; sidebar=\u00bbsidebar-1&#8243;][vc_column][vc_row_inner][vc_column_inner width=\u00bb1\/2&#8243;][mk_fancy_title size=\u00bb\u00bb font_family=\u00bbnone\u00bb]La tendencia<br \/>\nes a lo hecho en Francia.[\/mk_fancy_title][vc_column_text]Parte integrante del patrimonio cultural franc\u00e9s, la moda y el textil han participado al desarrollo mundial del \u201csavoir-faire\u201d franc\u00e9s.\u00a0 Elaboradas en el nido de la\u00a0<strong>innovaci\u00f3n tecnol\u00f3gica<\/strong>, las cuchillas BOUVEUR son hereditarias de la\u00a0<strong>calidad industrial francesa<\/strong>.<\/p>\n<p>Las cuchillas BOUVEUR son as\u00ed seleccionadas por los\u00a0<strong>mayores fabricantes de telas<\/strong>\u00a0al fin de responder a las exigencias de los\u00a0<strong>l\u00edderes mundiales del lujo<\/strong>.<\/p>\n<p>Dado que las cuchillas BOUVEUR preservan la suavidad y el toque sedoso del algod\u00f3n, reforzando la flexibilidad y brillo de los colores de la lana, cortando con propiedad y precisi\u00f3n la piel verdadera o artificial, cortando las superficies con la m\u00e1s alta regularidad y precisi\u00f3n, dando al encaje un corte recto sin comparaci\u00f3n, conservando todo el brillo, elasticidad y resistencia de la seda, BOUVEUR contribuye a la\u00a0<strong>calidad y a la belleza de sus productos<\/strong>, buscados por sus clientes.[\/vc_column_text][vc_single_image image=\u00bb822&#8243; img_size=\u00bbfull\u00bb][mk_custom_box padding_vertical=\u00bb60&#8243; padding_horizental=\u00bb75&#8243; margin_bottom=\u00bb35&#8243; bg_image=\u00bbhttps:\/\/bouveur.com\/wp-content\/uploads\/2017\/09\/lame-spirale-bouveur-bg-blue.jpg\u00bb elevation_effect=\u00bbtrue\u00bb elevation_effect_distance=\u00bb13&#8243;][mk_fancy_title tag_name=\u00bbh3&#8243; color=\u00bb#ffffff\u00bb size=\u00bb24&#8243; margin_bottom=\u00bb0&#8243; font_family=\u00bbnone\u00bb]No hay ningun limite a la capacidad de cortar de nuestras cuchillas en la mayoria de tejidos textiles.[\/mk_fancy_title][\/mk_custom_box][vc_single_image image=\u00bb196&#8243; img_size=\u00bbfull\u00bb][\/vc_column_inner][vc_column_inner width=\u00bb1\/2&#8243;][vc_single_image image=\u00bb180&#8243; img_size=\u00bbfull\u00bb][vc_column_text margin_bottom=\u00bb35&#8243; el_class=\u00bbfioritures-text border-inside\u00bb css=\u00bb.vc_custom_1560175765932{margin-bottom: 35px !important;}\u00bb]<strong>Telas a cortar :<\/strong> Hilado de estambre \/ Hilado cardado, Tejido armadura algod\u00f3n, Sabana de lana, Bordado, Lace, Terciopelo, Tejidos t\u00e9cnicos muy resistentes, Polar, Polar punto circular, Alfombras Sisal \/ Coco\u2026[\/vc_column_text][vc_single_image image=\u00bb200&#8243; img_size=\u00bbfull\u00bb][vc_single_image image=\u00bb106&#8243; img_size=\u00bbfull\u00bb][\/vc_column_inner][\/vc_row_inner][\/vc_column][\/mk_page_section]\n<\/div>","protected":false},"excerpt":{"rendered":"<p>[mk_page_section padding_top=\u00bb100&#8243; padding_bottom=\u00bb100&#8243; sidebar=\u00bbsidebar-1&#8243;][vc_column][vc_row_inner][vc_column_inner width=\u00bb1\/2&#8243;][mk_fancy_title size=\u00bb\u00bb font_family=\u00bbnone\u00bb]La tendencia es a lo hecho en Francia.[\/mk_fancy_title][vc_column_text]Parte integrante del patrimonio cultural franc\u00e9s, la moda y el textil han participado al desarrollo mundial del \u201csavoir-faire\u201d franc\u00e9s.\u00a0 Elaboradas en el nido de la\u00a0innovaci\u00f3n tecnol\u00f3gica, las cuchillas BOUVEUR son hereditarias de la\u00a0calidad industrial francesa. Las cuchillas BOUVEUR son as\u00ed seleccionadas por [&hellip;]<\/p>\n","protected":false},"author":1,"featured_media":0,"parent":336,"menu_order":2,"comment_status":"closed","ping_status":"closed","template":"","meta":{"footnotes":""},"class_list":["post-349","page","type-page","status-publish","hentry"],"yoast_head":"<!-- This site is optimized with the Yoast SEO plugin v27.2 - https:\/\/yoast.com\/product\/yoast-seo-wordpress\/ -->\n<title>Telas y acabados - BOUVEUR<\/title>\n<meta name=\"description\" content=\"Las cuchillas cortadoras BOUVEUR contribuyen a la calidad y belleza de sus telas gracias a acabados meticulosos que los clientes buscan.\" \/>\n<meta name=\"robots\" content=\"index, follow, max-snippet:-1, max-image-preview:large, max-video-preview:-1\" \/>\n<link rel=\"canonical\" href=\"https:\/\/bouveur.com\/es\/a-proposito\/telas-y-acabados\/\" \/>\n<meta property=\"og:locale\" content=\"es_ES\" \/>\n<meta property=\"og:type\" content=\"article\" \/>\n<meta property=\"og:title\" content=\"Telas y acabados - BOUVEUR\" \/>\n<meta property=\"og:description\" content=\"Las cuchillas cortadoras BOUVEUR contribuyen a la calidad y belleza de sus telas gracias a acabados meticulosos que los clientes buscan.\" \/>\n<meta property=\"og:url\" content=\"https:\/\/bouveur.com\/es\/a-proposito\/telas-y-acabados\/\" \/>\n<meta property=\"og:site_name\" content=\"BOUVEUR\" \/>\n<meta property=\"article:modified_time\" content=\"2019-06-10T14:09:37+00:00\" \/>\n<meta name=\"twitter:card\" content=\"summary_large_image\" \/>\n<meta name=\"twitter:label1\" content=\"Tiempo de lectura\" \/>\n\t<meta name=\"twitter:data1\" content=\"2 minutos\" \/>\n<script type=\"application\/ld+json\" class=\"yoast-schema-graph\">{\"@context\":\"https:\/\/schema.org\",\"@graph\":[{\"@type\":\"WebPage\",\"@id\":\"https:\/\/bouveur.com\/es\/a-proposito\/telas-y-acabados\/\",\"url\":\"https:\/\/bouveur.com\/es\/a-proposito\/telas-y-acabados\/\",\"name\":\"Telas y acabados - BOUVEUR\",\"isPartOf\":{\"@id\":\"https:\/\/bouveur.com\/en\/#website\"},\"datePublished\":\"2017-09-07T07:06:14+00:00\",\"dateModified\":\"2019-06-10T14:09:37+00:00\",\"description\":\"Las cuchillas cortadoras BOUVEUR contribuyen a la calidad y belleza de sus telas gracias a acabados meticulosos que los clientes buscan.\",\"breadcrumb\":{\"@id\":\"https:\/\/bouveur.com\/es\/a-proposito\/telas-y-acabados\/#breadcrumb\"},\"inLanguage\":\"es\",\"potentialAction\":[{\"@type\":\"ReadAction\",\"target\":[\"https:\/\/bouveur.com\/es\/a-proposito\/telas-y-acabados\/\"]}]},{\"@type\":\"BreadcrumbList\",\"@id\":\"https:\/\/bouveur.com\/es\/a-proposito\/telas-y-acabados\/#breadcrumb\",\"itemListElement\":[{\"@type\":\"ListItem\",\"position\":1,\"name\":\"Accueil\",\"item\":\"https:\/\/bouveur.com\/es\/\"},{\"@type\":\"ListItem\",\"position\":2,\"name\":\"A prop\u00f3sito\",\"item\":\"https:\/\/bouveur.com\/es\/a-proposito\/\"},{\"@type\":\"ListItem\",\"position\":3,\"name\":\"Telas y acabados\"}]},{\"@type\":\"WebSite\",\"@id\":\"https:\/\/bouveur.com\/en\/#website\",\"url\":\"https:\/\/bouveur.com\/en\/\",\"name\":\"BOUVEUR\",\"description\":\"Des lames au service des plus grandes exigences\",\"potentialAction\":[{\"@type\":\"SearchAction\",\"target\":{\"@type\":\"EntryPoint\",\"urlTemplate\":\"https:\/\/bouveur.com\/en\/?s={search_term_string}\"},\"query-input\":{\"@type\":\"PropertyValueSpecification\",\"valueRequired\":true,\"valueName\":\"search_term_string\"}}],\"inLanguage\":\"es\"}]}<\/script>\n<!-- \/ Yoast SEO plugin. -->","yoast_head_json":{"title":"Telas y acabados - BOUVEUR","description":"Las cuchillas cortadoras BOUVEUR contribuyen a la calidad y belleza de sus telas gracias a acabados meticulosos que los clientes buscan.","robots":{"index":"index","follow":"follow","max-snippet":"max-snippet:-1","max-image-preview":"max-image-preview:large","max-video-preview":"max-video-preview:-1"},"canonical":"https:\/\/bouveur.com\/es\/a-proposito\/telas-y-acabados\/","og_locale":"es_ES","og_type":"article","og_title":"Telas y acabados - BOUVEUR","og_description":"Las cuchillas cortadoras BOUVEUR contribuyen a la calidad y belleza de sus telas gracias a acabados meticulosos que los clientes buscan.","og_url":"https:\/\/bouveur.com\/es\/a-proposito\/telas-y-acabados\/","og_site_name":"BOUVEUR","article_modified_time":"2019-06-10T14:09:37+00:00","twitter_card":"summary_large_image","twitter_misc":{"Tiempo de lectura":"2 minutos"},"schema":{"@context":"https:\/\/schema.org","@graph":[{"@type":"WebPage","@id":"https:\/\/bouveur.com\/es\/a-proposito\/telas-y-acabados\/","url":"https:\/\/bouveur.com\/es\/a-proposito\/telas-y-acabados\/","name":"Telas y acabados - BOUVEUR","isPartOf":{"@id":"https:\/\/bouveur.com\/en\/#website"},"datePublished":"2017-09-07T07:06:14+00:00","dateModified":"2019-06-10T14:09:37+00:00","description":"Las cuchillas cortadoras BOUVEUR contribuyen a la calidad y belleza de sus telas gracias a acabados meticulosos que los clientes buscan.","breadcrumb":{"@id":"https:\/\/bouveur.com\/es\/a-proposito\/telas-y-acabados\/#breadcrumb"},"inLanguage":"es","potentialAction":[{"@type":"ReadAction","target":["https:\/\/bouveur.com\/es\/a-proposito\/telas-y-acabados\/"]}]},{"@type":"BreadcrumbList","@id":"https:\/\/bouveur.com\/es\/a-proposito\/telas-y-acabados\/#breadcrumb","itemListElement":[{"@type":"ListItem","position":1,"name":"Accueil","item":"https:\/\/bouveur.com\/es\/"},{"@type":"ListItem","position":2,"name":"A prop\u00f3sito","item":"https:\/\/bouveur.com\/es\/a-proposito\/"},{"@type":"ListItem","position":3,"name":"Telas y acabados"}]},{"@type":"WebSite","@id":"https:\/\/bouveur.com\/en\/#website","url":"https:\/\/bouveur.com\/en\/","name":"BOUVEUR","description":"Des lames au service des plus grandes exigences","potentialAction":[{"@type":"SearchAction","target":{"@type":"EntryPoint","urlTemplate":"https:\/\/bouveur.com\/en\/?s={search_term_string}"},"query-input":{"@type":"PropertyValueSpecification","valueRequired":true,"valueName":"search_term_string"}}],"inLanguage":"es"}]}},"_links":{"self":[{"href":"https:\/\/bouveur.com\/es\/wp-json\/wp\/v2\/pages\/349","targetHints":{"allow":["GET"]}}],"collection":[{"href":"https:\/\/bouveur.com\/es\/wp-json\/wp\/v2\/pages"}],"about":[{"href":"https:\/\/bouveur.com\/es\/wp-json\/wp\/v2\/types\/page"}],"author":[{"embeddable":true,"href":"https:\/\/bouveur.com\/es\/wp-json\/wp\/v2\/users\/1"}],"replies":[{"embeddable":true,"href":"https:\/\/bouveur.com\/es\/wp-json\/wp\/v2\/comments?post=349"}],"version-history":[{"count":10,"href":"https:\/\/bouveur.com\/es\/wp-json\/wp\/v2\/pages\/349\/revisions"}],"predecessor-version":[{"id":1815,"href":"https:\/\/bouveur.com\/es\/wp-json\/wp\/v2\/pages\/349\/revisions\/1815"}],"up":[{"embeddable":true,"href":"https:\/\/bouveur.com\/es\/wp-json\/wp\/v2\/pages\/336"}],"wp:attachment":[{"href":"https:\/\/bouveur.com\/es\/wp-json\/wp\/v2\/media?parent=349"}],"curies":[{"name":"wp","href":"https:\/\/api.w.org\/{rel}","templated":true}]}}