{"id":348,"date":"2017-09-07T09:05:23","date_gmt":"2017-09-07T07:05:23","guid":{"rendered":"https:\/\/bouveur.com\/a-proposito\/empresa\/"},"modified":"2017-11-21T22:20:24","modified_gmt":"2017-11-21T21:20:24","slug":"empresa","status":"publish","type":"page","link":"https:\/\/bouveur.com\/es\/a-proposito\/empresa\/","title":{"rendered":"Nuestra empresa"},"content":{"rendered":"<div class=\"wpb-content-wrapper\">[mk_page_section padding_top=\u00bb100&#8243; padding_bottom=\u00bb100&#8243; el_class=\u00bbdark-section\u00bb sidebar=\u00bbsidebar-1&#8243;][vc_column][vc_row_inner][vc_column_inner width=\u00bb1\/3&#8243;][mk_fancy_title size=\u00bb\u00bb font_family=\u00bbnone\u00bb]Cerca de usted,<br \/>\nen el mundo entero[\/mk_fancy_title][vc_column_text]Desde 1883, BOUVEUR ha extendido su campo de acci\u00f3n en el mundo entero. \u00a1Mas de 130 a\u00f1os para adaptarse a todas las m\u00e1quinas, todos los clientes, todas las culturas!<\/p>\n<p>A lo largo de esta experiencia, BOUVEUR ha aprendido a utilizar todos los m\u00e9todos log\u00edsticos para proveer en las mejores condiciones sus cuchillas a sus clientes: aire, tierra, mar, v\u00eda ferroviaria\u2026<\/p>\n<p>Los modos de transporte son seleccionados y controlados para aportar el mejor servicio por todo lado donde se fabrica textiles de calidad.[\/vc_column_text][\/vc_column_inner][vc_column_inner width=\u00bb1\/3&#8243;][mk_milestone align=\u00bbcenter\u00bb icon_color=\u00bb\u00bb stop=\u00bb80&#8243; text=\u00bbColaboradores al servicio de sus proyectos\u00bb text_size=\u00bb\u00bb font_family=\u00bbnone\u00bb desc_size=\u00bb\u00bb el_class=\u00bbcountabox counta1&#8243;][mk_milestone align=\u00bbcenter\u00bb icon_color=\u00bb\u00bb stop=\u00bb50&#8243; text=\u00bbColaboradores al servicio de sus proyectos\u00bb text_size=\u00bb\u00bb font_family=\u00bbnone\u00bb desc_size=\u00bb\u00bb el_class=\u00bbcountabox counta2&#8243;][mk_milestone align=\u00bbcenter\u00bb icon_color=\u00bb\u00bb stop=\u00bb2000&#8243; text=\u00bbEntregas cada a\u00f1o\u00bb text_size=\u00bb\u00bb font_family=\u00bbnone\u00bb desc_size=\u00bb\u00bb el_class=\u00bbcountabox counta3&#8243;][\/vc_column_inner][vc_column_inner width=\u00bb1\/3&#8243;][mk_milestone align=\u00bbcenter\u00bb icon_color=\u00bb\u00bb stop=\u00bb70&#8243; text=\u00bbEmpleados en el mundo\u00bb text_size=\u00bb\u00bb font_family=\u00bbnone\u00bb desc_size=\u00bb\u00bb el_class=\u00bbcountabox counta4&#8243;][mk_milestone align=\u00bbcenter\u00bb icon_color=\u00bb\u00bb stop=\u00bb2500&#8243; text=\u00bbClientes nos entregan su confianza por nuestros productos y servicios\u00bb text_size=\u00bb\u00bb font_family=\u00bbnone\u00bb desc_size=\u00bb\u00bb el_class=\u00bbcountabox counta5&#8243;][\/vc_column_inner][\/vc_row_inner][\/vc_column][\/mk_page_section][mk_page_section bg_color=\u00bb#ededed\u00bb full_width=\u00bbtrue\u00bb padding_top=\u00bb75&#8243; padding_bottom=\u00bb75&#8243; sidebar=\u00bbsidebar-1&#8243;][vc_column][mk_fancy_title tag_name=\u00bbh3&#8243; size=\u00bb30&#8243; font_family=\u00bbnone\u00bb align=\u00bbcenter\u00bb]Cerca de usted, en el mundo entero[\/mk_fancy_title][vc_row_inner][vc_column_inner width=\u00bb1\/4&#8243;][vc_single_image image=\u00bb194&#8243; img_size=\u00bb143&#215;82&#8243; alignment=\u00bbcenter\u00bb][mk_fancy_title tag_name=\u00bbh6&#8243; size=\u00bb20&#8243; txt_transform=\u00bbuppercase\u00bb margin_bottom=\u00bb0&#8243; font_family=\u00bbnone\u00bb align=\u00bbcenter\u00bb]V\u00eda carretera[\/mk_fancy_title][\/vc_column_inner][vc_column_inner width=\u00bb1\/4&#8243;][vc_single_image image=\u00bb192&#8243; img_size=\u00bb143&#215;82&#8243; alignment=\u00bbcenter\u00bb][mk_fancy_title tag_name=\u00bbh6&#8243; size=\u00bb20&#8243; txt_transform=\u00bbuppercase\u00bb margin_bottom=\u00bb0&#8243; font_family=\u00bbnone\u00bb align=\u00bbcenter\u00bb]V\u00eda ferroviaria[\/mk_fancy_title][\/vc_column_inner][vc_column_inner width=\u00bb1\/4&#8243;][vc_single_image image=\u00bb190&#8243; img_size=\u00bb143&#215;82&#8243; alignment=\u00bbcenter\u00bb][mk_fancy_title tag_name=\u00bbh6&#8243; size=\u00bb20&#8243; txt_transform=\u00bbuppercase\u00bb margin_bottom=\u00bb0&#8243; font_family=\u00bbnone\u00bb align=\u00bbcenter\u00bb]V\u00eda a\u00e9rea[\/mk_fancy_title][\/vc_column_inner][vc_column_inner width=\u00bb1\/4&#8243;][vc_single_image image=\u00bb193&#8243; img_size=\u00bb143&#215;82&#8243; alignment=\u00bbcenter\u00bb][mk_fancy_title tag_name=\u00bbh6&#8243; size=\u00bb20&#8243; txt_transform=\u00bbuppercase\u00bb margin_bottom=\u00bb0&#8243; font_family=\u00bbnone\u00bb align=\u00bbcenter\u00bb]V\u00eda mar\u00edtima[\/mk_fancy_title][\/vc_column_inner][\/vc_row_inner][\/vc_column][\/mk_page_section]\n<\/div>","protected":false},"excerpt":{"rendered":"<p>[mk_page_section padding_top=\u00bb100&#8243; padding_bottom=\u00bb100&#8243; el_class=\u00bbdark-section\u00bb sidebar=\u00bbsidebar-1&#8243;][vc_column][vc_row_inner][vc_column_inner width=\u00bb1\/3&#8243;][mk_fancy_title size=\u00bb\u00bb font_family=\u00bbnone\u00bb]Cerca de usted, en el mundo entero[\/mk_fancy_title][vc_column_text]Desde 1883, BOUVEUR ha extendido su campo de acci\u00f3n en el mundo entero. \u00a1Mas de 130 a\u00f1os para adaptarse a todas las m\u00e1quinas, todos los clientes, todas las culturas! A lo largo de esta experiencia, BOUVEUR ha aprendido a utilizar todos los [&hellip;]<\/p>\n","protected":false},"author":1,"featured_media":0,"parent":336,"menu_order":3,"comment_status":"closed","ping_status":"closed","template":"","meta":{"footnotes":""},"class_list":["post-348","page","type-page","status-publish","hentry"],"yoast_head":"<!-- This site is optimized with the Yoast SEO plugin v27.2 - https:\/\/yoast.com\/product\/yoast-seo-wordpress\/ -->\n<title>Nuestra empresa - BOUVEUR<\/title>\n<meta name=\"description\" content=\"Desde 1883 BOUVEUR, por medio de su influencia mundial, ha desarrollado productos de calidad proponiendo cuchillas cortadoras textiles a sus clientes.\" \/>\n<meta name=\"robots\" content=\"index, follow, max-snippet:-1, max-image-preview:large, max-video-preview:-1\" \/>\n<link rel=\"canonical\" href=\"https:\/\/bouveur.com\/es\/a-proposito\/empresa\/\" \/>\n<meta property=\"og:locale\" content=\"es_ES\" \/>\n<meta property=\"og:type\" content=\"article\" \/>\n<meta property=\"og:title\" content=\"Nuestra empresa - BOUVEUR\" \/>\n<meta property=\"og:description\" content=\"Desde 1883 BOUVEUR, por medio de su influencia mundial, ha desarrollado productos de calidad proponiendo cuchillas cortadoras textiles a sus clientes.\" \/>\n<meta property=\"og:url\" content=\"https:\/\/bouveur.com\/es\/a-proposito\/empresa\/\" \/>\n<meta property=\"og:site_name\" content=\"BOUVEUR\" \/>\n<meta property=\"article:modified_time\" content=\"2017-11-21T21:20:24+00:00\" \/>\n<meta name=\"twitter:card\" content=\"summary_large_image\" \/>\n<meta name=\"twitter:label1\" content=\"Tiempo de lectura\" \/>\n\t<meta name=\"twitter:data1\" content=\"2 minutos\" \/>\n<script type=\"application\/ld+json\" class=\"yoast-schema-graph\">{\"@context\":\"https:\/\/schema.org\",\"@graph\":[{\"@type\":\"WebPage\",\"@id\":\"https:\/\/bouveur.com\/es\/a-proposito\/empresa\/\",\"url\":\"https:\/\/bouveur.com\/es\/a-proposito\/empresa\/\",\"name\":\"Nuestra empresa - BOUVEUR\",\"isPartOf\":{\"@id\":\"https:\/\/bouveur.com\/en\/#website\"},\"datePublished\":\"2017-09-07T07:05:23+00:00\",\"dateModified\":\"2017-11-21T21:20:24+00:00\",\"description\":\"Desde 1883 BOUVEUR, por medio de su influencia mundial, ha desarrollado productos de calidad proponiendo cuchillas cortadoras textiles a sus clientes.\",\"breadcrumb\":{\"@id\":\"https:\/\/bouveur.com\/es\/a-proposito\/empresa\/#breadcrumb\"},\"inLanguage\":\"es\",\"potentialAction\":[{\"@type\":\"ReadAction\",\"target\":[\"https:\/\/bouveur.com\/es\/a-proposito\/empresa\/\"]}]},{\"@type\":\"BreadcrumbList\",\"@id\":\"https:\/\/bouveur.com\/es\/a-proposito\/empresa\/#breadcrumb\",\"itemListElement\":[{\"@type\":\"ListItem\",\"position\":1,\"name\":\"Accueil\",\"item\":\"https:\/\/bouveur.com\/es\/\"},{\"@type\":\"ListItem\",\"position\":2,\"name\":\"A prop\u00f3sito\",\"item\":\"https:\/\/bouveur.com\/es\/a-proposito\/\"},{\"@type\":\"ListItem\",\"position\":3,\"name\":\"Nuestra empresa\"}]},{\"@type\":\"WebSite\",\"@id\":\"https:\/\/bouveur.com\/en\/#website\",\"url\":\"https:\/\/bouveur.com\/en\/\",\"name\":\"BOUVEUR\",\"description\":\"Des lames au service des plus grandes exigences\",\"potentialAction\":[{\"@type\":\"SearchAction\",\"target\":{\"@type\":\"EntryPoint\",\"urlTemplate\":\"https:\/\/bouveur.com\/en\/?s={search_term_string}\"},\"query-input\":{\"@type\":\"PropertyValueSpecification\",\"valueRequired\":true,\"valueName\":\"search_term_string\"}}],\"inLanguage\":\"es\"}]}<\/script>\n<!-- \/ Yoast SEO plugin. -->","yoast_head_json":{"title":"Nuestra empresa - BOUVEUR","description":"Desde 1883 BOUVEUR, por medio de su influencia mundial, ha desarrollado productos de calidad proponiendo cuchillas cortadoras textiles a sus clientes.","robots":{"index":"index","follow":"follow","max-snippet":"max-snippet:-1","max-image-preview":"max-image-preview:large","max-video-preview":"max-video-preview:-1"},"canonical":"https:\/\/bouveur.com\/es\/a-proposito\/empresa\/","og_locale":"es_ES","og_type":"article","og_title":"Nuestra empresa - BOUVEUR","og_description":"Desde 1883 BOUVEUR, por medio de su influencia mundial, ha desarrollado productos de calidad proponiendo cuchillas cortadoras textiles a sus clientes.","og_url":"https:\/\/bouveur.com\/es\/a-proposito\/empresa\/","og_site_name":"BOUVEUR","article_modified_time":"2017-11-21T21:20:24+00:00","twitter_card":"summary_large_image","twitter_misc":{"Tiempo de lectura":"2 minutos"},"schema":{"@context":"https:\/\/schema.org","@graph":[{"@type":"WebPage","@id":"https:\/\/bouveur.com\/es\/a-proposito\/empresa\/","url":"https:\/\/bouveur.com\/es\/a-proposito\/empresa\/","name":"Nuestra empresa - BOUVEUR","isPartOf":{"@id":"https:\/\/bouveur.com\/en\/#website"},"datePublished":"2017-09-07T07:05:23+00:00","dateModified":"2017-11-21T21:20:24+00:00","description":"Desde 1883 BOUVEUR, por medio de su influencia mundial, ha desarrollado productos de calidad proponiendo cuchillas cortadoras textiles a sus clientes.","breadcrumb":{"@id":"https:\/\/bouveur.com\/es\/a-proposito\/empresa\/#breadcrumb"},"inLanguage":"es","potentialAction":[{"@type":"ReadAction","target":["https:\/\/bouveur.com\/es\/a-proposito\/empresa\/"]}]},{"@type":"BreadcrumbList","@id":"https:\/\/bouveur.com\/es\/a-proposito\/empresa\/#breadcrumb","itemListElement":[{"@type":"ListItem","position":1,"name":"Accueil","item":"https:\/\/bouveur.com\/es\/"},{"@type":"ListItem","position":2,"name":"A prop\u00f3sito","item":"https:\/\/bouveur.com\/es\/a-proposito\/"},{"@type":"ListItem","position":3,"name":"Nuestra empresa"}]},{"@type":"WebSite","@id":"https:\/\/bouveur.com\/en\/#website","url":"https:\/\/bouveur.com\/en\/","name":"BOUVEUR","description":"Des lames au service des plus grandes exigences","potentialAction":[{"@type":"SearchAction","target":{"@type":"EntryPoint","urlTemplate":"https:\/\/bouveur.com\/en\/?s={search_term_string}"},"query-input":{"@type":"PropertyValueSpecification","valueRequired":true,"valueName":"search_term_string"}}],"inLanguage":"es"}]}},"_links":{"self":[{"href":"https:\/\/bouveur.com\/es\/wp-json\/wp\/v2\/pages\/348","targetHints":{"allow":["GET"]}}],"collection":[{"href":"https:\/\/bouveur.com\/es\/wp-json\/wp\/v2\/pages"}],"about":[{"href":"https:\/\/bouveur.com\/es\/wp-json\/wp\/v2\/types\/page"}],"author":[{"embeddable":true,"href":"https:\/\/bouveur.com\/es\/wp-json\/wp\/v2\/users\/1"}],"replies":[{"embeddable":true,"href":"https:\/\/bouveur.com\/es\/wp-json\/wp\/v2\/comments?post=348"}],"version-history":[{"count":16,"href":"https:\/\/bouveur.com\/es\/wp-json\/wp\/v2\/pages\/348\/revisions"}],"predecessor-version":[{"id":1514,"href":"https:\/\/bouveur.com\/es\/wp-json\/wp\/v2\/pages\/348\/revisions\/1514"}],"up":[{"embeddable":true,"href":"https:\/\/bouveur.com\/es\/wp-json\/wp\/v2\/pages\/336"}],"wp:attachment":[{"href":"https:\/\/bouveur.com\/es\/wp-json\/wp\/v2\/media?parent=348"}],"curies":[{"name":"wp","href":"https:\/\/api.w.org\/{rel}","templated":true}]}}