{"id":346,"date":"2017-09-07T08:59:48","date_gmt":"2017-09-07T06:59:48","guid":{"rendered":"https:\/\/bouveur.com\/a-proposito\/historia\/"},"modified":"2019-06-10T16:38:32","modified_gmt":"2019-06-10T14:38:32","slug":"nuestra-historia","status":"publish","type":"page","link":"https:\/\/bouveur.com\/es\/a-proposito\/nuestra-historia\/","title":{"rendered":"Nuestra Historia"},"content":{"rendered":"<div class=\"wpb-content-wrapper\">[mk_page_section padding_top=\u00bb100&#8243; margin_bottom=\u00bb50&#8243; sidebar=\u00bbsidebar-1&#8243;][vc_column][vc_row_inner css=\u00bb.vc_custom_1502185741481{margin-bottom: 100px !important;}\u00bb][vc_column_inner width=\u00bb1\/2&#8243;][mk_fancy_title size=\u00bb\u00bb font_family=\u00bbnone\u00bb]Cuna de la industria francesa desde 1883[\/mk_fancy_title][vc_column_text css=\u00bb.vc_custom_1560177329525{margin-bottom: 0px !important;}\u00bb]Desde su creaci\u00f3n en 1883,\u00a0<strong>BOUVEUR es la referencia de cuchillas de tundidoras textiles.<\/strong> Su historia comienza en el norte de Francia, en Hazebrouck. Su fundador, Hector BOUVEUR, crea su primer taller, donde repara las primeras m\u00e1quinas, telares y tundidoras mec\u00e1nicas de la floreciente industria textil, <strong>s\u00edmbolo hist\u00f3rico de la gran industria francesa.<\/strong>[\/vc_column_text][\/vc_column_inner][vc_column_inner width=\u00bb1\/2&#8243;][vc_single_image image=\u00bb232&#8243; img_size=\u00bbfull\u00bb alignment=\u00bbcenter\u00bb css_animation=\u00bbfadeIn\u00bb][\/vc_column_inner][\/vc_row_inner][vc_row_inner css=\u00bb.vc_custom_1502185914262{margin-bottom: 100px !important;}\u00bb][vc_column_inner width=\u00bb1\/2&#8243;][vc_single_image image=\u00bb233&#8243; img_size=\u00bbfull\u00bb alignment=\u00bbcenter\u00bb css_animation=\u00bbfadeIn\u00bb][\/vc_column_inner][vc_column_inner width=\u00bb1\/2&#8243;][vc_column_text css=\u00bb.vc_custom_1560177432240{margin-bottom: 0px !important;}\u00bb]La inauguraci\u00f3n de la nueva f\u00e1brica BOUVEUR en Lille en 1920 y luego en P\u00e9renchies en 1989 marcaron el inicio de <strong>una aventura t\u00e9cnica y tecnol\u00f3gica especializada.<\/strong> As\u00ed, la empresa utiliza m\u00e1quinas e instrumentos de punta y la conformaci\u00f3n de las cuchillas para tundidoras textiles reposa sobre <strong>un \u201csavoir-faire\u201d tradicional excepcional<\/strong>\u00a0que solamente BOUVEUR posee.<\/p>\n<p>Hoy en d\u00eda, con una importante presencia internacional, BOUVEUR ha desarrollado la propuesta de una completa gama de productos concebidos de <strong>alta calidad con <\/strong><strong>excelencia.<\/strong>[\/vc_column_text][\/vc_column_inner][\/vc_row_inner][vc_row_inner el_class=\u00bbfioritures-row\u00bb][vc_column_inner][vc_column_text el_class=\u00bbfioritures-text\u00bb css=\u00bb.vc_custom_1560177459046{margin-bottom: 0px !important;}\u00bb]Hace casi un siglo y medio, al origen de la sociedad, la actividad de H\u00e9ctor BOUVEUR era la reparaci\u00f3n de m\u00e1quinas industriales, luego la empresa construy\u00f3 sus propias tundidoras hasta los a\u00f1os 1930.[\/vc_column_text][\/vc_column_inner][\/vc_row_inner][\/vc_column][\/mk_page_section]\n<\/div>","protected":false},"excerpt":{"rendered":"<p>[mk_page_section padding_top=\u00bb100&#8243; margin_bottom=\u00bb50&#8243; sidebar=\u00bbsidebar-1&#8243;][vc_column][vc_row_inner css=\u00bb.vc_custom_1502185741481{margin-bottom: 100px !important;}\u00bb][vc_column_inner width=\u00bb1\/2&#8243;][mk_fancy_title size=\u00bb\u00bb font_family=\u00bbnone\u00bb]Cuna de la industria francesa desde 1883[\/mk_fancy_title][vc_column_text css=\u00bb.vc_custom_1560177329525{margin-bottom: 0px !important;}\u00bb]Desde su creaci\u00f3n en 1883,\u00a0BOUVEUR es la referencia de cuchillas de tundidoras textiles. Su historia comienza en el norte de Francia, en Hazebrouck. Su fundador, Hector BOUVEUR, crea su primer taller, donde repara las primeras m\u00e1quinas, telares [&hellip;]<\/p>\n","protected":false},"author":1,"featured_media":0,"parent":336,"menu_order":1,"comment_status":"closed","ping_status":"closed","template":"","meta":{"footnotes":""},"class_list":["post-346","page","type-page","status-publish","hentry"],"yoast_head":"<!-- This site is optimized with the Yoast SEO plugin v27.6 - https:\/\/yoast.com\/product\/yoast-seo-wordpress\/ -->\n<title>Nuestra Historia - BOUVEUR<\/title>\n<meta name=\"description\" content=\"En 1883, empeza la historia de BOUVEUR, empresa que deviene en la referencia de las cuchillas tundosas espirales y planas para textiles.\" \/>\n<meta name=\"robots\" content=\"index, follow, max-snippet:-1, max-image-preview:large, max-video-preview:-1\" \/>\n<link rel=\"canonical\" href=\"https:\/\/bouveur.com\/es\/a-proposito\/nuestra-historia\/\" \/>\n<meta property=\"og:locale\" content=\"es_ES\" \/>\n<meta property=\"og:type\" content=\"article\" \/>\n<meta property=\"og:title\" content=\"Nuestra Historia - BOUVEUR\" \/>\n<meta property=\"og:description\" content=\"En 1883, empeza la historia de BOUVEUR, empresa que deviene en la referencia de las cuchillas tundosas espirales y planas para textiles.\" \/>\n<meta property=\"og:url\" content=\"https:\/\/bouveur.com\/es\/a-proposito\/nuestra-historia\/\" \/>\n<meta property=\"og:site_name\" content=\"BOUVEUR\" \/>\n<meta property=\"article:modified_time\" content=\"2019-06-10T14:38:32+00:00\" \/>\n<meta name=\"twitter:card\" content=\"summary_large_image\" \/>\n<meta name=\"twitter:label1\" content=\"Tiempo de lectura\" \/>\n\t<meta name=\"twitter:data1\" content=\"2 minutos\" \/>\n<script type=\"application\/ld+json\" class=\"yoast-schema-graph\">{\"@context\":\"https:\\\/\\\/schema.org\",\"@graph\":[{\"@type\":\"WebPage\",\"@id\":\"https:\\\/\\\/bouveur.com\\\/es\\\/a-proposito\\\/nuestra-historia\\\/\",\"url\":\"https:\\\/\\\/bouveur.com\\\/es\\\/a-proposito\\\/nuestra-historia\\\/\",\"name\":\"Nuestra Historia - BOUVEUR\",\"isPartOf\":{\"@id\":\"https:\\\/\\\/bouveur.com\\\/en\\\/#website\"},\"datePublished\":\"2017-09-07T06:59:48+00:00\",\"dateModified\":\"2019-06-10T14:38:32+00:00\",\"description\":\"En 1883, empeza la historia de BOUVEUR, empresa que deviene en la referencia de las cuchillas tundosas espirales y planas para textiles.\",\"breadcrumb\":{\"@id\":\"https:\\\/\\\/bouveur.com\\\/es\\\/a-proposito\\\/nuestra-historia\\\/#breadcrumb\"},\"inLanguage\":\"es\",\"potentialAction\":[{\"@type\":\"ReadAction\",\"target\":[\"https:\\\/\\\/bouveur.com\\\/es\\\/a-proposito\\\/nuestra-historia\\\/\"]}]},{\"@type\":\"BreadcrumbList\",\"@id\":\"https:\\\/\\\/bouveur.com\\\/es\\\/a-proposito\\\/nuestra-historia\\\/#breadcrumb\",\"itemListElement\":[{\"@type\":\"ListItem\",\"position\":1,\"name\":\"Accueil\",\"item\":\"https:\\\/\\\/bouveur.com\\\/es\\\/\"},{\"@type\":\"ListItem\",\"position\":2,\"name\":\"A prop\u00f3sito\",\"item\":\"https:\\\/\\\/bouveur.com\\\/es\\\/a-proposito\\\/\"},{\"@type\":\"ListItem\",\"position\":3,\"name\":\"Nuestra Historia\"}]},{\"@type\":\"WebSite\",\"@id\":\"https:\\\/\\\/bouveur.com\\\/en\\\/#website\",\"url\":\"https:\\\/\\\/bouveur.com\\\/en\\\/\",\"name\":\"BOUVEUR\",\"description\":\"Des lames au service des plus grandes exigences\",\"potentialAction\":[{\"@type\":\"SearchAction\",\"target\":{\"@type\":\"EntryPoint\",\"urlTemplate\":\"https:\\\/\\\/bouveur.com\\\/en\\\/?s={search_term_string}\"},\"query-input\":{\"@type\":\"PropertyValueSpecification\",\"valueRequired\":true,\"valueName\":\"search_term_string\"}}],\"inLanguage\":\"es\"}]}<\/script>\n<!-- \/ Yoast SEO plugin. -->","yoast_head_json":{"title":"Nuestra Historia - BOUVEUR","description":"En 1883, empeza la historia de BOUVEUR, empresa que deviene en la referencia de las cuchillas tundosas espirales y planas para textiles.","robots":{"index":"index","follow":"follow","max-snippet":"max-snippet:-1","max-image-preview":"max-image-preview:large","max-video-preview":"max-video-preview:-1"},"canonical":"https:\/\/bouveur.com\/es\/a-proposito\/nuestra-historia\/","og_locale":"es_ES","og_type":"article","og_title":"Nuestra Historia - BOUVEUR","og_description":"En 1883, empeza la historia de BOUVEUR, empresa que deviene en la referencia de las cuchillas tundosas espirales y planas para textiles.","og_url":"https:\/\/bouveur.com\/es\/a-proposito\/nuestra-historia\/","og_site_name":"BOUVEUR","article_modified_time":"2019-06-10T14:38:32+00:00","twitter_card":"summary_large_image","twitter_misc":{"Tiempo de lectura":"2 minutos"},"schema":{"@context":"https:\/\/schema.org","@graph":[{"@type":"WebPage","@id":"https:\/\/bouveur.com\/es\/a-proposito\/nuestra-historia\/","url":"https:\/\/bouveur.com\/es\/a-proposito\/nuestra-historia\/","name":"Nuestra Historia - BOUVEUR","isPartOf":{"@id":"https:\/\/bouveur.com\/en\/#website"},"datePublished":"2017-09-07T06:59:48+00:00","dateModified":"2019-06-10T14:38:32+00:00","description":"En 1883, empeza la historia de BOUVEUR, empresa que deviene en la referencia de las cuchillas tundosas espirales y planas para textiles.","breadcrumb":{"@id":"https:\/\/bouveur.com\/es\/a-proposito\/nuestra-historia\/#breadcrumb"},"inLanguage":"es","potentialAction":[{"@type":"ReadAction","target":["https:\/\/bouveur.com\/es\/a-proposito\/nuestra-historia\/"]}]},{"@type":"BreadcrumbList","@id":"https:\/\/bouveur.com\/es\/a-proposito\/nuestra-historia\/#breadcrumb","itemListElement":[{"@type":"ListItem","position":1,"name":"Accueil","item":"https:\/\/bouveur.com\/es\/"},{"@type":"ListItem","position":2,"name":"A prop\u00f3sito","item":"https:\/\/bouveur.com\/es\/a-proposito\/"},{"@type":"ListItem","position":3,"name":"Nuestra Historia"}]},{"@type":"WebSite","@id":"https:\/\/bouveur.com\/en\/#website","url":"https:\/\/bouveur.com\/en\/","name":"BOUVEUR","description":"Des lames au service des plus grandes exigences","potentialAction":[{"@type":"SearchAction","target":{"@type":"EntryPoint","urlTemplate":"https:\/\/bouveur.com\/en\/?s={search_term_string}"},"query-input":{"@type":"PropertyValueSpecification","valueRequired":true,"valueName":"search_term_string"}}],"inLanguage":"es"}]}},"_links":{"self":[{"href":"https:\/\/bouveur.com\/es\/wp-json\/wp\/v2\/pages\/346","targetHints":{"allow":["GET"]}}],"collection":[{"href":"https:\/\/bouveur.com\/es\/wp-json\/wp\/v2\/pages"}],"about":[{"href":"https:\/\/bouveur.com\/es\/wp-json\/wp\/v2\/types\/page"}],"author":[{"embeddable":true,"href":"https:\/\/bouveur.com\/es\/wp-json\/wp\/v2\/users\/1"}],"replies":[{"embeddable":true,"href":"https:\/\/bouveur.com\/es\/wp-json\/wp\/v2\/comments?post=346"}],"version-history":[{"count":11,"href":"https:\/\/bouveur.com\/es\/wp-json\/wp\/v2\/pages\/346\/revisions"}],"predecessor-version":[{"id":1819,"href":"https:\/\/bouveur.com\/es\/wp-json\/wp\/v2\/pages\/346\/revisions\/1819"}],"up":[{"embeddable":true,"href":"https:\/\/bouveur.com\/es\/wp-json\/wp\/v2\/pages\/336"}],"wp:attachment":[{"href":"https:\/\/bouveur.com\/es\/wp-json\/wp\/v2\/media?parent=346"}],"curies":[{"name":"wp","href":"https:\/\/api.w.org\/{rel}","templated":true}]}}