{"id":343,"date":"2017-09-06T19:07:33","date_gmt":"2017-09-06T17:07:33","guid":{"rendered":"https:\/\/bouveur.com\/cuchillas-tundidoras\/consumibles\/"},"modified":"2019-07-04T14:15:32","modified_gmt":"2019-07-04T12:15:32","slug":"consumibles","status":"publish","type":"page","link":"https:\/\/bouveur.com\/es\/cuchillas-tundidoras\/consumibles\/","title":{"rendered":"Accesorios"},"content":{"rendered":"<div class=\"wpb-content-wrapper\">[mk_page_section padding_top=\u00bb100&#8243; padding_bottom=\u00bb75&#8243; sidebar=\u00bbsidebar-1&#8243;][vc_column][mk_fancy_title size=\u00bb\u00bb txt_transform=\u00bbuppercase\u00bb font_family=\u00bbnone\u00bb]LOS ACCESORIOS[\/mk_fancy_title][vc_column_text css=\u00bb.vc_custom_1562242073603{margin-bottom: 0px !important;}\u00bb]<strong>Dado que incluso el mejor de los aceros no es eterno, una cuchilla BOUVEUR est\u00e1 simpre presente con accesorios de afilado y arreglaje.<\/strong><\/p>\n<p>BOUVEUR le propone una amplia gama de piedras de afilado con sus estuches para conservar el corte de las cuchillas planas BOUVEUR. Acompa\u00f1adas de un cuadrado de ajuste para colocar el cilindro en posici\u00f3n afilado o en posici\u00f3n corte con gran precisi\u00f3n, de una rectificadora port\u00e1til con \u00e1ngulo variable para una rectificaci\u00f3n perfecta, los accesorios BOUVEUR han sido concebidos para dar el mejor mantenimiento a sus cuchillas.<\/p>\n<p><strong>Una cantidad de servicios que har\u00e1n durar sus cuchillas BOUVEUR a\u00fan por m\u00e1s tiempo.<\/strong>[\/vc_column_text][\/vc_column][\/mk_page_section][mk_page_section padding_bottom=\u00bb75&#8243; sidebar=\u00bbsidebar-1&#8243;][vc_column width=\u00bb1\/2&#8243;][mk_content_box heading=\u00bbRectificadores port\u00e1tiles a \u00e1ngulo variable de afilado de cuchillas planas\u00bb][vc_single_image image=\u00bb201&#8243; img_size=\u00bbfull\u00bb][mk_fancy_title tag_name=\u00bbh4&#8243; size=\u00bb\u00bb margin_bottom=\u00bb0&#8243; font_family=\u00bbnone\u00bb]Rectificadores port\u00e1tiles[\/mk_fancy_title][vc_column_text css=\u00bb.vc_custom_1560181070628{margin-bottom: 0px !important;}\u00bb]Motor el\u00e9ctrico de velocidad variable o neum\u00e1tico<br \/>\nAngulo variable para todos los chaflanes de las cuchillas planas<br \/>\nPara rectificar la cuchilla plana y tomar el espesor en el extremo antes del afilado[\/vc_column_text][mk_button dimension=\u00bbsavvy\u00bb size=\u00bbmedium\u00bb url=\u00bbhttps:\/\/bouveur.com\/es\/contacto\/\u00bb]Pedir[\/mk_button][\/mk_content_box][mk_content_box heading=\u00bbRectificadores port\u00e1tiles a \u00e1ngulo variable de afilado de cuchillas planas\u00bb][vc_single_image image=\u00bb1888&#8243; img_size=\u00bbfull\u00bb][mk_fancy_title tag_name=\u00bbh4&#8243; size=\u00bb\u00bb margin_bottom=\u00bb0&#8243; font_family=\u00bbnone\u00bb]Instrumentos de medidas[\/mk_fancy_title][vc_column_text css=\u00bb.vc_custom_1562242180070{margin-bottom: 0px !important;}\u00bb]Calibrador para medir el di\u00e1metro del cilindro<br \/>\nRegla de acero para medir la altura de las cuchillas espirales[\/vc_column_text][mk_button dimension=\u00bbsavvy\u00bb size=\u00bbmedium\u00bb url=\u00bbhttps:\/\/bouveur.com\/es\/contacto\/\u00bb]Pedir[\/mk_button][\/mk_content_box][mk_content_box heading=\u00bbSoporte de centrado para el establecimiento de la posici\u00f3n de marcha\u00bb][vc_single_image image=\u00bb112&#8243; img_size=\u00bbfull\u00bb][mk_fancy_title tag_name=\u00bbh4&#8243; size=\u00bb\u00bb margin_bottom=\u00bb0&#8243; font_family=\u00bbnone\u00bb]Cuadrado de ajuste[\/mk_fancy_title][vc_column_text css=\u00bb.vc_custom_1560181594512{margin-bottom: 0px !important;}\u00bb]Ajuste del cilindro en posici\u00f3n de afilado \/ corte<br \/>\n&#8211; Modelo peque\u00f1o : cilindros de \u00d8 90 mm a 160 mm<br \/>\n&#8211; Modelo grande : cilindros de \u00d8 165 mm a 500 mm[\/vc_column_text][mk_button dimension=\u00bbsavvy\u00bb size=\u00bbmedium\u00bb url=\u00bbhttps:\/\/bouveur.com\/es\/contacto\/\u00bb]Pedir[\/mk_button][\/mk_content_box][mk_content_box heading=\u00bbPiedras de afilar\u00bb][vc_single_image image=\u00bb1894&#8243; img_size=\u00bbfull\u00bb][mk_fancy_title tag_name=\u00bbh4&#8243; size=\u00bb\u00bb margin_bottom=\u00bb0&#8243; font_family=\u00bbnone\u00bb]Piedras diamantadas de afilar[\/mk_fancy_title][vc_column_text css=\u00bb.vc_custom_1560181513443{margin-bottom: 0px !important;}\u00bb]Negro : Grano grande &#8211; rugoso<br \/>\nAzul : Grano medio &#8211; mezclado<br \/>\nRojo : Grano fino &#8211; acabado<br \/>\nUso seco, se limpia con agua, permanece plana con uso[\/vc_column_text][mk_button dimension=\u00bbsavvy\u00bb size=\u00bbmedium\u00bb url=\u00bbhttps:\/\/bouveur.com\/es\/contacto\/\u00bb]Pedir[\/mk_button][\/mk_content_box][mk_content_box heading=\u00bbFieltros lubricantes para cilindros\u00bb][vc_single_image image=\u00bb116&#8243; img_size=\u00bbfull\u00bb][mk_fancy_title tag_name=\u00bbh4&#8243; size=\u00bb\u00bb margin_bottom=\u00bb0&#8243; font_family=\u00bbnone\u00bb]Fieltros lubricantes[\/mk_fancy_title][vc_column_text css=\u00bb.vc_custom_1560181674163{margin-bottom: 0px !important;}\u00bb]Dimensi\u00f3n a medida<br \/>\nDensidad especial para almacenar el aceite y distribuirlo en las espirales<br \/>\nEspecialmente dise\u00f1ado para la lubricaci\u00f3n del corte[\/vc_column_text][mk_button dimension=\u00bbsavvy\u00bb size=\u00bbmedium\u00bb url=\u00bbhttps:\/\/bouveur.com\/es\/contacto\/\u00bb]Pedir[\/mk_button][\/mk_content_box][mk_content_box heading=\u00bbPolvos para pulido\u00bb][vc_single_image image=\u00bb198&#8243; img_size=\u00bbfull\u00bb][mk_fancy_title tag_name=\u00bbh4&#8243; size=\u00bb\u00bb margin_bottom=\u00bb0&#8243; font_family=\u00bbnone\u00bb]Polvos de afilado[\/mk_fancy_title][vc_column_text css=\u00bb.vc_custom_1560181755731{margin-bottom: 0px !important;}\u00bb]Polvo de afilado r\u00e1pido &#8211; Grano N\u00b0 280<br \/>\nPolvo de afilado mixto &#8211; Grano N\u00b0 320<br \/>\nPolvo de afilado finici\u00f3n &#8211; Grano N\u00b0 500[\/vc_column_text][mk_button dimension=\u00bbsavvy\u00bb size=\u00bbmedium\u00bb url=\u00bbhttps:\/\/bouveur.com\/es\/contacto\/\u00bb margin_right=\u00bb0&#8243;]Pedir[\/mk_button][\/mk_content_box][\/vc_column][vc_column width=\u00bb1\/2&#8243;][mk_content_box heading=\u00bbPiedras de afilar\u00bb][vc_single_image image=\u00bb1891&#8243; img_size=\u00bbfull\u00bb][mk_fancy_title tag_name=\u00bbh4&#8243; size=\u00bb\u00bb margin_bottom=\u00bb0&#8243; font_family=\u00bbnone\u00bb]Muelas especificas[\/mk_fancy_title][vc_column_text css=\u00bb.vc_custom_1560181101605{margin-bottom: 0px !important;}\u00bb]Para equipar las rectificadoras port\u00e1tiles<br \/>\nMuelas especificas con \/ sin eje para la rectificaci\u00f3n<br \/>\nMuela diamantada para un acabado especial glaseado[\/vc_column_text][mk_button dimension=\u00bbsavvy\u00bb size=\u00bbmedium\u00bb url=\u00bbhttps:\/\/bouveur.com\/es\/contacto\/\u00bb]Pedir[\/mk_button][\/mk_content_box][mk_content_box heading=\u00bbPiedras de afilar\u00bb][vc_single_image image=\u00bb1882&#8243; img_size=\u00bbfull\u00bb][mk_fancy_title tag_name=\u00bbh4&#8243; size=\u00bb\u00bb margin_bottom=\u00bb0&#8243; font_family=\u00bbnone\u00bb]Instrumentos para el afilado[\/mk_fancy_title][vc_column_text css=\u00bb.vc_custom_1562242217960{margin-bottom: 0px !important;}\u00bb]Calibre de profundidad para medir el arreglaje de la cuchilla plana<br \/>\nMicr\u00f3metro para medir el espesor en el extremo de la cuchilla plana<br \/>\nJuego de galgas para medir el ajuste del cilindro y la cuchilla plana[\/vc_column_text][mk_button dimension=\u00bbsavvy\u00bb size=\u00bbmedium\u00bb url=\u00bbhttps:\/\/bouveur.com\/es\/contacto\/\u00bb]Pedir[\/mk_button][\/mk_content_box][mk_content_box heading=\u00bbMaleta de transporte para el afilado de cuchillas planas\u00bb][vc_single_image image=\u00bb181&#8243; img_size=\u00bbfull\u00bb][mk_fancy_title tag_name=\u00bbh4&#8243; size=\u00bb\u00bb margin_bottom=\u00bb0&#8243; font_family=\u00bbnone\u00bb]Malet\u00edn completo[\/mk_fancy_title][vc_column_text css=\u00bb.vc_custom_1560181882666{margin-bottom: 0px !important;}\u00bb]1 rectificadora port\u00e1til el\u00e9ctrica \/ neum\u00e1tica<br \/>\n1 muela especifica con eje + 2 muelas especificas sin eje<br \/>\n1 cuadrado de ajuste + 1 micr\u00f3metro + 1 juego de galgas + 1 regla de acero<br \/>\n1 estuche de piedras + 1 piedra diamantada<\/p>\n[\/vc_column_text][mk_button dimension=\u00bbsavvy\u00bb size=\u00bbmedium\u00bb url=\u00bbhttps:\/\/bouveur.com\/es\/contacto\/\u00bb]Pedir[\/mk_button][\/mk_content_box][mk_content_box heading=\u00bbEstuche de piedras de afilado de cuchillas planas\u00bb][vc_single_image image=\u00bb197&#8243; img_size=\u00bbfull\u00bb][mk_fancy_title tag_name=\u00bbh4&#8243; size=\u00bb\u00bb margin_bottom=\u00bb0&#8243; font_family=\u00bbnone\u00bb]Estuche de piedras[\/mk_fancy_title][vc_column_text css=\u00bb.vc_custom_1560181455786{margin-bottom: 0px !important;}\u00bb]Angulo variable para todos los chaflanes de las cuchillas planas<br \/>\nReavive el corte de las cuchillas planas en una mano<br \/>\nF\u00e1cil y r\u00e1pido[\/vc_column_text][mk_button dimension=\u00bbsavvy\u00bb size=\u00bbmedium\u00bb url=\u00bbhttps:\/\/bouveur.com\/es\/contacto\/\u00bb]Pedir[\/mk_button][\/mk_content_box][mk_content_box heading=\u00bbFieltros lubricantes para cilindros\u00bb][vc_single_image image=\u00bb1731&#8243; img_size=\u00bbfull\u00bb][mk_fancy_title tag_name=\u00bbh4&#8243; size=\u00bb\u00bb margin_bottom=\u00bb0&#8243; font_family=\u00bbnone\u00bb]Aceite de lubrification &#8211; FELTILUB &#8211; 20 L[\/mk_fancy_title][vc_column_text css=\u00bb.vc_custom_1560181710215{margin-bottom: 0px !important;}\u00bb]Aceite especial para lubricar las cuchillas espirales<br \/>\nAnti-manchas<br \/>\nEvita el calentamiento de las cuchillas espirales con la cuchilla plana<br \/>\nAumenta la vida \u00fatil de las cuchillas de tundidoras[\/vc_column_text][mk_button dimension=\u00bbsavvy\u00bb size=\u00bbmedium\u00bb url=\u00bbhttps:\/\/bouveur.com\/es\/contacto\/\u00bb]Pedir[\/mk_button][\/mk_content_box][mk_content_box heading=\u00bbFieltros lubricantes para cilindros\u00bb][vc_single_image image=\u00bb1727&#8243; img_size=\u00bbfull\u00bb][mk_fancy_title tag_name=\u00bbh4&#8243; size=\u00bb\u00bb margin_bottom=\u00bb0&#8243; font_family=\u00bbnone\u00bb]Aceite de afilado &#8211; RODINE SP &#8211; 20 L[\/mk_fancy_title][vc_column_text css=\u00bb.vc_custom_1560181778573{margin-bottom: 0px !important;}\u00bb]Aceite especial para las operaciones de afilado<br \/>\nPerfecta emulsi\u00f3n con el polvo de afilado[\/vc_column_text][mk_button dimension=\u00bbsavvy\u00bb size=\u00bbmedium\u00bb url=\u00bbhttps:\/\/bouveur.com\/es\/contacto\/\u00bb]Pedir[\/mk_button][\/mk_content_box][\/vc_column][\/mk_page_section][mk_page_section bg_color=\u00bb#ededed\u00bb padding_top=\u00bb75&#8243; padding_bottom=\u00bb75&#8243; sidebar=\u00bbsidebar-1&#8243;][vc_column][mk_ornamental_title font_family=\u00bbnone\u00bb font_size=\u00bb35&#8243; ornament_style=\u00bbnorman-single\u00bb ornament_color=\u00bb#222944&#8243;]Los otros productos BOUVEUR[\/mk_ornamental_title][vc_row_inner][vc_column_inner width=\u00bb1\/3&#8243;][vc_single_image image=\u00bb241&#8243; img_size=\u00bbfull\u00bb onclick=\u00bbcustom_link\u00bb link=\u00bbhttps:\/\/bouveur.com\/lames-tondeuses\/lames-spirales\/\u00bb][mk_button dimension=\u00bbtwo\u00bb size=\u00bbmedium\u00bb url=\u00bbhttps:\/\/bouveur.com\/es\/cuchillas-tundidoras\/cuchillas-espirales\/\u00bb fullwidth=\u00bbtrue\u00bb]CUCHILLAS ESPIRALES[\/mk_button][\/vc_column_inner][vc_column_inner width=\u00bb1\/3&#8243;][vc_single_image image=\u00bb240&#8243; img_size=\u00bbfull\u00bb onclick=\u00bbcustom_link\u00bb link=\u00bbhttps:\/\/bouveur.com\/lames-tondeuses\/lames-plates\/\u00bb][mk_button dimension=\u00bbtwo\u00bb size=\u00bbmedium\u00bb url=\u00bbhttps:\/\/bouveur.com\/es\/cuchillas-tundidoras\/cuchillas-planas\/\u00bb fullwidth=\u00bbtrue\u00bb]CUCHILLAS PLANAS[\/mk_button][\/vc_column_inner][vc_column_inner width=\u00bb1\/3&#8243;][vc_single_image image=\u00bb239&#8243; img_size=\u00bbfull\u00bb onclick=\u00bbcustom_link\u00bb link=\u00bbhttps:\/\/bouveur.com\/lames-tondeuses\/cylindres-tondeurs\/\u00bb][mk_button dimension=\u00bbtwo\u00bb size=\u00bbmedium\u00bb url=\u00bbhttps:\/\/bouveur.com\/es\/cuchillas-tundidoras\/cilindros-tundidores\/\u00bb fullwidth=\u00bbtrue\u00bb]CILINDROS TUNDIDORES[\/mk_button][\/vc_column_inner][\/vc_row_inner][\/vc_column][\/mk_page_section][vc_row disable_element=\u00bbyes\u00bb][vc_column][mk_content_box heading=\u00bbHerramientas de molienda para cilindros\u00bb][vc_single_image image=\u00bb182&#8243; img_size=\u00bbfull\u00bb][mk_fancy_title tag_name=\u00bbh4&#8243; size=\u00bb\u00bb margin_bottom=\u00bb0&#8243; font_family=\u00bbnone\u00bb]Herramientas de molienda para cilindros[\/mk_fancy_title][vc_column_text]Integrando los diferentes niveles de tecnolog\u00eda de abrasivos de calidad, para el afilado de cuchillas espirales. Dos tipos, enchufe y planas.[\/vc_column_text][mk_button dimension=\u00bbsavvy\u00bb size=\u00bbmedium\u00bb url=\u00bbhttps:\/\/bouveur.com\/contact\/\u00bb]Pedir[\/mk_button][\/mk_content_box][\/vc_column][\/vc_row]\n<\/div>","protected":false},"excerpt":{"rendered":"<p>[mk_page_section padding_top=\u00bb100&#8243; padding_bottom=\u00bb75&#8243; sidebar=\u00bbsidebar-1&#8243;][vc_column][mk_fancy_title size=\u00bb\u00bb txt_transform=\u00bbuppercase\u00bb font_family=\u00bbnone\u00bb]LOS ACCESORIOS[\/mk_fancy_title][vc_column_text css=\u00bb.vc_custom_1562242073603{margin-bottom: 0px !important;}\u00bb]Dado que incluso el mejor de los aceros no es eterno, una cuchilla BOUVEUR est\u00e1 simpre presente con accesorios de afilado y arreglaje. BOUVEUR le propone una amplia gama de piedras de afilado con sus estuches para conservar el corte de las cuchillas planas BOUVEUR. [&hellip;]<\/p>\n","protected":false},"author":1,"featured_media":0,"parent":337,"menu_order":4,"comment_status":"closed","ping_status":"closed","template":"","meta":{"footnotes":""},"class_list":["post-343","page","type-page","status-publish","hentry"],"yoast_head":"<!-- This site is optimized with the Yoast SEO plugin v27.4 - https:\/\/yoast.com\/product\/yoast-seo-wordpress\/ -->\n<title>Accesorios - BOUVEUR<\/title>\n<meta name=\"description\" content=\"BOUVEUR garantiza el mantenimiento y la longevidad de las cuchillas cortadoras gracias a los consumibles de ajuste, afilado y rectificaci\u00f3n.\" \/>\n<meta name=\"robots\" content=\"index, follow, max-snippet:-1, max-image-preview:large, max-video-preview:-1\" \/>\n<link rel=\"canonical\" href=\"https:\/\/bouveur.com\/es\/cuchillas-tundidoras\/consumibles\/\" \/>\n<meta property=\"og:locale\" content=\"es_ES\" \/>\n<meta property=\"og:type\" content=\"article\" \/>\n<meta property=\"og:title\" content=\"Accesorios - BOUVEUR\" \/>\n<meta property=\"og:description\" content=\"BOUVEUR garantiza el mantenimiento y la longevidad de las cuchillas cortadoras gracias a los consumibles de ajuste, afilado y rectificaci\u00f3n.\" \/>\n<meta property=\"og:url\" content=\"https:\/\/bouveur.com\/es\/cuchillas-tundidoras\/consumibles\/\" \/>\n<meta property=\"og:site_name\" content=\"BOUVEUR\" \/>\n<meta property=\"article:modified_time\" content=\"2019-07-04T12:15:32+00:00\" \/>\n<meta name=\"twitter:card\" content=\"summary_large_image\" \/>\n<meta name=\"twitter:label1\" content=\"Tiempo de lectura\" \/>\n\t<meta name=\"twitter:data1\" content=\"8 minutos\" \/>\n<script type=\"application\/ld+json\" class=\"yoast-schema-graph\">{\"@context\":\"https:\\\/\\\/schema.org\",\"@graph\":[{\"@type\":\"WebPage\",\"@id\":\"https:\\\/\\\/bouveur.com\\\/es\\\/cuchillas-tundidoras\\\/consumibles\\\/\",\"url\":\"https:\\\/\\\/bouveur.com\\\/es\\\/cuchillas-tundidoras\\\/consumibles\\\/\",\"name\":\"Accesorios - BOUVEUR\",\"isPartOf\":{\"@id\":\"https:\\\/\\\/bouveur.com\\\/en\\\/#website\"},\"datePublished\":\"2017-09-06T17:07:33+00:00\",\"dateModified\":\"2019-07-04T12:15:32+00:00\",\"description\":\"BOUVEUR garantiza el mantenimiento y la longevidad de las cuchillas cortadoras gracias a los consumibles de ajuste, afilado y rectificaci\u00f3n.\",\"breadcrumb\":{\"@id\":\"https:\\\/\\\/bouveur.com\\\/es\\\/cuchillas-tundidoras\\\/consumibles\\\/#breadcrumb\"},\"inLanguage\":\"es\",\"potentialAction\":[{\"@type\":\"ReadAction\",\"target\":[\"https:\\\/\\\/bouveur.com\\\/es\\\/cuchillas-tundidoras\\\/consumibles\\\/\"]}]},{\"@type\":\"BreadcrumbList\",\"@id\":\"https:\\\/\\\/bouveur.com\\\/es\\\/cuchillas-tundidoras\\\/consumibles\\\/#breadcrumb\",\"itemListElement\":[{\"@type\":\"ListItem\",\"position\":1,\"name\":\"Accueil\",\"item\":\"https:\\\/\\\/bouveur.com\\\/es\\\/\"},{\"@type\":\"ListItem\",\"position\":2,\"name\":\"Cuchillas de tundidoras\",\"item\":\"https:\\\/\\\/bouveur.com\\\/es\\\/cuchillas-tundidoras\\\/\"},{\"@type\":\"ListItem\",\"position\":3,\"name\":\"Accesorios\"}]},{\"@type\":\"WebSite\",\"@id\":\"https:\\\/\\\/bouveur.com\\\/en\\\/#website\",\"url\":\"https:\\\/\\\/bouveur.com\\\/en\\\/\",\"name\":\"BOUVEUR\",\"description\":\"Des lames au service des plus grandes exigences\",\"potentialAction\":[{\"@type\":\"SearchAction\",\"target\":{\"@type\":\"EntryPoint\",\"urlTemplate\":\"https:\\\/\\\/bouveur.com\\\/en\\\/?s={search_term_string}\"},\"query-input\":{\"@type\":\"PropertyValueSpecification\",\"valueRequired\":true,\"valueName\":\"search_term_string\"}}],\"inLanguage\":\"es\"}]}<\/script>\n<!-- \/ Yoast SEO plugin. -->","yoast_head_json":{"title":"Accesorios - BOUVEUR","description":"BOUVEUR garantiza el mantenimiento y la longevidad de las cuchillas cortadoras gracias a los consumibles de ajuste, afilado y rectificaci\u00f3n.","robots":{"index":"index","follow":"follow","max-snippet":"max-snippet:-1","max-image-preview":"max-image-preview:large","max-video-preview":"max-video-preview:-1"},"canonical":"https:\/\/bouveur.com\/es\/cuchillas-tundidoras\/consumibles\/","og_locale":"es_ES","og_type":"article","og_title":"Accesorios - BOUVEUR","og_description":"BOUVEUR garantiza el mantenimiento y la longevidad de las cuchillas cortadoras gracias a los consumibles de ajuste, afilado y rectificaci\u00f3n.","og_url":"https:\/\/bouveur.com\/es\/cuchillas-tundidoras\/consumibles\/","og_site_name":"BOUVEUR","article_modified_time":"2019-07-04T12:15:32+00:00","twitter_card":"summary_large_image","twitter_misc":{"Tiempo de lectura":"8 minutos"},"schema":{"@context":"https:\/\/schema.org","@graph":[{"@type":"WebPage","@id":"https:\/\/bouveur.com\/es\/cuchillas-tundidoras\/consumibles\/","url":"https:\/\/bouveur.com\/es\/cuchillas-tundidoras\/consumibles\/","name":"Accesorios - BOUVEUR","isPartOf":{"@id":"https:\/\/bouveur.com\/en\/#website"},"datePublished":"2017-09-06T17:07:33+00:00","dateModified":"2019-07-04T12:15:32+00:00","description":"BOUVEUR garantiza el mantenimiento y la longevidad de las cuchillas cortadoras gracias a los consumibles de ajuste, afilado y rectificaci\u00f3n.","breadcrumb":{"@id":"https:\/\/bouveur.com\/es\/cuchillas-tundidoras\/consumibles\/#breadcrumb"},"inLanguage":"es","potentialAction":[{"@type":"ReadAction","target":["https:\/\/bouveur.com\/es\/cuchillas-tundidoras\/consumibles\/"]}]},{"@type":"BreadcrumbList","@id":"https:\/\/bouveur.com\/es\/cuchillas-tundidoras\/consumibles\/#breadcrumb","itemListElement":[{"@type":"ListItem","position":1,"name":"Accueil","item":"https:\/\/bouveur.com\/es\/"},{"@type":"ListItem","position":2,"name":"Cuchillas de tundidoras","item":"https:\/\/bouveur.com\/es\/cuchillas-tundidoras\/"},{"@type":"ListItem","position":3,"name":"Accesorios"}]},{"@type":"WebSite","@id":"https:\/\/bouveur.com\/en\/#website","url":"https:\/\/bouveur.com\/en\/","name":"BOUVEUR","description":"Des lames au service des plus grandes exigences","potentialAction":[{"@type":"SearchAction","target":{"@type":"EntryPoint","urlTemplate":"https:\/\/bouveur.com\/en\/?s={search_term_string}"},"query-input":{"@type":"PropertyValueSpecification","valueRequired":true,"valueName":"search_term_string"}}],"inLanguage":"es"}]}},"_links":{"self":[{"href":"https:\/\/bouveur.com\/es\/wp-json\/wp\/v2\/pages\/343","targetHints":{"allow":["GET"]}}],"collection":[{"href":"https:\/\/bouveur.com\/es\/wp-json\/wp\/v2\/pages"}],"about":[{"href":"https:\/\/bouveur.com\/es\/wp-json\/wp\/v2\/types\/page"}],"author":[{"embeddable":true,"href":"https:\/\/bouveur.com\/es\/wp-json\/wp\/v2\/users\/1"}],"replies":[{"embeddable":true,"href":"https:\/\/bouveur.com\/es\/wp-json\/wp\/v2\/comments?post=343"}],"version-history":[{"count":35,"href":"https:\/\/bouveur.com\/es\/wp-json\/wp\/v2\/pages\/343\/revisions"}],"predecessor-version":[{"id":1967,"href":"https:\/\/bouveur.com\/es\/wp-json\/wp\/v2\/pages\/343\/revisions\/1967"}],"up":[{"embeddable":true,"href":"https:\/\/bouveur.com\/es\/wp-json\/wp\/v2\/pages\/337"}],"wp:attachment":[{"href":"https:\/\/bouveur.com\/es\/wp-json\/wp\/v2\/media?parent=343"}],"curies":[{"name":"wp","href":"https:\/\/api.w.org\/{rel}","templated":true}]}}