{"id":342,"date":"2017-09-06T19:07:22","date_gmt":"2017-09-06T17:07:22","guid":{"rendered":"https:\/\/bouveur.com\/cuchillas-tundidoras\/cilindros-tundidores\/"},"modified":"2019-06-10T17:32:13","modified_gmt":"2019-06-10T15:32:13","slug":"cilindros-tundidores","status":"publish","type":"page","link":"https:\/\/bouveur.com\/es\/cuchillas-tundidoras\/cilindros-tundidores\/","title":{"rendered":"Cilindros Tundidores"},"content":{"rendered":"<div class=\"wpb-content-wrapper\">[mk_page_section padding_top=\u00bb100&#8243; padding_bottom=\u00bb75&#8243; sidebar=\u00bbsidebar-1&#8243;][vc_column][mk_fancy_title size=\u00bb\u00bb font_family=\u00bbnone\u00bb]Los diferentes tipos de cilindros tundidores BOUVEUR[\/mk_fancy_title][vc_column_text css=\u00bb.vc_custom_1560180690576{margin-bottom: 0px !important;}\u00bb]BOUVEUR fabrica los cilindros tundidores del m\u00e1s peque\u00f1o al m\u00e1s grande, pudiendo alcanzar 6500 mm de largo de corte. Los cilindros son realizados en diferentes di\u00e1metros hasta un di\u00e1metro de 500 mm.[\/vc_column_text][rev_slider_vc alias=\u00bbcylindres-tondeurs\u00bb][vc_row_inner css=\u00bb.vc_custom_1504013441209{margin-top: 75px !important;}\u00bb][vc_column_inner width=\u00bb1\/2&#8243;][vc_column_text]\n<ul>\n<li>Estos cilindros pueden realizarse de cuerpo completo o en tubo con paredes gruesas.<\/li>\n<li>Los aceros utilizados son de muy alta calidad y conformes a las normas internacionales.<\/li>\n<li>Los cilindros pueden estar equipados de cojinetes de todo tipo, conformes a las preconizaciones de los constructores.<\/li>\n<\/ul>\n[\/vc_column_text][\/vc_column_inner][vc_column_inner width=\u00bb1\/2&#8243;][vc_column_text]\n<ul>\n<li>Nuestros cilindros est\u00e1n elaborados en m\u00e1quinas de herramientas apropiadas, lo que les confiere una mayor calidad.<\/li>\n<li>Los cilindros est\u00e1n balanceados din\u00e1micamente y no sobrepasa m\u00e1s de 3 gramos el contrapeso en los cilindros de 150 a 2.000 kg<\/li>\n<\/ul>\n[\/vc_column_text][\/vc_column_inner][\/vc_row_inner][\/vc_column][\/mk_page_section][mk_page_section bg_color=\u00bb#ededed\u00bb padding_top=\u00bb75&#8243; padding_bottom=\u00bb75&#8243; sidebar=\u00bbsidebar-1&#8243;][vc_column][mk_ornamental_title font_family=\u00bbnone\u00bb font_size=\u00bb35&#8243; ornament_style=\u00bbnorman-single\u00bb ornament_color=\u00bb#222944&#8243;]Los otros productos BOUVEUR[\/mk_ornamental_title][vc_row_inner][vc_column_inner width=\u00bb1\/3&#8243;][vc_single_image image=\u00bb241&#8243; img_size=\u00bbfull\u00bb onclick=\u00bbcustom_link\u00bb link=\u00bbhttps:\/\/bouveur.com\/es\/cuchillas-tundidoras\/cuchillas-espirales\/\u00bb][mk_button dimension=\u00bbtwo\u00bb size=\u00bbmedium\u00bb url=\u00bbhttps:\/\/bouveur.com\/es\/cuchillas-tundidoras\/cuchillas-espirales\/\u00bb fullwidth=\u00bbtrue\u00bb]CUCHILLAS ESPIRALES[\/mk_button][\/vc_column_inner][vc_column_inner width=\u00bb1\/3&#8243;][vc_single_image image=\u00bb240&#8243; img_size=\u00bbfull\u00bb onclick=\u00bbcustom_link\u00bb link=\u00bbhttps:\/\/bouveur.com\/es\/cuchillas-tundidoras\/cuchillas-planas\/\u00bb][mk_button dimension=\u00bbtwo\u00bb size=\u00bbmedium\u00bb url=\u00bbhttps:\/\/bouveur.com\/es\/cuchillas-tundidoras\/cuchillas-planas\/\u00bb fullwidth=\u00bbtrue\u00bb]CUCHILLAS PLANAS[\/mk_button][\/vc_column_inner][vc_column_inner width=\u00bb1\/3&#8243;][vc_single_image image=\u00bb238&#8243; img_size=\u00bbfull\u00bb onclick=\u00bbcustom_link\u00bb link=\u00bbhttps:\/\/bouveur.com\/es\/cuchillas-tundidoras\/consumibles\/\u00bb][mk_button dimension=\u00bbtwo\u00bb size=\u00bbmedium\u00bb url=\u00bbhttps:\/\/bouveur.com\/es\/cuchillas-tundidoras\/consumibles\/\u00bb fullwidth=\u00bbtrue\u00bb]ACCESORIOS[\/mk_button][\/vc_column_inner][\/vc_row_inner][\/vc_column][\/mk_page_section]\n<\/div>","protected":false},"excerpt":{"rendered":"<p>[mk_page_section padding_top=\u00bb100&#8243; padding_bottom=\u00bb75&#8243; sidebar=\u00bbsidebar-1&#8243;][vc_column][mk_fancy_title size=\u00bb\u00bb font_family=\u00bbnone\u00bb]Los diferentes tipos de cilindros tundidores BOUVEUR[\/mk_fancy_title][vc_column_text css=\u00bb.vc_custom_1560180690576{margin-bottom: 0px !important;}\u00bb]BOUVEUR fabrica los cilindros tundidores del m\u00e1s peque\u00f1o al m\u00e1s grande, pudiendo alcanzar 6500 mm de largo de corte. Los cilindros son realizados en diferentes di\u00e1metros hasta un di\u00e1metro de 500 mm.[\/vc_column_text][rev_slider_vc alias=\u00bbcylindres-tondeurs\u00bb][vc_row_inner css=\u00bb.vc_custom_1504013441209{margin-top: 75px !important;}\u00bb][vc_column_inner width=\u00bb1\/2&#8243;][vc_column_text] Estos cilindros pueden realizarse [&hellip;]<\/p>\n","protected":false},"author":1,"featured_media":0,"parent":337,"menu_order":3,"comment_status":"closed","ping_status":"closed","template":"","meta":{"footnotes":""},"class_list":["post-342","page","type-page","status-publish","hentry"],"yoast_head":"<!-- This site is optimized with the Yoast SEO plugin v27.5 - https:\/\/yoast.com\/product\/yoast-seo-wordpress\/ -->\n<title>Cilindros Tundidores - BOUVEUR<\/title>\n<meta name=\"description\" content=\"Nuestros cilindros tundidores con aceros aleados de calidad, de diferentes longitudes de corte permiten un equilibrio perfecto y m\u00e1s precisi\u00f3n.\" \/>\n<meta name=\"robots\" content=\"index, follow, max-snippet:-1, max-image-preview:large, max-video-preview:-1\" \/>\n<link rel=\"canonical\" href=\"https:\/\/bouveur.com\/es\/cuchillas-tundidoras\/cilindros-tundidores\/\" \/>\n<meta property=\"og:locale\" content=\"es_ES\" \/>\n<meta property=\"og:type\" content=\"article\" \/>\n<meta property=\"og:title\" content=\"Cilindros Tundidores - BOUVEUR\" \/>\n<meta property=\"og:description\" content=\"Nuestros cilindros tundidores con aceros aleados de calidad, de diferentes longitudes de corte permiten un equilibrio perfecto y m\u00e1s precisi\u00f3n.\" \/>\n<meta property=\"og:url\" content=\"https:\/\/bouveur.com\/es\/cuchillas-tundidoras\/cilindros-tundidores\/\" \/>\n<meta property=\"og:site_name\" content=\"BOUVEUR\" \/>\n<meta property=\"article:modified_time\" content=\"2019-06-10T15:32:13+00:00\" \/>\n<meta name=\"twitter:card\" content=\"summary_large_image\" \/>\n<meta name=\"twitter:label1\" content=\"Tiempo de lectura\" \/>\n\t<meta name=\"twitter:data1\" content=\"2 minutos\" \/>\n<script type=\"application\/ld+json\" class=\"yoast-schema-graph\">{\"@context\":\"https:\\\/\\\/schema.org\",\"@graph\":[{\"@type\":\"WebPage\",\"@id\":\"https:\\\/\\\/bouveur.com\\\/es\\\/cuchillas-tundidoras\\\/cilindros-tundidores\\\/\",\"url\":\"https:\\\/\\\/bouveur.com\\\/es\\\/cuchillas-tundidoras\\\/cilindros-tundidores\\\/\",\"name\":\"Cilindros Tundidores - BOUVEUR\",\"isPartOf\":{\"@id\":\"https:\\\/\\\/bouveur.com\\\/en\\\/#website\"},\"datePublished\":\"2017-09-06T17:07:22+00:00\",\"dateModified\":\"2019-06-10T15:32:13+00:00\",\"description\":\"Nuestros cilindros tundidores con aceros aleados de calidad, de diferentes longitudes de corte permiten un equilibrio perfecto y m\u00e1s precisi\u00f3n.\",\"breadcrumb\":{\"@id\":\"https:\\\/\\\/bouveur.com\\\/es\\\/cuchillas-tundidoras\\\/cilindros-tundidores\\\/#breadcrumb\"},\"inLanguage\":\"es\",\"potentialAction\":[{\"@type\":\"ReadAction\",\"target\":[\"https:\\\/\\\/bouveur.com\\\/es\\\/cuchillas-tundidoras\\\/cilindros-tundidores\\\/\"]}]},{\"@type\":\"BreadcrumbList\",\"@id\":\"https:\\\/\\\/bouveur.com\\\/es\\\/cuchillas-tundidoras\\\/cilindros-tundidores\\\/#breadcrumb\",\"itemListElement\":[{\"@type\":\"ListItem\",\"position\":1,\"name\":\"Accueil\",\"item\":\"https:\\\/\\\/bouveur.com\\\/es\\\/\"},{\"@type\":\"ListItem\",\"position\":2,\"name\":\"Cuchillas de tundidoras\",\"item\":\"https:\\\/\\\/bouveur.com\\\/es\\\/cuchillas-tundidoras\\\/\"},{\"@type\":\"ListItem\",\"position\":3,\"name\":\"Cilindros Tundidores\"}]},{\"@type\":\"WebSite\",\"@id\":\"https:\\\/\\\/bouveur.com\\\/en\\\/#website\",\"url\":\"https:\\\/\\\/bouveur.com\\\/en\\\/\",\"name\":\"BOUVEUR\",\"description\":\"Des lames au service des plus grandes exigences\",\"potentialAction\":[{\"@type\":\"SearchAction\",\"target\":{\"@type\":\"EntryPoint\",\"urlTemplate\":\"https:\\\/\\\/bouveur.com\\\/en\\\/?s={search_term_string}\"},\"query-input\":{\"@type\":\"PropertyValueSpecification\",\"valueRequired\":true,\"valueName\":\"search_term_string\"}}],\"inLanguage\":\"es\"}]}<\/script>\n<!-- \/ Yoast SEO plugin. -->","yoast_head_json":{"title":"Cilindros Tundidores - BOUVEUR","description":"Nuestros cilindros tundidores con aceros aleados de calidad, de diferentes longitudes de corte permiten un equilibrio perfecto y m\u00e1s precisi\u00f3n.","robots":{"index":"index","follow":"follow","max-snippet":"max-snippet:-1","max-image-preview":"max-image-preview:large","max-video-preview":"max-video-preview:-1"},"canonical":"https:\/\/bouveur.com\/es\/cuchillas-tundidoras\/cilindros-tundidores\/","og_locale":"es_ES","og_type":"article","og_title":"Cilindros Tundidores - BOUVEUR","og_description":"Nuestros cilindros tundidores con aceros aleados de calidad, de diferentes longitudes de corte permiten un equilibrio perfecto y m\u00e1s precisi\u00f3n.","og_url":"https:\/\/bouveur.com\/es\/cuchillas-tundidoras\/cilindros-tundidores\/","og_site_name":"BOUVEUR","article_modified_time":"2019-06-10T15:32:13+00:00","twitter_card":"summary_large_image","twitter_misc":{"Tiempo de lectura":"2 minutos"},"schema":{"@context":"https:\/\/schema.org","@graph":[{"@type":"WebPage","@id":"https:\/\/bouveur.com\/es\/cuchillas-tundidoras\/cilindros-tundidores\/","url":"https:\/\/bouveur.com\/es\/cuchillas-tundidoras\/cilindros-tundidores\/","name":"Cilindros Tundidores - BOUVEUR","isPartOf":{"@id":"https:\/\/bouveur.com\/en\/#website"},"datePublished":"2017-09-06T17:07:22+00:00","dateModified":"2019-06-10T15:32:13+00:00","description":"Nuestros cilindros tundidores con aceros aleados de calidad, de diferentes longitudes de corte permiten un equilibrio perfecto y m\u00e1s precisi\u00f3n.","breadcrumb":{"@id":"https:\/\/bouveur.com\/es\/cuchillas-tundidoras\/cilindros-tundidores\/#breadcrumb"},"inLanguage":"es","potentialAction":[{"@type":"ReadAction","target":["https:\/\/bouveur.com\/es\/cuchillas-tundidoras\/cilindros-tundidores\/"]}]},{"@type":"BreadcrumbList","@id":"https:\/\/bouveur.com\/es\/cuchillas-tundidoras\/cilindros-tundidores\/#breadcrumb","itemListElement":[{"@type":"ListItem","position":1,"name":"Accueil","item":"https:\/\/bouveur.com\/es\/"},{"@type":"ListItem","position":2,"name":"Cuchillas de tundidoras","item":"https:\/\/bouveur.com\/es\/cuchillas-tundidoras\/"},{"@type":"ListItem","position":3,"name":"Cilindros Tundidores"}]},{"@type":"WebSite","@id":"https:\/\/bouveur.com\/en\/#website","url":"https:\/\/bouveur.com\/en\/","name":"BOUVEUR","description":"Des lames au service des plus grandes exigences","potentialAction":[{"@type":"SearchAction","target":{"@type":"EntryPoint","urlTemplate":"https:\/\/bouveur.com\/en\/?s={search_term_string}"},"query-input":{"@type":"PropertyValueSpecification","valueRequired":true,"valueName":"search_term_string"}}],"inLanguage":"es"}]}},"_links":{"self":[{"href":"https:\/\/bouveur.com\/es\/wp-json\/wp\/v2\/pages\/342","targetHints":{"allow":["GET"]}}],"collection":[{"href":"https:\/\/bouveur.com\/es\/wp-json\/wp\/v2\/pages"}],"about":[{"href":"https:\/\/bouveur.com\/es\/wp-json\/wp\/v2\/types\/page"}],"author":[{"embeddable":true,"href":"https:\/\/bouveur.com\/es\/wp-json\/wp\/v2\/users\/1"}],"replies":[{"embeddable":true,"href":"https:\/\/bouveur.com\/es\/wp-json\/wp\/v2\/comments?post=342"}],"version-history":[{"count":15,"href":"https:\/\/bouveur.com\/es\/wp-json\/wp\/v2\/pages\/342\/revisions"}],"predecessor-version":[{"id":1845,"href":"https:\/\/bouveur.com\/es\/wp-json\/wp\/v2\/pages\/342\/revisions\/1845"}],"up":[{"embeddable":true,"href":"https:\/\/bouveur.com\/es\/wp-json\/wp\/v2\/pages\/337"}],"wp:attachment":[{"href":"https:\/\/bouveur.com\/es\/wp-json\/wp\/v2\/media?parent=342"}],"curies":[{"name":"wp","href":"https:\/\/api.w.org\/{rel}","templated":true}]}}