{"id":341,"date":"2017-09-06T19:07:07","date_gmt":"2017-09-06T17:07:07","guid":{"rendered":"https:\/\/bouveur.com\/cuchillas-tundidoras\/cuchillas-planas\/"},"modified":"2019-07-04T14:06:06","modified_gmt":"2019-07-04T12:06:06","slug":"cuchillas-planas","status":"publish","type":"page","link":"https:\/\/bouveur.com\/es\/cuchillas-tundidoras\/cuchillas-planas\/","title":{"rendered":"Cuchillas Planas"},"content":{"rendered":"<div class=\"wpb-content-wrapper\">[mk_page_section padding_top=\u00bb100&#8243; padding_bottom=\u00bb75&#8243; sidebar=\u00bbsidebar-1&#8243;][vc_column][mk_fancy_title size=\u00bb\u00bb font_family=\u00bbnone\u00bb]Los diferentes tipos de cuchillas BOUVEUR[\/mk_fancy_title][vc_column_text css=\u00bb.vc_custom_1560351847689{margin-bottom: 0px !important;}\u00bb]La calidad de las cuchillas planas BOUVEUR no necesita mostrase. Los aceros utilizados provienen de una colaboraci\u00f3n seguida con los m\u00e1s grandes aceristas mundiales. Nuestros aceros, ya sean poco o fuertemente aliados, procuran siempre la mayor calidad de rendimiento, calidad de cortado y larga vida.<\/p>\n<p>Nuestra t\u00e9cnica de producci\u00f3n \u00fanica en el mundo es el resultado de muchos desarrollos realizados por nuestro departamento de Investigaci\u00f3n y desarrollo durante muchos a\u00f1os y continuamente.<\/p>\n<p>Su vida \u00fatil es 2 veces mayor que la que se encuentra actualmente en el mercado. Su calidad los convierte hoy en el mejor producto del mundo en t\u00e9rminos de tecnicidad.<\/p>\n<p>Hoy nuestras cuchillas planas son extremadamente exitosas tanto en calidad como en estabilidad tridimensional desde ya m\u00e1s de 10 a\u00f1os.<\/p>\n<p>BOUVEUR propone diferentes tipos de aceros para las cuchillas planas : B2 \/ B4 \/ B9.[\/vc_column_text][rev_slider_vc alias=\u00bblames-plates\u00bb][mk_button dimension=\u00bbsavvy\u00bb size=\u00bblarge\u00bb icon=\u00bbmk-icon-download\u00bb url=\u00bbhttps:\/\/bouveur.com\/wp-content\/uploads\/2019\/07\/cuchillas-planas-estudio-tcnico-bouveur.pdf\u00bb target=\u00bb_blank\u00bb align=\u00bbcenter\u00bb margin_top=\u00bb25&#8243; margin_bottom=\u00bb0&#8243; outline_skin=\u00bbcustom\u00bb outline_active_text_color=\u00bb#222944&#8243; outline_hover_bg_color=\u00bb#222944&#8243; outline_hover_color=\u00bb#ffffff\u00bb]Agradecemos descargar el plan a fin de completarlo[\/mk_button][\/vc_column][\/mk_page_section][mk_page_section padding_top=\u00bb25&#8243; padding_bottom=\u00bb50&#8243; sidebar=\u00bbsidebar-1&#8243;][vc_column][vc_row_inner][vc_column_inner][mk_fancy_title color=\u00bb#ffffff\u00bb size=\u00bb30&#8243; margin_bottom=\u00bb0&#8243; font_family=\u00bbnone\u00bb align=\u00bbcenter\u00bb el_class=\u00bbdark-bg-title\u00bb]Tratamiento termico[\/mk_fancy_title][vc_empty_space][vc_column_text css=\u00bb.vc_custom_1548172375546{margin-bottom: 0px !important;}\u00bb]El tratamiento t\u00e9rmico realizado en nuestras cuchillas planas las ubica en el rango de l\u00edder con la mejor dureza, que es en promedio 64\/65 HRC en la vanguardia.<\/p>\n<p>La parte posterior de la cuchilla plana que se aprieta en el porta cuchillas no se trata de modo que retenga toda la flexibilidad necesaria para el buen trabajo de la cuchilla plana.<\/p>\n<p>Esta t\u00e9cnica \u00fanica nos permite combinar dureza en el filo y flexibilidad en el tal\u00f3n para beneficiar solo los beneficios de la dureza muy alta sin riesgo de rotura en la imagen del roble y la ca\u00f1a.<\/p>\n<p>La dureza muy alta de nuestras cuchillas les da una muy alta resistencia al desgaste. Permite que se usen a\u00fan m\u00e1s entre cada afilado y siempre con la misma precisi\u00f3n de corte. Reduce el n\u00famero de paradas de producci\u00f3n para optimizar su producci\u00f3n.[\/vc_column_text][\/vc_column_inner][\/vc_row_inner][\/vc_column][\/mk_page_section][mk_page_section bg_image=\u00bbhttps:\/\/bouveur.com\/wp-content\/uploads\/2017\/09\/trois-lames-grises-2plates-touches.jpg\u00bb bg_position=\u00bbright top\u00bb bg_repeat=\u00bbno-repeat\u00bb bg_stretch=\u00bbtrue\u00bb enable_3d=\u00bbtrue\u00bb padding_top=\u00bb150&#8243; padding_bottom=\u00bb140&#8243; el_class=\u00bbcustom-table-bv\u00bb sidebar=\u00bbsidebar-1&#8243;][vc_column][mk_table el_class=\u00bbcustom-table\u00bb]\n<table width=\"100%\">\n<thead>\n<tr>\n<th colspan=\"2\">TIPO DE TEJIDO<\/th>\n<th><strong>B2 :<\/strong> ACERO AL CARBON ALTAS PERFORMANCIAS<\/th>\n<th><strong>B4 :<\/strong> ACERO EXCLUSIVO ALTAS PERFORMANCIAS<\/th>\n<th><strong>B9 :<\/strong> ACERO AL CARBON ALEADO FORMULA ESPECIAL<\/th>\n<\/tr>\n<\/thead>\n<tbody>\n<tr>\n<td><img loading=\"lazy\" decoding=\"async\" class=\"alignnone size-medium wp-image-1766\" src=\"https:\/\/bouveur.com\/wp-content\/uploads\/2018\/09\/textiles-serviettes-turbocut-bouveur-min-300x300.jpg\" alt=\"\" width=\"300\" height=\"150\" srcset=\"https:\/\/bouveur.com\/wp-content\/uploads\/2018\/09\/textiles-serviettes-turbocut-bouveur-min-600x300.jpg 600w, https:\/\/bouveur.com\/wp-content\/uploads\/2018\/09\/textiles-serviettes-turbocut-bouveur-min.jpg 300w\" sizes=\"auto, (max-width: 300px) 100vw, 300px\" \/><\/td>\n<td style=\"text-align: center;\">FIBRAS NATURALES<\/td>\n<td><img loading=\"lazy\" decoding=\"async\" class=\"size-full wp-image-987 aligncenter\" src=\"https:\/\/bouveur.com\/wp-content\/uploads\/2017\/09\/icon-bouveur.png\" alt=\"\" width=\"32\" height=\"32\" \/><\/td>\n<td><img loading=\"lazy\" decoding=\"async\" class=\"size-full wp-image-987 aligncenter\" src=\"https:\/\/bouveur.com\/wp-content\/uploads\/2017\/09\/icon-bouveur.png\" alt=\"\" width=\"32\" height=\"32\" \/><img loading=\"lazy\" decoding=\"async\" class=\"size-full wp-image-987 aligncenter\" src=\"https:\/\/bouveur.com\/wp-content\/uploads\/2017\/09\/icon-bouveur.png\" alt=\"\" width=\"32\" height=\"32\" \/><img loading=\"lazy\" decoding=\"async\" class=\"size-full wp-image-987 aligncenter\" src=\"https:\/\/bouveur.com\/wp-content\/uploads\/2017\/09\/icon-bouveur.png\" alt=\"\" width=\"32\" height=\"32\" \/><\/td>\n<td><img loading=\"lazy\" decoding=\"async\" class=\"size-full wp-image-987 aligncenter\" src=\"https:\/\/bouveur.com\/wp-content\/uploads\/2017\/09\/icon-bouveur.png\" alt=\"\" width=\"32\" height=\"32\" \/><img loading=\"lazy\" decoding=\"async\" class=\"size-full wp-image-987 aligncenter\" src=\"https:\/\/bouveur.com\/wp-content\/uploads\/2017\/09\/icon-bouveur.png\" alt=\"\" width=\"32\" height=\"32\" \/><img loading=\"lazy\" decoding=\"async\" class=\"size-full wp-image-987 aligncenter\" src=\"https:\/\/bouveur.com\/wp-content\/uploads\/2017\/09\/icon-bouveur.png\" alt=\"\" width=\"32\" height=\"32\" \/><img loading=\"lazy\" decoding=\"async\" class=\"size-full wp-image-987 aligncenter\" src=\"https:\/\/bouveur.com\/wp-content\/uploads\/2017\/09\/icon-bouveur.png\" alt=\"\" width=\"32\" height=\"32\" \/><img loading=\"lazy\" decoding=\"async\" class=\"size-full wp-image-987 aligncenter\" src=\"https:\/\/bouveur.com\/wp-content\/uploads\/2017\/09\/icon-bouveur.png\" alt=\"\" width=\"32\" height=\"32\" \/><\/td>\n<\/tr>\n<tr>\n<td><img loading=\"lazy\" decoding=\"async\" class=\"alignnone size-medium wp-image-1762\" src=\"https:\/\/bouveur.com\/wp-content\/uploads\/2018\/09\/textile-moquette-turbocut-bouveur-min-300x300.jpg\" alt=\"\" width=\"300\" height=\"150\" srcset=\"https:\/\/bouveur.com\/wp-content\/uploads\/2018\/09\/textile-moquette-turbocut-bouveur-min-600x300.jpg 600w, https:\/\/bouveur.com\/wp-content\/uploads\/2018\/09\/textile-moquette-turbocut-bouveur-min.jpg 300w\" sizes=\"auto, (max-width: 300px) 100vw, 300px\" \/><\/td>\n<td style=\"text-align: center;\">FIBRAS SINTETICAS<\/td>\n<td><\/td>\n<td><img loading=\"lazy\" decoding=\"async\" class=\"size-full wp-image-987 aligncenter\" src=\"https:\/\/bouveur.com\/wp-content\/uploads\/2017\/09\/icon-bouveur.png\" alt=\"\" width=\"32\" height=\"32\" \/><img loading=\"lazy\" decoding=\"async\" class=\"size-full wp-image-987 aligncenter\" src=\"https:\/\/bouveur.com\/wp-content\/uploads\/2017\/09\/icon-bouveur.png\" alt=\"\" width=\"32\" height=\"32\" \/><img loading=\"lazy\" decoding=\"async\" class=\"size-full wp-image-987 aligncenter\" src=\"https:\/\/bouveur.com\/wp-content\/uploads\/2017\/09\/icon-bouveur.png\" alt=\"\" width=\"32\" height=\"32\" \/><\/td>\n<td><img loading=\"lazy\" decoding=\"async\" class=\"size-full wp-image-987 aligncenter\" src=\"https:\/\/bouveur.com\/wp-content\/uploads\/2017\/09\/icon-bouveur.png\" alt=\"\" width=\"32\" height=\"32\" \/><img loading=\"lazy\" decoding=\"async\" class=\"size-full wp-image-987 aligncenter\" src=\"https:\/\/bouveur.com\/wp-content\/uploads\/2017\/09\/icon-bouveur.png\" alt=\"\" width=\"32\" height=\"32\" \/><img loading=\"lazy\" decoding=\"async\" class=\"size-full wp-image-987 aligncenter\" src=\"https:\/\/bouveur.com\/wp-content\/uploads\/2017\/09\/icon-bouveur.png\" alt=\"\" width=\"32\" height=\"32\" \/><img loading=\"lazy\" decoding=\"async\" class=\"size-full wp-image-987 aligncenter\" src=\"https:\/\/bouveur.com\/wp-content\/uploads\/2017\/09\/icon-bouveur.png\" alt=\"\" width=\"32\" height=\"32\" \/><img loading=\"lazy\" decoding=\"async\" class=\"size-full wp-image-987 aligncenter\" src=\"https:\/\/bouveur.com\/wp-content\/uploads\/2017\/09\/icon-bouveur.png\" alt=\"\" width=\"32\" height=\"32\" \/><\/td>\n<\/tr>\n<tr>\n<td><img loading=\"lazy\" decoding=\"async\" class=\"alignnone size-medium wp-image-1758\" src=\"https:\/\/bouveur.com\/wp-content\/uploads\/2018\/09\/textiles-voiture-turbocut-bouveur-min-300x300.jpg\" alt=\"\" width=\"300\" height=\"150\" srcset=\"https:\/\/bouveur.com\/wp-content\/uploads\/2018\/09\/textiles-voiture-turbocut-bouveur-min-600x300.jpg 600w, https:\/\/bouveur.com\/wp-content\/uploads\/2018\/09\/textiles-voiture-turbocut-bouveur-min.jpg 300w\" sizes=\"auto, (max-width: 300px) 100vw, 300px\" \/><\/td>\n<td style=\"text-align: center;\">TECTILES TECNICOS<\/td>\n<td><\/td>\n<td><\/td>\n<td><img loading=\"lazy\" decoding=\"async\" class=\"size-full wp-image-987 aligncenter\" src=\"https:\/\/bouveur.com\/wp-content\/uploads\/2017\/09\/icon-bouveur.png\" alt=\"\" width=\"32\" height=\"32\" \/><img loading=\"lazy\" decoding=\"async\" class=\"size-full wp-image-987 aligncenter\" src=\"https:\/\/bouveur.com\/wp-content\/uploads\/2017\/09\/icon-bouveur.png\" alt=\"\" width=\"32\" height=\"32\" \/><img loading=\"lazy\" decoding=\"async\" class=\"size-full wp-image-987 aligncenter\" src=\"https:\/\/bouveur.com\/wp-content\/uploads\/2017\/09\/icon-bouveur.png\" alt=\"\" width=\"32\" height=\"32\" \/><img loading=\"lazy\" decoding=\"async\" class=\"size-full wp-image-987 aligncenter\" src=\"https:\/\/bouveur.com\/wp-content\/uploads\/2017\/09\/icon-bouveur.png\" alt=\"\" width=\"32\" height=\"32\" \/><img loading=\"lazy\" decoding=\"async\" class=\"size-full wp-image-987 aligncenter\" src=\"https:\/\/bouveur.com\/wp-content\/uploads\/2017\/09\/icon-bouveur.png\" alt=\"\" width=\"32\" height=\"32\" \/><\/td>\n<\/tr>\n<\/tbody>\n<\/table>\n[\/mk_table][\/vc_column][\/mk_page_section][mk_page_section bg_color=\u00bb#ededed\u00bb padding_top=\u00bb50&#8243; padding_bottom=\u00bb50&#8243; sidebar=\u00bbsidebar-1&#8243;][vc_column][mk_fancy_title tag_name=\u00bbh3&#8243; size=\u00bb\u00bb font_family=\u00bbnone\u00bb]LOS TIPOS DE ACERO[\/mk_fancy_title][vc_column_text css=\u00bb.vc_custom_1537395568604{margin-bottom: 0px !important;}\u00bb]<strong>BOUVEUR propone todo tipo de cuchillas planas equipando las cortadoras del conjunto de constructores mundiales, con o sin taladro.<\/strong><\/p>\n<p>\u2013 Largo: de 100 mm a 6500 mm<br \/>\n\u2013 Largo: de 50 mm a 160 mm<br \/>\n\u2013 Espesor: de 2.5 mm a 6 mm<\/p>\n<p>Realizamos todo tipo de taladros : Redondos \u2013 Oblongos \u2013 Encoches y todo tipo de corte a pedido.[\/vc_column_text][\/vc_column][\/mk_page_section][mk_page_section padding_top=\u00bb75&#8243; padding_bottom=\u00bb75&#8243; sidebar=\u00bbsidebar-1&#8243;][vc_column][mk_ornamental_title font_family=\u00bbnone\u00bb font_size=\u00bb35&#8243; ornament_style=\u00bbnorman-single\u00bb ornament_color=\u00bb#222944&#8243;]Los otros productos BOUVEUR[\/mk_ornamental_title][vc_row_inner][vc_column_inner width=\u00bb1\/3&#8243;][vc_single_image image=\u00bb241&#8243; img_size=\u00bbfull\u00bb onclick=\u00bbcustom_link\u00bb link=\u00bbhttps:\/\/bouveur.com\/es\/cuchillas-tundidoras\/cuchillas-espirales\/\u00bb][mk_button dimension=\u00bbtwo\u00bb size=\u00bbmedium\u00bb url=\u00bbhttps:\/\/bouveur.com\/es\/cuchillas-tundidoras\/cuchillas-espirales\/\u00bb fullwidth=\u00bbtrue\u00bb]CUCHILLAS ESPIRALES[\/mk_button][\/vc_column_inner][vc_column_inner width=\u00bb1\/3&#8243;][vc_single_image image=\u00bb239&#8243; img_size=\u00bbfull\u00bb onclick=\u00bbcustom_link\u00bb link=\u00bbhttps:\/\/bouveur.com\/es\/cuchillas-tundidoras\/cilindros-tundidores\/\u00bb][mk_button dimension=\u00bbtwo\u00bb size=\u00bbmedium\u00bb url=\u00bbhttps:\/\/bouveur.com\/es\/cuchillas-tundidoras\/cilindros-tundidores\/\u00bb fullwidth=\u00bbtrue\u00bb]CILINDROS TUNDIDORES[\/mk_button][\/vc_column_inner][vc_column_inner width=\u00bb1\/3&#8243;][vc_single_image image=\u00bb238&#8243; img_size=\u00bbfull\u00bb onclick=\u00bbcustom_link\u00bb link=\u00bbhttps:\/\/bouveur.com\/es\/cuchillas-tundidoras\/consumibles\/\u00bb][mk_button dimension=\u00bbtwo\u00bb size=\u00bbmedium\u00bb url=\u00bbhttps:\/\/bouveur.com\/es\/cuchillas-tundidoras\/consumibles\/\u00bb fullwidth=\u00bbtrue\u00bb]ACCESORIOS[\/mk_button][\/vc_column_inner][\/vc_row_inner][\/vc_column][\/mk_page_section]\n<\/div>","protected":false},"excerpt":{"rendered":"<p>[mk_page_section padding_top=\u00bb100&#8243; padding_bottom=\u00bb75&#8243; sidebar=\u00bbsidebar-1&#8243;][vc_column][mk_fancy_title size=\u00bb\u00bb font_family=\u00bbnone\u00bb]Los diferentes tipos de cuchillas BOUVEUR[\/mk_fancy_title][vc_column_text css=\u00bb.vc_custom_1560351847689{margin-bottom: 0px !important;}\u00bb]La calidad de las cuchillas planas BOUVEUR no necesita mostrase. Los aceros utilizados provienen de una colaboraci\u00f3n seguida con los m\u00e1s grandes aceristas mundiales. Nuestros aceros, ya sean poco o fuertemente aliados, procuran siempre la mayor calidad de rendimiento, calidad de cortado [&hellip;]<\/p>\n","protected":false},"author":1,"featured_media":0,"parent":337,"menu_order":2,"comment_status":"closed","ping_status":"closed","template":"","meta":{"footnotes":""},"class_list":["post-341","page","type-page","status-publish","hentry"],"yoast_head":"<!-- This site is optimized with the Yoast SEO plugin v27.2 - https:\/\/yoast.com\/product\/yoast-seo-wordpress\/ -->\n<title>Cuchillas Planas - BOUVEUR<\/title>\n<meta name=\"description\" content=\"Las cuchillas planas con diferentes aceros aleados de calidad provienen de los mayores aceristas mundiales y generan los mejores rendimientos.\" \/>\n<meta name=\"robots\" content=\"index, follow, max-snippet:-1, max-image-preview:large, max-video-preview:-1\" \/>\n<link rel=\"canonical\" href=\"https:\/\/bouveur.com\/es\/cuchillas-tundidoras\/cuchillas-planas\/\" \/>\n<meta property=\"og:locale\" content=\"es_ES\" \/>\n<meta property=\"og:type\" content=\"article\" \/>\n<meta property=\"og:title\" content=\"Cuchillas Planas - BOUVEUR\" \/>\n<meta property=\"og:description\" content=\"Las cuchillas planas con diferentes aceros aleados de calidad provienen de los mayores aceristas mundiales y generan los mejores rendimientos.\" \/>\n<meta property=\"og:url\" content=\"https:\/\/bouveur.com\/es\/cuchillas-tundidoras\/cuchillas-planas\/\" \/>\n<meta property=\"og:site_name\" content=\"BOUVEUR\" \/>\n<meta property=\"article:modified_time\" content=\"2019-07-04T12:06:06+00:00\" \/>\n<meta property=\"og:image\" content=\"https:\/\/bouveur.com\/wp-content\/uploads\/2018\/09\/textiles-serviettes-turbocut-bouveur-min-300x300.jpg\" \/>\n<meta name=\"twitter:card\" content=\"summary_large_image\" \/>\n<meta name=\"twitter:label1\" content=\"Tiempo de lectura\" \/>\n\t<meta name=\"twitter:data1\" content=\"4 minutos\" \/>\n<script type=\"application\/ld+json\" class=\"yoast-schema-graph\">{\"@context\":\"https:\/\/schema.org\",\"@graph\":[{\"@type\":\"WebPage\",\"@id\":\"https:\/\/bouveur.com\/es\/cuchillas-tundidoras\/cuchillas-planas\/\",\"url\":\"https:\/\/bouveur.com\/es\/cuchillas-tundidoras\/cuchillas-planas\/\",\"name\":\"Cuchillas Planas - BOUVEUR\",\"isPartOf\":{\"@id\":\"https:\/\/bouveur.com\/en\/#website\"},\"primaryImageOfPage\":{\"@id\":\"https:\/\/bouveur.com\/es\/cuchillas-tundidoras\/cuchillas-planas\/#primaryimage\"},\"image\":{\"@id\":\"https:\/\/bouveur.com\/es\/cuchillas-tundidoras\/cuchillas-planas\/#primaryimage\"},\"thumbnailUrl\":\"https:\/\/bouveur.com\/wp-content\/uploads\/2018\/09\/textiles-serviettes-turbocut-bouveur-min-300x300.jpg\",\"datePublished\":\"2017-09-06T17:07:07+00:00\",\"dateModified\":\"2019-07-04T12:06:06+00:00\",\"description\":\"Las cuchillas planas con diferentes aceros aleados de calidad provienen de los mayores aceristas mundiales y generan los mejores rendimientos.\",\"breadcrumb\":{\"@id\":\"https:\/\/bouveur.com\/es\/cuchillas-tundidoras\/cuchillas-planas\/#breadcrumb\"},\"inLanguage\":\"es\",\"potentialAction\":[{\"@type\":\"ReadAction\",\"target\":[\"https:\/\/bouveur.com\/es\/cuchillas-tundidoras\/cuchillas-planas\/\"]}]},{\"@type\":\"ImageObject\",\"inLanguage\":\"es\",\"@id\":\"https:\/\/bouveur.com\/es\/cuchillas-tundidoras\/cuchillas-planas\/#primaryimage\",\"url\":\"https:\/\/bouveur.com\/wp-content\/uploads\/2018\/09\/textiles-serviettes-turbocut-bouveur-min-300x300.jpg\",\"contentUrl\":\"https:\/\/bouveur.com\/wp-content\/uploads\/2018\/09\/textiles-serviettes-turbocut-bouveur-min-300x300.jpg\"},{\"@type\":\"BreadcrumbList\",\"@id\":\"https:\/\/bouveur.com\/es\/cuchillas-tundidoras\/cuchillas-planas\/#breadcrumb\",\"itemListElement\":[{\"@type\":\"ListItem\",\"position\":1,\"name\":\"Accueil\",\"item\":\"https:\/\/bouveur.com\/es\/\"},{\"@type\":\"ListItem\",\"position\":2,\"name\":\"Cuchillas de tundidoras\",\"item\":\"https:\/\/bouveur.com\/es\/cuchillas-tundidoras\/\"},{\"@type\":\"ListItem\",\"position\":3,\"name\":\"Cuchillas Planas\"}]},{\"@type\":\"WebSite\",\"@id\":\"https:\/\/bouveur.com\/en\/#website\",\"url\":\"https:\/\/bouveur.com\/en\/\",\"name\":\"BOUVEUR\",\"description\":\"Des lames au service des plus grandes exigences\",\"potentialAction\":[{\"@type\":\"SearchAction\",\"target\":{\"@type\":\"EntryPoint\",\"urlTemplate\":\"https:\/\/bouveur.com\/en\/?s={search_term_string}\"},\"query-input\":{\"@type\":\"PropertyValueSpecification\",\"valueRequired\":true,\"valueName\":\"search_term_string\"}}],\"inLanguage\":\"es\"}]}<\/script>\n<!-- \/ Yoast SEO plugin. -->","yoast_head_json":{"title":"Cuchillas Planas - BOUVEUR","description":"Las cuchillas planas con diferentes aceros aleados de calidad provienen de los mayores aceristas mundiales y generan los mejores rendimientos.","robots":{"index":"index","follow":"follow","max-snippet":"max-snippet:-1","max-image-preview":"max-image-preview:large","max-video-preview":"max-video-preview:-1"},"canonical":"https:\/\/bouveur.com\/es\/cuchillas-tundidoras\/cuchillas-planas\/","og_locale":"es_ES","og_type":"article","og_title":"Cuchillas Planas - BOUVEUR","og_description":"Las cuchillas planas con diferentes aceros aleados de calidad provienen de los mayores aceristas mundiales y generan los mejores rendimientos.","og_url":"https:\/\/bouveur.com\/es\/cuchillas-tundidoras\/cuchillas-planas\/","og_site_name":"BOUVEUR","article_modified_time":"2019-07-04T12:06:06+00:00","og_image":[{"url":"https:\/\/bouveur.com\/wp-content\/uploads\/2018\/09\/textiles-serviettes-turbocut-bouveur-min-300x300.jpg","type":"","width":"","height":""}],"twitter_card":"summary_large_image","twitter_misc":{"Tiempo de lectura":"4 minutos"},"schema":{"@context":"https:\/\/schema.org","@graph":[{"@type":"WebPage","@id":"https:\/\/bouveur.com\/es\/cuchillas-tundidoras\/cuchillas-planas\/","url":"https:\/\/bouveur.com\/es\/cuchillas-tundidoras\/cuchillas-planas\/","name":"Cuchillas Planas - BOUVEUR","isPartOf":{"@id":"https:\/\/bouveur.com\/en\/#website"},"primaryImageOfPage":{"@id":"https:\/\/bouveur.com\/es\/cuchillas-tundidoras\/cuchillas-planas\/#primaryimage"},"image":{"@id":"https:\/\/bouveur.com\/es\/cuchillas-tundidoras\/cuchillas-planas\/#primaryimage"},"thumbnailUrl":"https:\/\/bouveur.com\/wp-content\/uploads\/2018\/09\/textiles-serviettes-turbocut-bouveur-min-300x300.jpg","datePublished":"2017-09-06T17:07:07+00:00","dateModified":"2019-07-04T12:06:06+00:00","description":"Las cuchillas planas con diferentes aceros aleados de calidad provienen de los mayores aceristas mundiales y generan los mejores rendimientos.","breadcrumb":{"@id":"https:\/\/bouveur.com\/es\/cuchillas-tundidoras\/cuchillas-planas\/#breadcrumb"},"inLanguage":"es","potentialAction":[{"@type":"ReadAction","target":["https:\/\/bouveur.com\/es\/cuchillas-tundidoras\/cuchillas-planas\/"]}]},{"@type":"ImageObject","inLanguage":"es","@id":"https:\/\/bouveur.com\/es\/cuchillas-tundidoras\/cuchillas-planas\/#primaryimage","url":"https:\/\/bouveur.com\/wp-content\/uploads\/2018\/09\/textiles-serviettes-turbocut-bouveur-min-300x300.jpg","contentUrl":"https:\/\/bouveur.com\/wp-content\/uploads\/2018\/09\/textiles-serviettes-turbocut-bouveur-min-300x300.jpg"},{"@type":"BreadcrumbList","@id":"https:\/\/bouveur.com\/es\/cuchillas-tundidoras\/cuchillas-planas\/#breadcrumb","itemListElement":[{"@type":"ListItem","position":1,"name":"Accueil","item":"https:\/\/bouveur.com\/es\/"},{"@type":"ListItem","position":2,"name":"Cuchillas de tundidoras","item":"https:\/\/bouveur.com\/es\/cuchillas-tundidoras\/"},{"@type":"ListItem","position":3,"name":"Cuchillas Planas"}]},{"@type":"WebSite","@id":"https:\/\/bouveur.com\/en\/#website","url":"https:\/\/bouveur.com\/en\/","name":"BOUVEUR","description":"Des lames au service des plus grandes exigences","potentialAction":[{"@type":"SearchAction","target":{"@type":"EntryPoint","urlTemplate":"https:\/\/bouveur.com\/en\/?s={search_term_string}"},"query-input":{"@type":"PropertyValueSpecification","valueRequired":true,"valueName":"search_term_string"}}],"inLanguage":"es"}]}},"_links":{"self":[{"href":"https:\/\/bouveur.com\/es\/wp-json\/wp\/v2\/pages\/341","targetHints":{"allow":["GET"]}}],"collection":[{"href":"https:\/\/bouveur.com\/es\/wp-json\/wp\/v2\/pages"}],"about":[{"href":"https:\/\/bouveur.com\/es\/wp-json\/wp\/v2\/types\/page"}],"author":[{"embeddable":true,"href":"https:\/\/bouveur.com\/es\/wp-json\/wp\/v2\/users\/1"}],"replies":[{"embeddable":true,"href":"https:\/\/bouveur.com\/es\/wp-json\/wp\/v2\/comments?post=341"}],"version-history":[{"count":32,"href":"https:\/\/bouveur.com\/es\/wp-json\/wp\/v2\/pages\/341\/revisions"}],"predecessor-version":[{"id":1966,"href":"https:\/\/bouveur.com\/es\/wp-json\/wp\/v2\/pages\/341\/revisions\/1966"}],"up":[{"embeddable":true,"href":"https:\/\/bouveur.com\/es\/wp-json\/wp\/v2\/pages\/337"}],"wp:attachment":[{"href":"https:\/\/bouveur.com\/es\/wp-json\/wp\/v2\/media?parent=341"}],"curies":[{"name":"wp","href":"https:\/\/api.w.org\/{rel}","templated":true}]}}