{"id":340,"date":"2017-09-06T19:06:52","date_gmt":"2017-09-06T17:06:52","guid":{"rendered":"https:\/\/bouveur.com\/cuchillas-tundidoras\/cuchillas-espirales\/como-escoger-el-producto-mas-apropiado\/"},"modified":"2019-06-10T17:11:50","modified_gmt":"2019-06-10T15:11:50","slug":"como-escoger-el-producto-mas-apropiado","status":"publish","type":"page","link":"https:\/\/bouveur.com\/es\/cuchillas-tundidoras\/cuchillas-espirales\/como-escoger-el-producto-mas-apropiado\/","title":{"rendered":"C\u00f3mo escoger el producto m\u00e1s apropiado"},"content":{"rendered":"<div class=\"wpb-content-wrapper\">[mk_page_section padding_top=\u00bb100&#8243; padding_bottom=\u00bb100&#8243; sidebar=\u00bbsidebar-1&#8243;][vc_column][vc_row_inner][vc_column_inner][mk_fancy_title size=\u00bb\u00bb font_family=\u00bbnone\u00bb]<em>\u00bfC\u00f3mo escoger el producto m\u00e1s apropiado?<\/em><br \/>\nTome en cuenta los siguientes aspectos[\/mk_fancy_title][mk_fancy_title tag_name=\u00bbh4&#8243; size=\u00bb25&#8243; margin_top=\u00bb20&#8243; font_family=\u00bbnone\u00bb]1 \u2022 Conocer nuestras capacidades[\/mk_fancy_title][vc_column_text]<strong>BOUVEUR fabrica cuchillas espirales en diferentes largos y en diferentes di\u00e1metros.<\/strong> El largo puede variar entre 100 mm por las maquinas de muestra las m\u00e1s peque\u00f1as, y hasta 6500 mm para las m\u00e1quinas alfombras m\u00e1s grandes en el mercado mundial.<\/p>\n<p>Los di\u00e1metros pueden ser de 30 a 500 mm para los cilindros m\u00e1s gruesos.<\/p>\n<p>Cada una de nuestras cuchillas tienen un numero de referencia. Este n\u00famero permite identificar cada cuchilla e identificar a tiempo su origen y condiciones de fabricaci\u00f3n. Esto permite igualmente fabricar nuevamente una o varias cuchillas exactamente iguales a las precedentemente provistas.[\/vc_column_text][\/vc_column_inner][\/vc_row_inner][vc_row_inner][vc_column_inner][mk_fancy_title tag_name=\u00bbh4&#8243; size=\u00bb25&#8243; margin_top=\u00bb20&#8243; font_family=\u00bbnone\u00bb]2 \u2022 Comprender las caracter\u00edsticas de las cuchillas espirales[\/mk_fancy_title][vc_column_text]En funci\u00f3n de la demanda de nuestros clientes y respetando las caracter\u00edsticas de los constructores, nosotros elaboramos los diferentes tipos de cuchillas. Largo, di\u00e1metro, espesor, numero de estr\u00edas, sentido (a la derecha o a la izquierda), largo del paso. El n\u00famero de estr\u00edas al cent\u00edmetro que proponemos es diverso, lo que le permite una opci\u00f3n en funci\u00f3n de la materia a cortar.<\/p>\n<p>Numero de estr\u00edas seg\u00fan el cent\u00edmetro propuesto : 8 \u2013 9 \u2013 10 \u2013 11 \u2013 12 \u2013 13 \u2013 14 \u2013 15 \u2013 16 \u2013 18 \u2013 20 \u2013 22<\/p>\n<p><strong>El paso,<\/strong> dependiendo del largo var\u00eda seg\u00fan el art\u00edculo a cortar, debe ser rigurosamente constante e id\u00e9ntico para todas las cuchillas de una misma guarnici\u00f3n, cualquiera sea el largo saliente de nuestra f\u00e1brica, para todas las cuchillas de remplazo.<\/p>\n<p><strong>El rol de las estr\u00edas<\/strong><br \/>\nEl corte se hace por la acci\u00f3n combinada de las cuchillas espirales y de la cuchilla plana (o contra cuchilla) un poco como las l\u00e1minas de un par de tijeras. Las fibras que cortar debido al ataque oblicuo de las cuchillas espirales, tienen la tendencia de resbalarse. El rol de las estr\u00edas es de impedir ese resbalado y, por lo tanto, el corte en silbato que los t\u00e9cnicos del corte conocen bien. Las estr\u00edas no remplazan eficazmente este rol solamente si ellas tienen un \u00e1ngulo bien determinado, si ellas son profundas y muy regulares.[\/vc_column_text][mk_table el_class=\u00bbcustom-table\u00bb]\n<table width=\"100%\">\n<thead>\n<tr>\n<th colspan=\"4\">ESPESOR, ALTURA, LARGO Y NUMERO DE ESTRIAS<\/th>\n<\/tr>\n<\/thead>\n<tbody>\n<tr>\n<td>Espesor de la cuchilla espiral<\/td>\n<td>1,5mm<\/td>\n<td>2mm<\/td>\n<td>2mm<\/td>\n<\/tr>\n<tr>\n<td>Altura de la cuchilla espiral<\/td>\n<td>20mm<\/td>\n<td>20mm<\/td>\n<td>23mm<\/td>\n<\/tr>\n<tr>\n<td>Espesor de la tela<\/td>\n<td>Ligera a promedio<\/td>\n<td>Promedio<\/td>\n<td>Espesor<\/td>\n<\/tr>\n<tr>\n<td>Numero de estr\u00edas \/ cm<\/td>\n<td>\u00a013 \/ 14 \/ 15 \/ 16 \/ 18<\/td>\n<td>\u00a012 \/ 13 \/ 14<\/td>\n<td>\u00a08 \/ 9 \/ 10 \/ 11 \/ 12 \/ 13<\/td>\n<\/tr>\n<tr>\n<td>Largo de la cuchilla espiral<\/td>\n<td>\u00a0De 100mm a 6500mm<\/td>\n<td>\u00a0De 100mm a 6500mm<\/td>\n<td>\u00a0De 100mm a 6500mm<\/td>\n<\/tr>\n<\/tbody>\n<\/table>\n[\/mk_table][mk_button dimension=\u00bbsavvy\u00bb size=\u00bblarge\u00bb url=\u00bbhttps:\/\/bouveur.com\/es\/contacto\/\u00bb align=\u00bbright\u00bb margin_bottom=\u00bb35&#8243;]Contacto[\/mk_button][\/vc_column_inner][\/vc_row_inner][vc_row_inner][vc_column_inner][mk_fancy_title tag_name=\u00bbh4&#8243; size=\u00bb25&#8243; margin_top=\u00bb20&#8243; font_family=\u00bbnone\u00bb]3 \u2022 Escoger la tela y el constructor[\/mk_fancy_title][mk_table el_class=\u00bbcustom-table\u00bb]\n<table width=\"100%\">\n<thead>\n<tr>\n<th>TELA QUE CORTAR<\/th>\n<th>NUMERO DE ESTR\u00cdAS \/ CM<\/th>\n<th>ESPESOR Y ALTURA DE LAS CUCHILLAS<\/th>\n<\/tr>\n<\/thead>\n<tbody>\n<tr>\n<td>Estambre \/ hilado cardado<\/td>\n<td>18<\/td>\n<td>1,5mm \u2013 H 20mm<\/td>\n<\/tr>\n<tr>\n<td>Tejido liso (algod\u00f3n)<\/td>\n<td>13 \/ 14 \/ Edent\u00e9e<\/td>\n<td>1,5mm \u2013 H 20mm<\/td>\n<\/tr>\n<tr>\n<td>Pa\u00f1o de lana<\/td>\n<td>13 \/ 14<\/td>\n<td>1,5mm \u2013 H 20mm<\/td>\n<\/tr>\n<tr>\n<td>Bordado \/ Lace<\/td>\n<td>15 \/ 16 \/ 18 \/ Edent\u00e9e<\/td>\n<td>1,5mm a 2mm \u2013 H 20mm<\/td>\n<\/tr>\n<tr>\n<td>Terciopelo<\/td>\n<td>13 \/ 14<\/td>\n<td>1,5mm a 2mm \u2013 H 20mm<\/td>\n<\/tr>\n<tr>\n<td>Tejidos t\u00e9cnicos muy resistentes<\/td>\n<td>13 \/ 14 \/ 15 \/ 16<\/td>\n<td>2mm \u2013 H 20mm<\/td>\n<\/tr>\n<tr>\n<td>Polar<\/td>\n<td>15 \/ 16<\/td>\n<td>1.5mm \u2013 H 20mm<\/td>\n<\/tr>\n<tr>\n<td>Polar punto circular<\/td>\n<td>13 \/ 14 \/ 15 \/ 16<\/td>\n<td>1.5mm \u2013 H 20mm<\/td>\n<\/tr>\n<tr>\n<td>Mulet\u00f3n<\/td>\n<td>13 \/ 14 \/ 15 \/ 16 \/ 18<\/td>\n<td>1.5mm a 2mm \u2013 H 20mm<\/td>\n<\/tr>\n<tr>\n<td>Alfombras<\/td>\n<td>8 \/ 9 \/ 10 \/ 11 \/ 12<\/td>\n<td>2mm \u2013 H 23mm<\/td>\n<\/tr>\n<tr>\n<td>Sisal \/ Fibra coco<\/td>\n<td>8 \/ 9 \/ 10 \/ 11 \/ 12<\/td>\n<td>2mm \u2013 H 23mm<\/td>\n<\/tr>\n<\/tbody>\n<\/table>\n[\/mk_table][mk_button dimension=\u00bbsavvy\u00bb size=\u00bblarge\u00bb url=\u00bbhttps:\/\/bouveur.com\/es\/contacto\/\u00bb align=\u00bbright\u00bb margin_bottom=\u00bb35&#8243;]Contacto[\/mk_button][\/vc_column_inner][\/vc_row_inner][\/vc_column][\/mk_page_section][mk_page_section bg_image=\u00bbhttps:\/\/bouveur.com\/wp-content\/uploads\/2017\/09\/lame-spirale-bouveur-bg-blue.jpg\u00bb bg_position=\u00bbcenter center\u00bb bg_stretch=\u00bbtrue\u00bb padding_top=\u00bb75&#8243; padding_bottom=\u00bb75&#8243; el_class=\u00bbdark-section\u00bb sidebar=\u00bbsidebar-1&#8243;][vc_column][mk_fancy_title tag_name=\u00bbh4&#8243; size=\u00bb25&#8243; margin_top=\u00bb20&#8243; font_family=\u00bbnone\u00bb]Nuestras cuchillas espirales se adaptan a todas las maquinas construidas[\/mk_fancy_title][vc_row_inner][vc_column_inner width=\u00bb1\/4&#8243;][vc_column_text css=\u00bb.vc_custom_1521121548178{margin-bottom: 0px !important;}\u00bb]Anhui Laifu<br \/>\nAnmak<br \/>\nBailey<br \/>\nBailey James<br \/>\nBejimac<br \/>\nBitexma<br \/>\nBroma<br \/>\nCapdevilla<br \/>\nCaru<br \/>\nChangzhou KunLiang<br \/>\nChangzhou Machinery Works<br \/>\nChangzhou ShengWang<br \/>\nChangzhou TongYue Machinery<br \/>\nChien Lun<br \/>\nClasen<br \/>\nCogliati<br \/>\nComet<br \/>\nCurtis &amp; Marble<br \/>\nCrane Valve<br \/>\nCrosta[\/vc_column_text][\/vc_column_inner][vc_column_inner width=\u00bb1\/4&#8243;][vc_column_text css=\u00bb.vc_custom_1521121531209{margin-bottom: 0px !important;}\u00bb]Danti Paolo<br \/>\nDiriler<br \/>\nEFAB<br \/>\nFeraro Cometex<br \/>\nFontanet<br \/>\nGematex<br \/>\nGessner<br \/>\nGrosselin<br \/>\nGrosselin Bouveur<br \/>\nGuido Regis<br \/>\nGSL<br \/>\nHaining FangJi Machinery Works<br \/>\nH\u00e4mmerle<br \/>\nHergert<br \/>\nHolthausen<br \/>\nHuang<br \/>\nIkuang Machine Works<br \/>\nIwakura<br \/>\nJiangSu<br \/>\nJinan Sinotech[\/vc_column_text][\/vc_column_inner][vc_column_inner width=\u00bb1\/4&#8243;][vc_column_text css=\u00bb.vc_custom_1521121514873{margin-bottom: 0px !important;}\u00bb]Kettling &amp;amp; Braun<br \/>\nLafer<br \/>\nLafer Turk<br \/>\nLamperti<br \/>\nLamperti Antonio<br \/>\nLian Yun Gang<br \/>\nLidem<br \/>\nMario Crosta<br \/>\nMenschner<br \/>\nMiliken<br \/>\nMonfort<br \/>\nMortamet<br \/>\nM-tec<br \/>\nMTW<br \/>\nMuller Franz<br \/>\nMunsinger<br \/>\nNikki<br \/>\nParks &amp;amp; Woolson<br \/>\nPengLeng<br \/>\nPeyman Machine Isfahan[\/vc_column_text][\/vc_column_inner][vc_column_inner width=\u00bb1\/4&#8243;][vc_column_text css=\u00bb.vc_custom_1521121497525{margin-bottom: 0px !important;}\u00bb]Raxhon<br \/>\nRiley<br \/>\nSaber<br \/>\nSai Sukritii International<br \/>\nSanta Clara<br \/>\nSara Tex<br \/>\nScholaert<br \/>\nSellers<br \/>\nShaterian<br \/>\nShanghai Good Grinding<br \/>\nSistig<br \/>\nSucker\/M\u00fcller<br \/>\nSurber<br \/>\nTacome<br \/>\nTianJin HuaDi LianXin<br \/>\nTMT<br \/>\nTorres<br \/>\nUnitech<br \/>\nWuXi Xin Yi<br \/>\nXetma\u00a0Vollenweider[\/vc_column_text][\/vc_column_inner][\/vc_row_inner][\/vc_column][\/mk_page_section][mk_page_section padding_top=\u00bb100&#8243; padding_bottom=\u00bb100&#8243; sidebar=\u00bbsidebar-1&#8243;][vc_column][vc_row_inner][vc_column_inner][mk_fancy_title tag_name=\u00bbh4&#8243; size=\u00bb25&#8243; margin_top=\u00bb20&#8243; font_family=\u00bbnone\u00bb]4 \u2022 Informarse acerca de los \u00abguarniciones\u00bb[\/mk_fancy_title][\/vc_column_inner][\/vc_row_inner][vc_row_inner][vc_column_inner width=\u00bb1\/2&#8243;][mk_image src=\u00bbhttps:\/\/bouveur.com\/wp-content\/uploads\/2017\/09\/garniture-bouveur-1.jpg\u00bb image_size=\u00bbfull\u00bb title=\u00bbLas cuchillas espirales son colocadas fijadas en el cilindro a la ayuda de varillas soldadas perfectamente\u00bb][vc_empty_space height=\u00bb10px\u00bb][mk_image src=\u00bbhttps:\/\/bouveur.com\/wp-content\/uploads\/2017\/09\/garniture-bouveur-3.jpg\u00bb image_size=\u00bbfull\u00bb title=\u00bbLa tensi\u00f3n final de las cuchillas espirales se realiza con la ayuda de una llave dinamom\u00e9trica.\u00bb][\/vc_column_inner][vc_column_inner width=\u00bb1\/2&#8243;][mk_image src=\u00bbhttps:\/\/bouveur.com\/wp-content\/uploads\/2017\/09\/garniture-bouveur-2.jpg\u00bb image_size=\u00bbfull\u00bb title=\u00bbLos discos de fijaci\u00f3n son realizados por mecanizado y el divisor perforado, al \u00e1ngulo especifico en funci\u00f3n del paso de las cuchillas.\u00bb][vc_empty_space height=\u00bb10px\u00bb][mk_image src=\u00bbhttps:\/\/bouveur.com\/wp-content\/uploads\/2017\/09\/garniture-bouveur-4.jpg\u00bb image_size=\u00bbfull\u00bb title=\u00bbLas cuchillas espirales montadas en el cilindro, pueden ser reforzadas por varias filas de tornillos, que si es necesario impiden los movimientos de las cuchillas en caso de corte muy dif\u00edcil o de choques eventuales.\u00bb][\/vc_column_inner][\/vc_row_inner][vc_row_inner css=\u00bb.vc_custom_1502813521872{margin-top: 75px !important;}\u00bb][vc_column_inner width=\u00bb1\/2&#8243;][mk_fancy_title tag_name=\u00bbh4&#8243; size=\u00bb25&#8243; margin_top=\u00bb20&#8243; font_family=\u00bbnone\u00bb]5 \u2022 Nuestra t\u00e9cnica[\/mk_fancy_title][mk_fancy_title tag_name=\u00bbh5&#8243; size=\u00bb25&#8243; margin_top=\u00bb20&#8243; font_family=\u00bbnone\u00bb]Importancia de las cuchillas de corte[\/mk_fancy_title][vc_column_text]Cualquiera sea el grado de perfecci\u00f3n jam\u00e1s alcanzado hoy en d\u00eda por la cortadora textil, en su concepci\u00f3n y realizaci\u00f3n, no es menos cierto que son las cuchillas las que cuentan en la materia.<\/p>\n<p><strong>Nuestras prioridades<\/strong><br \/>\n1) la eficacia del cortado<br \/>\n2) la calidad del cortado<br \/>\n3) el tiempo de vida[\/vc_column_text][\/vc_column_inner][vc_column_inner width=\u00bb1\/2&#8243;][vc_empty_space height=\u00bb90px\u00bb][vc_single_image image=\u00bb143&#8243; img_size=\u00bbfull\u00bb][\/vc_column_inner][\/vc_row_inner][vc_row_inner][vc_column_inner width=\u00bb1\/2&#8243;][vc_empty_space height=\u00bb90px\u00bb][vc_single_image image=\u00bb203&#8243; img_size=\u00bbfull\u00bb][\/vc_column_inner][vc_column_inner width=\u00bb1\/2&#8243;][mk_fancy_title tag_name=\u00bbh5&#8243; size=\u00bb25&#8243; margin_top=\u00bb20&#8243; font_family=\u00bbnone\u00bb]La cuchilla espiral bouveur[\/mk_fancy_title][vc_column_text]<strong>La cuchilla espiral, vista de perfil, presenta dos partes bien distintas.<\/strong><\/p>\n<ul>\n<li>El ala afilada, generalmente estriado<\/li>\n<li>El tal\u00f3n que est\u00e1 anclado en el cuerpo del cilindro para dar a la cuchilla el m\u00e1ximo de resistencia y corte de la materia en las mejores condiciones de eficiencia y durabilidad.<\/li>\n<li>El ala afilada debe tener una forma curva, que debe ser constante hasta el uso completo de la cuchilla.<\/li>\n<li>El rol del tal\u00f3n es primordial, puesto que de este depende la buena estabilidad de la cuchilla en el cilindro.<\/li>\n<li>Si el perfil del ala afilada es invariable, el valor del \u00e1ngulo que forma con el tal\u00f3n cambia de funci\u00f3n del di\u00e1metro del cilindro y del largo del paso. Es una regla capital que no podr\u00eda ser transgredida. Es necesario igualmente que el grado de torsi\u00f3n y el di\u00e1metro de devanado sean calculados de tal suerte, que la cara interna c\u00f3ncava del tal\u00f3n viene a acoplarse muy estrechamente, sobre todo el largo, en el cuerpo del cilindro. Ello quiere decir que cada tipo de cuchilla espiral necesita una ejecuci\u00f3n especial correspondiente a las caracter\u00edsticas impuestas.<\/li>\n<\/ul>\n[\/vc_column_text][\/vc_column_inner][\/vc_row_inner][\/vc_column][\/mk_page_section][mk_page_section bg_color=\u00bb#ededed\u00bb padding_top=\u00bb75&#8243; padding_bottom=\u00bb75&#8243; sidebar=\u00bbsidebar-1&#8243;][vc_column][mk_ornamental_title font_family=\u00bbnone\u00bb font_size=\u00bb35&#8243; ornament_style=\u00bbnorman-single\u00bb ornament_color=\u00bb#222944&#8243;]Los otros productos BOUVEUR[\/mk_ornamental_title][vc_row_inner][vc_column_inner width=\u00bb1\/3&#8243;][vc_single_image image=\u00bb240&#8243; img_size=\u00bbfull\u00bb onclick=\u00bbcustom_link\u00bb link=\u00bbhttps:\/\/bouveur.com\/es\/cuchillas-tundidoras\/cuchillas-planas\/\u00bb][mk_button dimension=\u00bbtwo\u00bb size=\u00bbmedium\u00bb url=\u00bbhttps:\/\/bouveur.com\/es\/cuchillas-tundidoras\/cuchillas-planas\/\u00bb fullwidth=\u00bbtrue\u00bb]Cuchillas planas[\/mk_button][\/vc_column_inner][vc_column_inner width=\u00bb1\/3&#8243;][vc_single_image image=\u00bb239&#8243; img_size=\u00bbfull\u00bb onclick=\u00bbcustom_link\u00bb link=\u00bbhttps:\/\/bouveur.com\/es\/cuchillas-tundidoras\/cilindros-tundidores\/\u00bb][mk_button dimension=\u00bbtwo\u00bb size=\u00bbmedium\u00bb url=\u00bbhttps:\/\/bouveur.com\/es\/cuchillas-tundidoras\/cilindros-tundidores\/\u00bb fullwidth=\u00bbtrue\u00bb]Cilindros tundidores[\/mk_button][\/vc_column_inner][vc_column_inner width=\u00bb1\/3&#8243;][vc_single_image image=\u00bb238&#8243; img_size=\u00bbfull\u00bb onclick=\u00bbcustom_link\u00bb link=\u00bbhttps:\/\/bouveur.com\/es\/cuchillas-tundidoras\/consumibles\/\u00bb][mk_button dimension=\u00bbtwo\u00bb size=\u00bbmedium\u00bb url=\u00bbhttps:\/\/bouveur.com\/es\/cuchillas-tundidoras\/consumibles\/\u00bb fullwidth=\u00bbtrue\u00bb]ACCESORIOES[\/mk_button][\/vc_column_inner][\/vc_row_inner][\/vc_column][\/mk_page_section]\n<\/div>","protected":false},"excerpt":{"rendered":"<p>[mk_page_section padding_top=\u00bb100&#8243; padding_bottom=\u00bb100&#8243; sidebar=\u00bbsidebar-1&#8243;][vc_column][vc_row_inner][vc_column_inner][mk_fancy_title size=\u00bb\u00bb font_family=\u00bbnone\u00bb]\u00bfC\u00f3mo escoger el producto m\u00e1s apropiado? Tome en cuenta los siguientes aspectos[\/mk_fancy_title][mk_fancy_title tag_name=\u00bbh4&#8243; size=\u00bb25&#8243; margin_top=\u00bb20&#8243; font_family=\u00bbnone\u00bb]1 \u2022 Conocer nuestras capacidades[\/mk_fancy_title][vc_column_text]BOUVEUR fabrica cuchillas espirales en diferentes largos y en diferentes di\u00e1metros. El largo puede variar entre 100 mm por las maquinas de muestra las m\u00e1s peque\u00f1as, y hasta 6500 mm para [&hellip;]<\/p>\n","protected":false},"author":1,"featured_media":0,"parent":338,"menu_order":2,"comment_status":"closed","ping_status":"closed","template":"","meta":{"footnotes":""},"class_list":["post-340","page","type-page","status-publish","hentry"],"yoast_head":"<!-- This site is optimized with the Yoast SEO plugin v27.4 - https:\/\/yoast.com\/product\/yoast-seo-wordpress\/ -->\n<title>C\u00f3mo escoger el producto m\u00e1s apropiado - BOUVEUR<\/title>\n<meta name=\"robots\" content=\"index, follow, max-snippet:-1, max-image-preview:large, max-video-preview:-1\" \/>\n<link rel=\"canonical\" href=\"https:\/\/bouveur.com\/es\/cuchillas-tundidoras\/cuchillas-espirales\/como-escoger-el-producto-mas-apropiado\/\" \/>\n<meta property=\"og:locale\" content=\"es_ES\" \/>\n<meta property=\"og:type\" content=\"article\" \/>\n<meta property=\"og:title\" content=\"C\u00f3mo escoger el producto m\u00e1s apropiado - BOUVEUR\" \/>\n<meta property=\"og:description\" content=\"[mk_page_section padding_top=\u00bb100&#8243; padding_bottom=\u00bb100&#8243; sidebar=\u00bbsidebar-1&#8243;][vc_column][vc_row_inner][vc_column_inner][mk_fancy_title size=\u00bb\u00bb font_family=\u00bbnone\u00bb]\u00bfC\u00f3mo escoger el producto m\u00e1s apropiado? Tome en cuenta los siguientes aspectos[\/mk_fancy_title][mk_fancy_title tag_name=\u00bbh4&#8243; size=\u00bb25&#8243; margin_top=\u00bb20&#8243; font_family=\u00bbnone\u00bb]1 \u2022 Conocer nuestras capacidades[\/mk_fancy_title][vc_column_text]BOUVEUR fabrica cuchillas espirales en diferentes largos y en diferentes di\u00e1metros. El largo puede variar entre 100 mm por las maquinas de muestra las m\u00e1s peque\u00f1as, y hasta 6500 mm para [&hellip;]\" \/>\n<meta property=\"og:url\" content=\"https:\/\/bouveur.com\/es\/cuchillas-tundidoras\/cuchillas-espirales\/como-escoger-el-producto-mas-apropiado\/\" \/>\n<meta property=\"og:site_name\" content=\"BOUVEUR\" \/>\n<meta property=\"article:modified_time\" content=\"2019-06-10T15:11:50+00:00\" \/>\n<meta name=\"twitter:card\" content=\"summary_large_image\" \/>\n<meta name=\"twitter:label1\" content=\"Tiempo de lectura\" \/>\n\t<meta name=\"twitter:data1\" content=\"9 minutos\" \/>\n<script type=\"application\/ld+json\" class=\"yoast-schema-graph\">{\"@context\":\"https:\\\/\\\/schema.org\",\"@graph\":[{\"@type\":\"WebPage\",\"@id\":\"https:\\\/\\\/bouveur.com\\\/es\\\/cuchillas-tundidoras\\\/cuchillas-espirales\\\/como-escoger-el-producto-mas-apropiado\\\/\",\"url\":\"https:\\\/\\\/bouveur.com\\\/es\\\/cuchillas-tundidoras\\\/cuchillas-espirales\\\/como-escoger-el-producto-mas-apropiado\\\/\",\"name\":\"C\u00f3mo escoger el producto m\u00e1s apropiado - BOUVEUR\",\"isPartOf\":{\"@id\":\"https:\\\/\\\/bouveur.com\\\/en\\\/#website\"},\"datePublished\":\"2017-09-06T17:06:52+00:00\",\"dateModified\":\"2019-06-10T15:11:50+00:00\",\"breadcrumb\":{\"@id\":\"https:\\\/\\\/bouveur.com\\\/es\\\/cuchillas-tundidoras\\\/cuchillas-espirales\\\/como-escoger-el-producto-mas-apropiado\\\/#breadcrumb\"},\"inLanguage\":\"es\",\"potentialAction\":[{\"@type\":\"ReadAction\",\"target\":[\"https:\\\/\\\/bouveur.com\\\/es\\\/cuchillas-tundidoras\\\/cuchillas-espirales\\\/como-escoger-el-producto-mas-apropiado\\\/\"]}]},{\"@type\":\"BreadcrumbList\",\"@id\":\"https:\\\/\\\/bouveur.com\\\/es\\\/cuchillas-tundidoras\\\/cuchillas-espirales\\\/como-escoger-el-producto-mas-apropiado\\\/#breadcrumb\",\"itemListElement\":[{\"@type\":\"ListItem\",\"position\":1,\"name\":\"Accueil\",\"item\":\"https:\\\/\\\/bouveur.com\\\/es\\\/\"},{\"@type\":\"ListItem\",\"position\":2,\"name\":\"Cuchillas de tundidoras\",\"item\":\"https:\\\/\\\/bouveur.com\\\/es\\\/cuchillas-tundidoras\\\/\"},{\"@type\":\"ListItem\",\"position\":3,\"name\":\"Cuchillas espirales\",\"item\":\"https:\\\/\\\/bouveur.com\\\/es\\\/cuchillas-tundidoras\\\/cuchillas-espirales\\\/\"},{\"@type\":\"ListItem\",\"position\":4,\"name\":\"C\u00f3mo escoger el producto m\u00e1s apropiado\"}]},{\"@type\":\"WebSite\",\"@id\":\"https:\\\/\\\/bouveur.com\\\/en\\\/#website\",\"url\":\"https:\\\/\\\/bouveur.com\\\/en\\\/\",\"name\":\"BOUVEUR\",\"description\":\"Des lames au service des plus grandes exigences\",\"potentialAction\":[{\"@type\":\"SearchAction\",\"target\":{\"@type\":\"EntryPoint\",\"urlTemplate\":\"https:\\\/\\\/bouveur.com\\\/en\\\/?s={search_term_string}\"},\"query-input\":{\"@type\":\"PropertyValueSpecification\",\"valueRequired\":true,\"valueName\":\"search_term_string\"}}],\"inLanguage\":\"es\"}]}<\/script>\n<!-- \/ Yoast SEO plugin. -->","yoast_head_json":{"title":"C\u00f3mo escoger el producto m\u00e1s apropiado - BOUVEUR","robots":{"index":"index","follow":"follow","max-snippet":"max-snippet:-1","max-image-preview":"max-image-preview:large","max-video-preview":"max-video-preview:-1"},"canonical":"https:\/\/bouveur.com\/es\/cuchillas-tundidoras\/cuchillas-espirales\/como-escoger-el-producto-mas-apropiado\/","og_locale":"es_ES","og_type":"article","og_title":"C\u00f3mo escoger el producto m\u00e1s apropiado - BOUVEUR","og_description":"[mk_page_section padding_top=\u00bb100&#8243; padding_bottom=\u00bb100&#8243; sidebar=\u00bbsidebar-1&#8243;][vc_column][vc_row_inner][vc_column_inner][mk_fancy_title size=\u00bb\u00bb font_family=\u00bbnone\u00bb]\u00bfC\u00f3mo escoger el producto m\u00e1s apropiado? Tome en cuenta los siguientes aspectos[\/mk_fancy_title][mk_fancy_title tag_name=\u00bbh4&#8243; size=\u00bb25&#8243; margin_top=\u00bb20&#8243; font_family=\u00bbnone\u00bb]1 \u2022 Conocer nuestras capacidades[\/mk_fancy_title][vc_column_text]BOUVEUR fabrica cuchillas espirales en diferentes largos y en diferentes di\u00e1metros. El largo puede variar entre 100 mm por las maquinas de muestra las m\u00e1s peque\u00f1as, y hasta 6500 mm para [&hellip;]","og_url":"https:\/\/bouveur.com\/es\/cuchillas-tundidoras\/cuchillas-espirales\/como-escoger-el-producto-mas-apropiado\/","og_site_name":"BOUVEUR","article_modified_time":"2019-06-10T15:11:50+00:00","twitter_card":"summary_large_image","twitter_misc":{"Tiempo de lectura":"9 minutos"},"schema":{"@context":"https:\/\/schema.org","@graph":[{"@type":"WebPage","@id":"https:\/\/bouveur.com\/es\/cuchillas-tundidoras\/cuchillas-espirales\/como-escoger-el-producto-mas-apropiado\/","url":"https:\/\/bouveur.com\/es\/cuchillas-tundidoras\/cuchillas-espirales\/como-escoger-el-producto-mas-apropiado\/","name":"C\u00f3mo escoger el producto m\u00e1s apropiado - BOUVEUR","isPartOf":{"@id":"https:\/\/bouveur.com\/en\/#website"},"datePublished":"2017-09-06T17:06:52+00:00","dateModified":"2019-06-10T15:11:50+00:00","breadcrumb":{"@id":"https:\/\/bouveur.com\/es\/cuchillas-tundidoras\/cuchillas-espirales\/como-escoger-el-producto-mas-apropiado\/#breadcrumb"},"inLanguage":"es","potentialAction":[{"@type":"ReadAction","target":["https:\/\/bouveur.com\/es\/cuchillas-tundidoras\/cuchillas-espirales\/como-escoger-el-producto-mas-apropiado\/"]}]},{"@type":"BreadcrumbList","@id":"https:\/\/bouveur.com\/es\/cuchillas-tundidoras\/cuchillas-espirales\/como-escoger-el-producto-mas-apropiado\/#breadcrumb","itemListElement":[{"@type":"ListItem","position":1,"name":"Accueil","item":"https:\/\/bouveur.com\/es\/"},{"@type":"ListItem","position":2,"name":"Cuchillas de tundidoras","item":"https:\/\/bouveur.com\/es\/cuchillas-tundidoras\/"},{"@type":"ListItem","position":3,"name":"Cuchillas espirales","item":"https:\/\/bouveur.com\/es\/cuchillas-tundidoras\/cuchillas-espirales\/"},{"@type":"ListItem","position":4,"name":"C\u00f3mo escoger el producto m\u00e1s apropiado"}]},{"@type":"WebSite","@id":"https:\/\/bouveur.com\/en\/#website","url":"https:\/\/bouveur.com\/en\/","name":"BOUVEUR","description":"Des lames au service des plus grandes exigences","potentialAction":[{"@type":"SearchAction","target":{"@type":"EntryPoint","urlTemplate":"https:\/\/bouveur.com\/en\/?s={search_term_string}"},"query-input":{"@type":"PropertyValueSpecification","valueRequired":true,"valueName":"search_term_string"}}],"inLanguage":"es"}]}},"_links":{"self":[{"href":"https:\/\/bouveur.com\/es\/wp-json\/wp\/v2\/pages\/340","targetHints":{"allow":["GET"]}}],"collection":[{"href":"https:\/\/bouveur.com\/es\/wp-json\/wp\/v2\/pages"}],"about":[{"href":"https:\/\/bouveur.com\/es\/wp-json\/wp\/v2\/types\/page"}],"author":[{"embeddable":true,"href":"https:\/\/bouveur.com\/es\/wp-json\/wp\/v2\/users\/1"}],"replies":[{"embeddable":true,"href":"https:\/\/bouveur.com\/es\/wp-json\/wp\/v2\/comments?post=340"}],"version-history":[{"count":42,"href":"https:\/\/bouveur.com\/es\/wp-json\/wp\/v2\/pages\/340\/revisions"}],"predecessor-version":[{"id":1834,"href":"https:\/\/bouveur.com\/es\/wp-json\/wp\/v2\/pages\/340\/revisions\/1834"}],"up":[{"embeddable":true,"href":"https:\/\/bouveur.com\/es\/wp-json\/wp\/v2\/pages\/338"}],"wp:attachment":[{"href":"https:\/\/bouveur.com\/es\/wp-json\/wp\/v2\/media?parent=340"}],"curies":[{"name":"wp","href":"https:\/\/api.w.org\/{rel}","templated":true}]}}