{"id":338,"date":"2017-09-06T19:05:56","date_gmt":"2017-09-06T17:05:56","guid":{"rendered":"https:\/\/bouveur.com\/cuchillas-tundidoras\/cuchillas-espirales\/"},"modified":"2019-12-11T22:49:45","modified_gmt":"2019-12-11T21:49:45","slug":"cuchillas-espirales","status":"publish","type":"page","link":"https:\/\/bouveur.com\/es\/cuchillas-tundidoras\/cuchillas-espirales\/","title":{"rendered":"Cuchillas espirales"},"content":{"rendered":"<div class=\"wpb-content-wrapper\">[mk_page_section padding_top=\u00bb100&#8243; padding_bottom=\u00bb75&#8243; sidebar=\u00bbsidebar-1&#8243;][vc_column][mk_fancy_title size=\u00bb\u00bb font_family=\u00bbnone\u00bb]Cuchillas al servicio de las mas altas exigencias[\/mk_fancy_title][vc_column_text css=\u00bb.vc_custom_1560351193844{margin-bottom: 0px !important;}\u00bb]Cualquiera sea el grado de perfecci\u00f3n jam\u00e1s alcanzado hoy en d\u00eda por la tundidora textil, en su concepci\u00f3n y realizaci\u00f3n, no es menos cierto que son las cuchillas las que cuentan en la materia.[\/vc_column_text][rev_slider_vc alias=\u00bblames-spirales\u00bb][vc_row_inner][vc_column_inner width=\u00bb1\/2&#8243;][mk_button dimension=\u00bbsavvy\u00bb size=\u00bblarge\u00bb icon=\u00bbmk-icon-question-circle\u00bb url=\u00bbhttps:\/\/bouveur.com\/es\/cuchillas-tundidoras\/cuchillas-espirales\/como-escoger-el-producto-mas-apropiado\/\u00bb target=\u00bb_blank\u00bb align=\u00bbcenter\u00bb fullwidth=\u00bbtrue\u00bb margin_right=\u00bb0&#8243; outline_skin=\u00bbcustom\u00bb outline_active_text_color=\u00bb#222944&#8243; outline_hover_bg_color=\u00bb#222944&#8243; outline_hover_color=\u00bb#ffffff\u00bb]\u00bfC\u00f3mo escoger el producto m\u00e1s apropiado?[\/mk_button][\/vc_column_inner][vc_column_inner width=\u00bb1\/2&#8243;][mk_button dimension=\u00bbsavvy\u00bb size=\u00bblarge\u00bb icon=\u00bbmk-icon-download\u00bb url=\u00bbhttps:\/\/bouveur.com\/wp-content\/uploads\/2019\/06\/cuchillas-espirales-estudio-tcnico-bouveur.pdf\u00bb target=\u00bb_blank\u00bb align=\u00bbcenter\u00bb fullwidth=\u00bbtrue\u00bb margin_bottom=\u00bb10&#8243; outline_skin=\u00bbcustom\u00bb outline_active_text_color=\u00bb#222944&#8243; outline_hover_bg_color=\u00bb#222944&#8243; outline_hover_color=\u00bb#ffffff\u00bb] Agradecemos descargar el plan a fin de completarlo[\/mk_button][\/vc_column_inner][\/vc_row_inner][\/vc_column][\/mk_page_section][mk_page_section padding_bottom=\u00bb0&#8243; sidebar=\u00bbsidebar-1&#8243;][vc_column width=\u00bb1\/2&#8243;][mk_content_box heading=\u00bbTrempe dans la masse\u00bb el_class=\u00bbblue-custom-bg\u00bb][mk_fancy_title tag_name=\u00bbh4&#8243; color=\u00bb#ffffff\u00bb size=\u00bb\u00bb font_family=\u00bbnone\u00bb]Importancia de las cuchillas de corte[\/mk_fancy_title][vc_column_text]Ellas constituyen el alma de su m\u00e1quina. La calidad y la belleza del resultado obtenido depende siempre de las cuchillas escogidas.[\/vc_column_text][\/mk_content_box][mk_content_box heading=\u00bbTrempe dans la masse\u00bb el_class=\u00bbblue-custom-bg\u00bb][mk_fancy_title tag_name=\u00bbh4&#8243; color=\u00bb#ffffff\u00bb size=\u00bb\u00bb font_family=\u00bbnone\u00bb]Origen y calidad del acero[\/mk_fancy_title][vc_column_text]Los aceros utilizados provienen de una colaboraci\u00f3n seguida con los m\u00e1s grandes aceristas mundiales.[\/vc_column_text][vc_empty_space height=\u00bb26px\u00bb][\/mk_content_box][\/vc_column][vc_column width=\u00bb1\/2&#8243;][mk_content_box heading=\u00bbTrempe dans la masse\u00bb el_class=\u00bbblue-custom-bg\u00bb][mk_fancy_title tag_name=\u00bbh4&#8243; color=\u00bb#ffffff\u00bb size=\u00bb\u00bb font_family=\u00bbnone\u00bb]Calidad de las cuchillas[\/mk_fancy_title][vc_column_text]Las cuchillas planas BOUVEUR est\u00e1n concebidas para asegurar una resistencia m\u00e1xima al desgaste.[\/vc_column_text][\/mk_content_box][mk_content_box heading=\u00bbTrempe dans la masse\u00bb el_class=\u00bbblue-custom-bg\u00bb][mk_fancy_title tag_name=\u00bbh4&#8243; color=\u00bb#ffffff\u00bb size=\u00bb\u00bb font_family=\u00bbnone\u00bb]Nuestras prioridades[\/mk_fancy_title][vc_column_text]1) la eficacia del cortado<br \/>\n2) la calidad del cortado<br \/>\n3) el tiempo de vida[\/vc_column_text][\/mk_content_box][\/vc_column][\/mk_page_section][mk_page_section padding_top=\u00bb0&#8243; padding_bottom=\u00bb75&#8243; sidebar=\u00bbsidebar-1&#8243;][vc_column][\/vc_column][\/mk_page_section][mk_page_section bg_color=\u00bb#ededed\u00bb padding_top=\u00bb75&#8243; padding_bottom=\u00bb75&#8243; sidebar=\u00bbsidebar-1&#8243;][vc_column][mk_ornamental_title font_family=\u00bbnone\u00bb font_size=\u00bb35&#8243; ornament_style=\u00bbnorman-single\u00bb ornament_color=\u00bb#222944&#8243;]Los otros productos BOUVEUR[\/mk_ornamental_title][vc_row_inner][vc_column_inner width=\u00bb1\/3&#8243;][vc_single_image image=\u00bb240&#8243; img_size=\u00bbfull\u00bb onclick=\u00bbcustom_link\u00bb link=\u00bbhttps:\/\/bouveur.com\/lames-tondeuses\/lames-plates\/\u00bb][mk_button dimension=\u00bbtwo\u00bb size=\u00bbmedium\u00bb url=\u00bbhttps:\/\/bouveur.com\/es\/cuchillas-tundidoras\/cuchillas-planas\/\u00bb fullwidth=\u00bbtrue\u00bb]CUCHILLAS PLANAS[\/mk_button][\/vc_column_inner][vc_column_inner width=\u00bb1\/3&#8243;][vc_single_image image=\u00bb239&#8243; img_size=\u00bbfull\u00bb onclick=\u00bbcustom_link\u00bb link=\u00bbhttps:\/\/bouveur.com\/lames-tondeuses\/cylindres-tondeurs\/\u00bb][mk_button dimension=\u00bbtwo\u00bb size=\u00bbmedium\u00bb url=\u00bbhttps:\/\/bouveur.com\/es\/cuchillas-tundidoras\/cilindros-tundidores\/\u00bb fullwidth=\u00bbtrue\u00bb]CILINDROS TUNDIDORES[\/mk_button][\/vc_column_inner][vc_column_inner width=\u00bb1\/3&#8243;][vc_single_image image=\u00bb238&#8243; img_size=\u00bbfull\u00bb onclick=\u00bbcustom_link\u00bb link=\u00bbhttps:\/\/bouveur.com\/lames-tondeuses\/consommables\/\u00bb][mk_button dimension=\u00bbtwo\u00bb size=\u00bbmedium\u00bb url=\u00bbhttps:\/\/bouveur.com\/es\/cuchillas-tundidoras\/consumibles\/\u00bb fullwidth=\u00bbtrue\u00bb]ACCESORIOS[\/mk_button][\/vc_column_inner][\/vc_row_inner][\/vc_column][\/mk_page_section]\n<\/div>","protected":false},"excerpt":{"rendered":"<p>[mk_page_section padding_top=\u00bb100&#8243; padding_bottom=\u00bb75&#8243; sidebar=\u00bbsidebar-1&#8243;][vc_column][mk_fancy_title size=\u00bb\u00bb font_family=\u00bbnone\u00bb]Cuchillas al servicio de las mas altas exigencias[\/mk_fancy_title][vc_column_text css=\u00bb.vc_custom_1560351193844{margin-bottom: 0px !important;}\u00bb]Cualquiera sea el grado de perfecci\u00f3n jam\u00e1s alcanzado hoy en d\u00eda por la tundidora textil, en su concepci\u00f3n y realizaci\u00f3n, no es menos cierto que son las cuchillas las que cuentan en la materia.[\/vc_column_text][rev_slider_vc alias=\u00bblames-spirales\u00bb][vc_row_inner][vc_column_inner width=\u00bb1\/2&#8243;][mk_button dimension=\u00bbsavvy\u00bb size=\u00bblarge\u00bb icon=\u00bbmk-icon-question-circle\u00bb url=\u00bbhttps:\/\/bouveur.com\/es\/cuchillas-tundidoras\/cuchillas-espirales\/como-escoger-el-producto-mas-apropiado\/\u00bb [&hellip;]<\/p>\n","protected":false},"author":1,"featured_media":0,"parent":337,"menu_order":1,"comment_status":"closed","ping_status":"closed","template":"","meta":{"footnotes":""},"class_list":["post-338","page","type-page","status-publish","hentry"],"yoast_head":"<!-- This site is optimized with the Yoast SEO plugin v27.2 - https:\/\/yoast.com\/product\/yoast-seo-wordpress\/ -->\n<title>Cuchillas espirales - BOUVEUR<\/title>\n<meta name=\"description\" content=\"Las cuchillas tundidoras vienen de los principales aceristas mundiales y cumplen a los criterios exigentes: corte eficiente, r\u00e1pido y de calidad.\" \/>\n<meta name=\"robots\" content=\"index, follow, max-snippet:-1, max-image-preview:large, max-video-preview:-1\" \/>\n<link rel=\"canonical\" href=\"https:\/\/bouveur.com\/es\/cuchillas-tundidoras\/cuchillas-espirales\/\" \/>\n<meta property=\"og:locale\" content=\"es_ES\" \/>\n<meta property=\"og:type\" content=\"article\" \/>\n<meta property=\"og:title\" content=\"Cuchillas espirales - BOUVEUR\" \/>\n<meta property=\"og:description\" content=\"Las cuchillas tundidoras vienen de los principales aceristas mundiales y cumplen a los criterios exigentes: corte eficiente, r\u00e1pido y de calidad.\" \/>\n<meta property=\"og:url\" content=\"https:\/\/bouveur.com\/es\/cuchillas-tundidoras\/cuchillas-espirales\/\" \/>\n<meta property=\"og:site_name\" content=\"BOUVEUR\" \/>\n<meta property=\"article:modified_time\" content=\"2019-12-11T21:49:45+00:00\" \/>\n<meta name=\"twitter:card\" content=\"summary_large_image\" \/>\n<meta name=\"twitter:label1\" content=\"Tiempo de lectura\" \/>\n\t<meta name=\"twitter:data1\" content=\"3 minutos\" \/>\n<script type=\"application\/ld+json\" class=\"yoast-schema-graph\">{\"@context\":\"https:\/\/schema.org\",\"@graph\":[{\"@type\":\"WebPage\",\"@id\":\"https:\/\/bouveur.com\/es\/cuchillas-tundidoras\/cuchillas-espirales\/\",\"url\":\"https:\/\/bouveur.com\/es\/cuchillas-tundidoras\/cuchillas-espirales\/\",\"name\":\"Cuchillas espirales - BOUVEUR\",\"isPartOf\":{\"@id\":\"https:\/\/bouveur.com\/en\/#website\"},\"datePublished\":\"2017-09-06T17:05:56+00:00\",\"dateModified\":\"2019-12-11T21:49:45+00:00\",\"description\":\"Las cuchillas tundidoras vienen de los principales aceristas mundiales y cumplen a los criterios exigentes: corte eficiente, r\u00e1pido y de calidad.\",\"breadcrumb\":{\"@id\":\"https:\/\/bouveur.com\/es\/cuchillas-tundidoras\/cuchillas-espirales\/#breadcrumb\"},\"inLanguage\":\"es\",\"potentialAction\":[{\"@type\":\"ReadAction\",\"target\":[\"https:\/\/bouveur.com\/es\/cuchillas-tundidoras\/cuchillas-espirales\/\"]}]},{\"@type\":\"BreadcrumbList\",\"@id\":\"https:\/\/bouveur.com\/es\/cuchillas-tundidoras\/cuchillas-espirales\/#breadcrumb\",\"itemListElement\":[{\"@type\":\"ListItem\",\"position\":1,\"name\":\"Accueil\",\"item\":\"https:\/\/bouveur.com\/es\/\"},{\"@type\":\"ListItem\",\"position\":2,\"name\":\"Cuchillas de tundidoras\",\"item\":\"https:\/\/bouveur.com\/es\/cuchillas-tundidoras\/\"},{\"@type\":\"ListItem\",\"position\":3,\"name\":\"Cuchillas espirales\"}]},{\"@type\":\"WebSite\",\"@id\":\"https:\/\/bouveur.com\/en\/#website\",\"url\":\"https:\/\/bouveur.com\/en\/\",\"name\":\"BOUVEUR\",\"description\":\"Des lames au service des plus grandes exigences\",\"potentialAction\":[{\"@type\":\"SearchAction\",\"target\":{\"@type\":\"EntryPoint\",\"urlTemplate\":\"https:\/\/bouveur.com\/en\/?s={search_term_string}\"},\"query-input\":{\"@type\":\"PropertyValueSpecification\",\"valueRequired\":true,\"valueName\":\"search_term_string\"}}],\"inLanguage\":\"es\"}]}<\/script>\n<!-- \/ Yoast SEO plugin. -->","yoast_head_json":{"title":"Cuchillas espirales - BOUVEUR","description":"Las cuchillas tundidoras vienen de los principales aceristas mundiales y cumplen a los criterios exigentes: corte eficiente, r\u00e1pido y de calidad.","robots":{"index":"index","follow":"follow","max-snippet":"max-snippet:-1","max-image-preview":"max-image-preview:large","max-video-preview":"max-video-preview:-1"},"canonical":"https:\/\/bouveur.com\/es\/cuchillas-tundidoras\/cuchillas-espirales\/","og_locale":"es_ES","og_type":"article","og_title":"Cuchillas espirales - BOUVEUR","og_description":"Las cuchillas tundidoras vienen de los principales aceristas mundiales y cumplen a los criterios exigentes: corte eficiente, r\u00e1pido y de calidad.","og_url":"https:\/\/bouveur.com\/es\/cuchillas-tundidoras\/cuchillas-espirales\/","og_site_name":"BOUVEUR","article_modified_time":"2019-12-11T21:49:45+00:00","twitter_card":"summary_large_image","twitter_misc":{"Tiempo de lectura":"3 minutos"},"schema":{"@context":"https:\/\/schema.org","@graph":[{"@type":"WebPage","@id":"https:\/\/bouveur.com\/es\/cuchillas-tundidoras\/cuchillas-espirales\/","url":"https:\/\/bouveur.com\/es\/cuchillas-tundidoras\/cuchillas-espirales\/","name":"Cuchillas espirales - BOUVEUR","isPartOf":{"@id":"https:\/\/bouveur.com\/en\/#website"},"datePublished":"2017-09-06T17:05:56+00:00","dateModified":"2019-12-11T21:49:45+00:00","description":"Las cuchillas tundidoras vienen de los principales aceristas mundiales y cumplen a los criterios exigentes: corte eficiente, r\u00e1pido y de calidad.","breadcrumb":{"@id":"https:\/\/bouveur.com\/es\/cuchillas-tundidoras\/cuchillas-espirales\/#breadcrumb"},"inLanguage":"es","potentialAction":[{"@type":"ReadAction","target":["https:\/\/bouveur.com\/es\/cuchillas-tundidoras\/cuchillas-espirales\/"]}]},{"@type":"BreadcrumbList","@id":"https:\/\/bouveur.com\/es\/cuchillas-tundidoras\/cuchillas-espirales\/#breadcrumb","itemListElement":[{"@type":"ListItem","position":1,"name":"Accueil","item":"https:\/\/bouveur.com\/es\/"},{"@type":"ListItem","position":2,"name":"Cuchillas de tundidoras","item":"https:\/\/bouveur.com\/es\/cuchillas-tundidoras\/"},{"@type":"ListItem","position":3,"name":"Cuchillas espirales"}]},{"@type":"WebSite","@id":"https:\/\/bouveur.com\/en\/#website","url":"https:\/\/bouveur.com\/en\/","name":"BOUVEUR","description":"Des lames au service des plus grandes exigences","potentialAction":[{"@type":"SearchAction","target":{"@type":"EntryPoint","urlTemplate":"https:\/\/bouveur.com\/en\/?s={search_term_string}"},"query-input":{"@type":"PropertyValueSpecification","valueRequired":true,"valueName":"search_term_string"}}],"inLanguage":"es"}]}},"_links":{"self":[{"href":"https:\/\/bouveur.com\/es\/wp-json\/wp\/v2\/pages\/338","targetHints":{"allow":["GET"]}}],"collection":[{"href":"https:\/\/bouveur.com\/es\/wp-json\/wp\/v2\/pages"}],"about":[{"href":"https:\/\/bouveur.com\/es\/wp-json\/wp\/v2\/types\/page"}],"author":[{"embeddable":true,"href":"https:\/\/bouveur.com\/es\/wp-json\/wp\/v2\/users\/1"}],"replies":[{"embeddable":true,"href":"https:\/\/bouveur.com\/es\/wp-json\/wp\/v2\/comments?post=338"}],"version-history":[{"count":36,"href":"https:\/\/bouveur.com\/es\/wp-json\/wp\/v2\/pages\/338\/revisions"}],"predecessor-version":[{"id":1965,"href":"https:\/\/bouveur.com\/es\/wp-json\/wp\/v2\/pages\/338\/revisions\/1965"}],"up":[{"embeddable":true,"href":"https:\/\/bouveur.com\/es\/wp-json\/wp\/v2\/pages\/337"}],"wp:attachment":[{"href":"https:\/\/bouveur.com\/es\/wp-json\/wp\/v2\/media?parent=338"}],"curies":[{"name":"wp","href":"https:\/\/api.w.org\/{rel}","templated":true}]}}