{"id":335,"date":"2017-09-06T19:00:56","date_gmt":"2017-09-06T17:00:56","guid":{"rendered":"https:\/\/bouveur.com\/casa\/"},"modified":"2019-07-04T13:59:29","modified_gmt":"2019-07-04T11:59:29","slug":"casa","status":"publish","type":"page","link":"https:\/\/bouveur.com\/es\/","title":{"rendered":"Casa"},"content":{"rendered":"<div class=\"wpb-content-wrapper\">[mk_page_section full_width=\u00bbtrue\u00bb padding_top=\u00bb0&#8243; padding_bottom=\u00bb0&#8243; sidebar=\u00bbsidebar-1&#8243;][vc_column]\n\t\t\t\t<p class=\"rs-p-wp-fix\"><\/p>\n\t\t\t\t<sr7-module data-alias=\"slider-home\" data-id=\"1\" id=\"SR7_1_1\" data-version=\"6.7.51\">\n\t\t\t\t\t<sr7-adjuster><\/sr7-adjuster>\n\t\t\t\t\t<sr7-content>\n\t\t\t\t\t\t<sr7-slide id=\"SR7_1_1-1\" data-key=\"1\">\n\t\t\t\t\t\t\t<sr7-bg id=\"SR7_1_1-1-slidebg\" class=\"sr7-layer\"><noscript><img decoding=\"async\" src=\"https:\/\/bouveur.com\/wp-content\/uploads\/revslider\/slider-home\/depuis-1883-slider-accueil-bouveur1.jpg\" alt=\"\" title=\"Casa\"><\/noscript><\/sr7-bg>\n\t\t\t\t\t\t\t<h3 id=\"SR7_1_1-1-3\" class=\"sr7-layer\">Depuis 1883<\/h3>\n\t\t\t\t\t\t\t<sr7-txt id=\"SR7_1_1-1-2\" class=\"sr7-layer\">Bouveur fabrique ses propres machines tondeuses<\/sr7-txt>\n\t\t\t\t\t\t\t<sr7-txt id=\"SR7_1_1-1-6\" class=\"sr7-layer\">En savoir plus <i class=\"fa-chevron-right\"><\/i><\/sr7-txt>\n\t\t\t\t\t\t<\/sr7-slide>\n\t\t\t\t\t\t<sr7-slide id=\"SR7_1_1-25\" data-key=\"25\">\n\t\t\t\t\t\t\t<sr7-bg id=\"SR7_1_1-25-slidebg\" class=\"sr7-layer\"><noscript><img decoding=\"async\" src=\"https:\/\/bouveur.com\/wp-content\/uploads\/revslider\/slider-home\/depuis-1883-slider-accueil-bouveur1.jpg\" alt=\"\" title=\"Casa\"><\/noscript><\/sr7-bg>\n\t\t\t\t\t\t\t<h3 id=\"SR7_1_1-25-3\" class=\"sr7-layer\">Desde 1883<\/h3>\n\t\t\t\t\t\t\t<sr7-txt id=\"SR7_1_1-25-2\" class=\"sr7-layer\">BOUVEUR es la referencia de cuchillas de tundidoras textiles<\/sr7-txt>\n\t\t\t\t\t\t\t<sr7-txt id=\"SR7_1_1-25-6\" class=\"sr7-layer\">Saber m\u00e1s <i class=\"fa-chevron-right\"><\/i><\/sr7-txt>\n\t\t\t\t\t\t<\/sr7-slide>\n\t\t\t\t\t\t<sr7-slide id=\"SR7_1_1-2\" data-key=\"2\">\n\t\t\t\t\t\t\t<sr7-bg id=\"SR7_1_1-2-slidebg\" class=\"sr7-layer\"><noscript><img decoding=\"async\" src=\"https:\/\/bouveur.com\/wp-content\/uploads\/revslider\/slider-home\/velours-textiles-bouveur.jpg\" alt=\"\" title=\"Casa\"><\/noscript><\/sr7-bg>\n\t\t\t\t\t\t\t<h3 id=\"SR7_1_1-2-3\" class=\"sr7-layer\">Succ\u00e8s fran\u00e7ais de rasage<\/h3>\n\t\t\t\t\t\t\t<sr7-txt id=\"SR7_1_1-2-2\" class=\"sr7-layer\">Innovation, Performance, \"GLocal\"<\/sr7-txt>\n\t\t\t\t\t\t\t<sr7-txt id=\"SR7_1_1-2-6\" class=\"sr7-layer\">En savoir plus <i class=\"fa-chevron-right\"><\/i><\/sr7-txt>\n\t\t\t\t\t\t<\/sr7-slide>\n\t\t\t\t\t\t<sr7-slide id=\"SR7_1_1-28\" data-key=\"28\">\n\t\t\t\t\t\t\t<sr7-bg id=\"SR7_1_1-28-slidebg\" class=\"sr7-layer\"><noscript><img decoding=\"async\" src=\"https:\/\/bouveur.com\/wp-content\/uploads\/revslider\/slider-home\/velours-textiles-bouveur.jpg\" alt=\"\" title=\"Casa\"><\/noscript><\/sr7-bg>\n\t\t\t\t\t\t\t<h3 id=\"SR7_1_1-28-3\" class=\"sr7-layer\">\u00c9XITO FRANCES DE CORTE<\/h3>\n\t\t\t\t\t\t\t<sr7-txt id=\"SR7_1_1-28-2\" class=\"sr7-layer\">Innovaci\u00f3n, Performance, \u201cGlocal\u201c<\/sr7-txt>\n\t\t\t\t\t\t\t<sr7-txt id=\"SR7_1_1-28-6\" class=\"sr7-layer\">Saber m\u00e1s <i class=\"fa-chevron-right\"><\/i><\/sr7-txt>\n\t\t\t\t\t\t<\/sr7-slide>\n\t\t\t\t\t\t<sr7-slide id=\"SR7_1_1-3\" data-key=\"3\">\n\t\t\t\t\t\t\t<sr7-bg id=\"SR7_1_1-3-slidebg\" class=\"sr7-layer\"><noscript><img decoding=\"async\" src=\"https:\/\/bouveur.com\/wp-content\/uploads\/revslider\/slider-home\/lames-spirales-slider-accueil-bouveur.jpg\" alt=\"\" title=\"Casa\"><\/noscript><\/sr7-bg>\n\t\t\t\t\t\t\t<h3 id=\"SR7_1_1-3-3\" class=\"sr7-layer\">Lames spirales<\/h3>\n\t\t\t\t\t\t\t<sr7-txt id=\"SR7_1_1-3-2\" class=\"sr7-layer\">Des lames au service des plus grandes exigences<\/sr7-txt>\n\t\t\t\t\t\t\t<sr7-txt id=\"SR7_1_1-3-6\" class=\"sr7-layer\">En savoir plus <i class=\"fa-chevron-right\"><\/i><\/sr7-txt>\n\t\t\t\t\t\t<\/sr7-slide>\n\t\t\t\t\t\t<sr7-slide id=\"SR7_1_1-26\" data-key=\"26\">\n\t\t\t\t\t\t\t<sr7-bg id=\"SR7_1_1-26-slidebg\" class=\"sr7-layer\"><noscript><img decoding=\"async\" src=\"https:\/\/bouveur.com\/wp-content\/uploads\/revslider\/slider-home\/lames-spirales-slider-accueil-bouveur.jpg\" alt=\"\" title=\"Casa\"><\/noscript><\/sr7-bg>\n\t\t\t\t\t\t\t<h3 id=\"SR7_1_1-26-3\" class=\"sr7-layer\">Cuchillas espirales<\/h3>\n\t\t\t\t\t\t\t<sr7-txt id=\"SR7_1_1-26-2\" class=\"sr7-layer\">Cuchillas al servicio de las mas altas exigencias<\/sr7-txt>\n\t\t\t\t\t\t\t<sr7-txt id=\"SR7_1_1-26-6\" class=\"sr7-layer\">Saber m\u00e1s <i class=\"fa-chevron-right\"><\/i><\/sr7-txt>\n\t\t\t\t\t\t<\/sr7-slide>\n\t\t\t\t\t\t<sr7-slide id=\"SR7_1_1-4\" data-key=\"4\">\n\t\t\t\t\t\t\t<sr7-bg id=\"SR7_1_1-4-slidebg\" class=\"sr7-layer\"><noscript><img decoding=\"async\" src=\"https:\/\/bouveur.com\/wp-content\/uploads\/2019\/01\/lames-plates-logo-slider-accueil-bouveur.jpg\" alt=\"\" title=\"Casa\"><\/noscript><\/sr7-bg>\n\t\t\t\t\t\t\t<h3 id=\"SR7_1_1-4-3\" class=\"sr7-layer\">Lames plates<\/h3>\n\t\t\t\t\t\t\t<sr7-txt id=\"SR7_1_1-4-2\" class=\"sr7-layer\">Garantir une coupe efficace et de qualit\u00e9 pour vos produits<\/sr7-txt>\n\t\t\t\t\t\t\t<sr7-txt id=\"SR7_1_1-4-6\" class=\"sr7-layer\">En savoir plus <i class=\"fa-chevron-right\"><\/i><\/sr7-txt>\n\t\t\t\t\t\t<\/sr7-slide>\n\t\t\t\t\t\t<sr7-slide id=\"SR7_1_1-27\" data-key=\"27\">\n\t\t\t\t\t\t\t<sr7-bg id=\"SR7_1_1-27-slidebg\" class=\"sr7-layer\"><noscript><img decoding=\"async\" src=\"https:\/\/bouveur.com\/wp-content\/uploads\/2019\/01\/lames-plates-logo-slider-accueil-bouveur.jpg\" alt=\"\" title=\"Casa\"><\/noscript><\/sr7-bg>\n\t\t\t\t\t\t\t<h3 id=\"SR7_1_1-27-3\" class=\"sr7-layer\">Cuchillas planas<\/h3>\n\t\t\t\t\t\t\t<sr7-txt id=\"SR7_1_1-27-2\" class=\"sr7-layer\">Garantizar un corte eficaz y de calidad para sus productos<\/sr7-txt>\n\t\t\t\t\t\t\t<sr7-txt id=\"SR7_1_1-27-6\" class=\"sr7-layer\">Saber m\u00e1s <i class=\"fa-chevron-right\"><\/i><\/sr7-txt>\n\t\t\t\t\t\t<\/sr7-slide>\n\t\t\t\t\t\t<sr7-slide id=\"SR7_1_1-5\" data-key=\"5\">\n\t\t\t\t\t\t\t<sr7-bg id=\"SR7_1_1-5-slidebg\" class=\"sr7-layer\"><noscript><img decoding=\"async\" src=\"https:\/\/bouveur.com\/wp-content\/uploads\/revslider\/slider-home\/service-montage-slider-accueil-bouveur.jpg\" alt=\"\" title=\"Casa\"><\/noscript><\/sr7-bg>\n\t\t\t\t\t\t\t<h3 id=\"SR7_1_1-5-3\" class=\"sr7-layer\">MONTAGE<\/h3>\n\t\t\t\t\t\t\t<sr7-txt id=\"SR7_1_1-5-2\" class=\"sr7-layer\">Une relation client sur-mesure<\/sr7-txt>\n\t\t\t\t\t\t\t<sr7-txt id=\"SR7_1_1-5-6\" class=\"sr7-layer\">En savoir plus <i class=\"fa-chevron-right\"><\/i><\/sr7-txt>\n\t\t\t\t\t\t<\/sr7-slide>\n\t\t\t\t\t\t<sr7-slide id=\"SR7_1_1-29\" data-key=\"29\">\n\t\t\t\t\t\t\t<sr7-bg id=\"SR7_1_1-29-slidebg\" class=\"sr7-layer\"><noscript><img decoding=\"async\" src=\"https:\/\/bouveur.com\/wp-content\/uploads\/revslider\/slider-home\/service-montage-slider-accueil-bouveur.jpg\" alt=\"\" title=\"Casa\"><\/noscript><\/sr7-bg>\n\t\t\t\t\t\t\t<h3 id=\"SR7_1_1-29-3\" class=\"sr7-layer\">instalaci\u00f3n<\/h3>\n\t\t\t\t\t\t\t<sr7-txt id=\"SR7_1_1-29-2\" class=\"sr7-layer\">Una relaci\u00f3n con el cliente a medida<\/sr7-txt>\n\t\t\t\t\t\t\t<sr7-txt id=\"SR7_1_1-29-6\" class=\"sr7-layer\">Saber m\u00e1s <i class=\"fa-chevron-right\"><\/i><\/sr7-txt>\n\t\t\t\t\t\t<\/sr7-slide>\n\t\t\t\t\t\t<sr7-slide id=\"SR7_1_1-6\" data-key=\"6\">\n\t\t\t\t\t\t\t<sr7-bg id=\"SR7_1_1-6-slidebg\" class=\"sr7-layer\"><noscript><img decoding=\"async\" src=\"https:\/\/bouveur.com\/wp-content\/uploads\/revslider\/slider-home\/cylindres-tondeurs-slider-accueil-bouveur.jpg\" alt=\"\" title=\"Casa\"><\/noscript><\/sr7-bg>\n\t\t\t\t\t\t\t<h3 id=\"SR7_1_1-6-3\" class=\"sr7-layer\">CYLINDRES TONDEURS<\/h3>\n\t\t\t\t\t\t\t<sr7-txt id=\"SR7_1_1-6-2\" class=\"sr7-layer\">Large gamme d\u2019excellence et de haute technicit\u00e9 <\/sr7-txt>\n\t\t\t\t\t\t\t<sr7-txt id=\"SR7_1_1-6-6\" class=\"sr7-layer\">En savoir plus <i class=\"fa-chevron-right\"><\/i><\/sr7-txt>\n\t\t\t\t\t\t<\/sr7-slide>\n\t\t\t\t\t\t<sr7-slide id=\"SR7_1_1-30\" data-key=\"30\">\n\t\t\t\t\t\t\t<sr7-bg id=\"SR7_1_1-30-slidebg\" class=\"sr7-layer\"><noscript><img decoding=\"async\" src=\"https:\/\/bouveur.com\/wp-content\/uploads\/revslider\/slider-home\/cylindres-tondeurs-slider-accueil-bouveur.jpg\" alt=\"\" title=\"Casa\"><\/noscript><\/sr7-bg>\n\t\t\t\t\t\t\t<h3 id=\"SR7_1_1-30-3\" class=\"sr7-layer\">Cilindros tundidores<\/h3>\n\t\t\t\t\t\t\t<sr7-txt id=\"SR7_1_1-30-2\" class=\"sr7-layer\">Amplia gama de excelencia y de alta tecnica<\/sr7-txt>\n\t\t\t\t\t\t\t<sr7-txt id=\"SR7_1_1-30-6\" class=\"sr7-layer\">Saber m\u00e1s <i class=\"fa-chevron-right\"><\/i><\/sr7-txt>\n\t\t\t\t\t\t<\/sr7-slide>\n\t\t\t\t\t<\/sr7-content>\n\t\t\t\t<\/sr7-module>\n\t\t\t\t<script>\n\t\t\t\t\twindow.SR7 ??={};SR7.PMH ??={}; SR7.PMH[\"SR7_1_1\"] = {cn:100,state:false,fn: function() { if (window._tpt!==undefined && window._tpt.prepareModuleHeight !== undefined) {  _tpt.prepareModuleHeight({id:\"SR7_1_1\",el:[],type:'standard',shdw:'0',gh:[600],gw:[1240],vpt:['-200px'],size:{fullWidth:false, fullHeight:false},mh:'0',onh:0,onw:0,bg:{color:'#222944'},plType:'1',plColor:'#222944'});   SR7.PMH[\"SR7_1_1\"].state=true;} else if(SR7.PMH[\"SR7_1_1\"].cn-->0)\tsetTimeout( SR7.PMH[\"SR7_1_1\"].fn,19);}};SR7.PMH[\"SR7_1_1\" ].fn();\n\t\t\t\t<\/script>\n[\/vc_column][\/mk_page_section][mk_page_section bg_position=\u00bbright center\u00bb bg_repeat=\u00bbno-repeat\u00bb padding_top=\u00bb25&#8243; padding_bottom=\u00bb25&#8243; sidebar=\u00bbsidebar-1&#8243;][vc_column][vc_single_image image=\u00bb89&#8243; img_size=\u00bbfull\u00bb alignment=\u00bbcenter\u00bb][\/vc_column][\/mk_page_section][mk_page_section bg_color=\u00bb#ededed\u00bb padding_top=\u00bb100&#8243; padding_bottom=\u00bb100&#8243; sidebar=\u00bbsidebar-1&#8243;][vc_column][mk_ornamental_title text_color=\u00bb#222944&#8243; font_family=\u00bbnone\u00bb font_size=\u00bb35&#8243; ornament_style=\u00bbnorman-single\u00bb ornament_color=\u00bb#222944&#8243;]Nuestra Historia[\/mk_ornamental_title][mk_fancy_title tag_name=\u00bbh4&#8243; color=\u00bb#222944&#8243; size=\u00bb30&#8243; margin_bottom=\u00bb0&#8243; font_family=\u00bbnone\u00bb align=\u00bbcenter\u00bb]Cuna de la industria francesa desde 1883[\/mk_fancy_title][vc_column_text align=\u00bbcenter\u00bb css=\u00bb.vc_custom_1560177663294{margin-bottom: 0px !important;}\u00bb]Desde su creaci\u00f3n en 1883, BOUVEUR es la referencia de las cuchillas de tundidoras textiles.[\/vc_column_text][vc_row_inner][vc_column_inner width=\u00bb1\/3&#8243;][vc_single_image image=\u00bb175&#8243; img_size=\u00bbfull\u00bb alignment=\u00bbcenter\u00bb][\/vc_column_inner][vc_column_inner width=\u00bb1\/3&#8243;][vc_single_image image=\u00bb177&#8243; img_size=\u00bbfull\u00bb alignment=\u00bbcenter\u00bb][\/vc_column_inner][vc_column_inner width=\u00bb1\/3&#8243;][vc_single_image image=\u00bb178&#8243; img_size=\u00bbfull\u00bb alignment=\u00bbcenter\u00bb][\/vc_column_inner][\/vc_row_inner][vc_column_text align=\u00bbcenter\u00bb css=\u00bb.vc_custom_1560177745431{margin-bottom: 0px !important;}\u00bb]La experiencia adquirida a lo largo de estos a\u00f1os de investigaci\u00f3n nos ha permitido crear las cuchillas de tundidoras textiles de una calidad excepcional.[\/vc_column_text][mk_button dimension=\u00bbsavvy\u00bb size=\u00bblarge\u00bb url=\u00bbhttps:\/\/bouveur.com\/es\/a-proposito\/nuestra-historia\/\u00bb align=\u00bbcenter\u00bb]Descubre nuestra historia[\/mk_button][\/vc_column][\/mk_page_section][mk_page_section bg_image=\u00bbhttps:\/\/bouveur.com\/wp-content\/uploads\/2017\/09\/background-lame-logo-bouveur.jpg\u00bb bg_repeat=\u00bbno-repeat\u00bb bg_stretch=\u00bbtrue\u00bb enable_3d=\u00bbtrue\u00bb min_height=\u00bb600&#8243; padding_top=\u00bb0&#8243; padding_bottom=\u00bb0&#8243; visibility=\u00bbhidden-sm\u00bb sidebar=\u00bbsidebar-1&#8243;][vc_column][\/vc_column][\/mk_page_section][mk_page_section padding_top=\u00bb75&#8243; padding_bottom=\u00bb75&#8243; sidebar=\u00bbsidebar-1&#8243;][vc_column][mk_ornamental_title font_family=\u00bbnone\u00bb font_size=\u00bb35&#8243; ornament_style=\u00bbnorman-single\u00bb ornament_color=\u00bb#222944&#8243;]Telas y acabados[\/mk_ornamental_title][vc_row_inner][vc_column_inner][mk_custom_box min_height=\u00bb0&#8243; bg_image=\u00bbhttps:\/\/bouveur.com\/wp-content\/uploads\/2017\/09\/modele-bouveur-textile-lame.jpg\u00bb bg_position=\u00bbcenter top\u00bb background_hov_color_style=\u00bbimage\u00bb bg_image_hov_effect=\u00bbblur\u00bb bg_stretch=\u00bbtrue\u00bb][vc_empty_space height=\u00bb200px\u00bb][mk_fancy_title tag_name=\u00bbh4&#8243; color=\u00bb#ffffff\u00bb size=\u00bb30&#8243; margin_bottom=\u00bb0&#8243; font_family=\u00bbnone\u00bb]La tendencia<br \/>\nes a lo hecho en Francia[\/mk_fancy_title][vc_column_text el_class=\u00bbimg-text-light\u00bb css=\u00bb.vc_custom_1560349882953{margin-bottom: 0px !important;}\u00bb]<strong>Elaboradas en el nido de la innovaci\u00f3n tecnol\u00f3gica,<br \/>\nlas cuchillas BOUVEUR son hereditarias de la calidad industrial francesa.<\/strong>[\/vc_column_text][mk_button dimension=\u00bboutline\u00bb size=\u00bbmedium\u00bb url=\u00bbhttps:\/\/bouveur.com\/es\/a-proposito\/telas-y-acabados\/\u00bb outline_skin=\u00bblight\u00bb]Saber m\u00e1s[\/mk_button][\/mk_custom_box][\/vc_column_inner][\/vc_row_inner][\/vc_column][\/mk_page_section][mk_page_section bg_color=\u00bb#ededed\u00bb padding_top=\u00bb75&#8243; padding_bottom=\u00bb75&#8243; sidebar=\u00bbsidebar-1&#8243;][vc_column][mk_ornamental_title font_family=\u00bbnone\u00bb font_size=\u00bb35&#8243; ornament_style=\u00bbnorman-single\u00bb ornament_color=\u00bb#222944&#8243;]Nuestros productos[\/mk_ornamental_title][mk_fancy_title tag_name=\u00bbh4&#8243; color=\u00bb#222944&#8243; size=\u00bb30&#8243; margin_bottom=\u00bb0&#8243; font_family=\u00bbnone\u00bb align=\u00bbcenter\u00bb]Cuchillas al servicio de las m\u00e1s altas exigencias[\/mk_fancy_title][vc_column_text align=\u00bbcenter\u00bb]La calidad y la belleza del resultado obtenido depende siempre de las cuchillas escogidas.<br \/>\nEllas constituyen el alma de su m\u00e1quina.[\/vc_column_text][vc_row_inner][vc_column_inner width=\u00bb1\/4&#8243;][vc_single_image image=\u00bb241&#8243; img_size=\u00bbfull\u00bb onclick=\u00bbcustom_link\u00bb link=\u00bbhttps:\/\/bouveur.com\/lames-tondeuses\/lames-spirales\/\u00bb][mk_button dimension=\u00bbtwo\u00bb size=\u00bbmedium\u00bb url=\u00bbhttps:\/\/bouveur.com\/es\/cuchillas-tundidoras\/cuchillas-espirales\/\u00bb fullwidth=\u00bbtrue\u00bb]CUCHILLAS ESPIRALES[\/mk_button][vc_column_text align=\u00bbcenter\u00bb]BOUVEUR fabrica cuchillas espirales en diferentes largos y en diferentes di\u00e1metros.[\/vc_column_text][\/vc_column_inner][vc_column_inner width=\u00bb1\/4&#8243;][vc_single_image image=\u00bb240&#8243; img_size=\u00bbfull\u00bb onclick=\u00bbcustom_link\u00bb link=\u00bbhttps:\/\/bouveur.com\/lames-tondeuses\/lames-plates\/\u00bb][mk_button dimension=\u00bbtwo\u00bb size=\u00bbmedium\u00bb url=\u00bbhttps:\/\/bouveur.com\/es\/cuchillas-tundidoras\/cuchillas-planas\/\u00bb fullwidth=\u00bbtrue\u00bb]CUCHILLAS PLANAS[\/mk_button][vc_column_text align=\u00bbcenter\u00bb css=\u00bb.vc_custom_1560178016651{margin-bottom: 0px !important;}\u00bb]BOUVEUR realiza las cuchillas, lo que le confiere la m\u00e1s grande rigidez, una calidad de temple homog\u00e9nea y una perfecta resistencia al uso.[\/vc_column_text][\/vc_column_inner][vc_column_inner width=\u00bb1\/4&#8243;][vc_single_image image=\u00bb239&#8243; img_size=\u00bbfull\u00bb onclick=\u00bbcustom_link\u00bb link=\u00bbhttps:\/\/bouveur.com\/lames-tondeuses\/cylindres-tondeurs\/\u00bb][mk_button dimension=\u00bbtwo\u00bb size=\u00bbmedium\u00bb url=\u00bbhttps:\/\/bouveur.com\/es\/cuchillas-tundidoras\/cilindros-tundidores\/\u00bb fullwidth=\u00bbtrue\u00bb]CILINDROS TUNDIDORES[\/mk_button][vc_column_text align=\u00bbcenter\u00bb css=\u00bb.vc_custom_1560177809623{margin-bottom: 0px !important;}\u00bb]BOUVEUR fabrica los cilindros tundidores del m\u00e1s peque\u00f1o al m\u00e1s grande, pudiendo alcanzar 6500 mm de largo de corte.[\/vc_column_text][\/vc_column_inner][vc_column_inner width=\u00bb1\/4&#8243;][vc_single_image image=\u00bb238&#8243; img_size=\u00bbfull\u00bb onclick=\u00bbcustom_link\u00bb link=\u00bbhttps:\/\/bouveur.com\/lames-tondeuses\/consommables\/\u00bb][mk_button dimension=\u00bbtwo\u00bb size=\u00bbmedium\u00bb url=\u00bbhttps:\/\/bouveur.com\/es\/cuchillas-tundidoras\/consumibles\/\u00bb fullwidth=\u00bbtrue\u00bb]ACCESORIOS[\/mk_button][vc_column_text align=\u00bbcenter\u00bb css=\u00bb.vc_custom_1560177867697{margin-bottom: 0px !important;}\u00bb]BOUVEUR pone a disposici\u00f3n toda una gama de accesorios de afilado y de puesta a punto.[\/vc_column_text][\/vc_column_inner][\/vc_row_inner][\/vc_column][\/mk_page_section][mk_page_section bg_image=\u00bbhttps:\/\/bouveur.com\/wp-content\/uploads\/2017\/09\/background-meule-logo-bouveur.jpg\u00bb bg_repeat=\u00bbno-repeat\u00bb bg_stretch=\u00bbtrue\u00bb enable_3d=\u00bbtrue\u00bb min_height=\u00bb600&#8243; padding_top=\u00bb0&#8243; padding_bottom=\u00bb0&#8243; visibility=\u00bbhidden-sm\u00bb sidebar=\u00bbsidebar-1&#8243;][vc_column][\/vc_column][\/mk_page_section][mk_page_section bg_image=\u00bbhttps:\/\/bouveur.com\/wp-content\/uploads\/2017\/09\/services-bouveurs-hompage.jpg\u00bb bg_position=\u00bbcenter center\u00bb bg_repeat=\u00bbno-repeat\u00bb bg_stretch=\u00bbtrue\u00bb video_color_mask=\u00bb#222944&#8243; video_opacity=\u00bb0.8&#8243; min_height=\u00bb0&#8243; padding_top=\u00bb150&#8243; padding_bottom=\u00bb150&#8243; el_class=\u00bbdark-section\u00bb sidebar=\u00bbsidebar-1&#8243;][vc_column][vc_row_inner][vc_column_inner width=\u00bb1\/6&#8243;][\/vc_column_inner][vc_column_inner el_class=\u00bbbg-dark\u00bb width=\u00bb2\/3&#8243;][mk_fancy_title tag_name=\u00bbh4&#8243; color=\u00bb#ffffff\u00bb size=\u00bb40&#8243; txt_transform=\u00bbuppercase\u00bb margin_bottom=\u00bb0&#8243; font_family=\u00bbnone\u00bb align=\u00bbcenter\u00bb]Nuestros Servicios[\/mk_fancy_title][vc_single_image image=\u00bb174&#8243; img_size=\u00bb375&#215;95&#8243; alignment=\u00bbcenter\u00bb][mk_fancy_title tag_name=\u00bbh5&#8243; color=\u00bb#ffffff\u00bb size=\u00bb25&#8243; line_height=\u00bb180&#8243; margin_bottom=\u00bb0&#8243; font_family=\u00bbnone\u00bb align=\u00bbcenter\u00bb]BOUVEUR le acompa\u00f1a donde est\u00e9 o en la f\u00e1brica con el fin de garantizar los mejores servicios del mercado.[\/mk_fancy_title][mk_button dimension=\u00bboutline\u00bb size=\u00bblarge\u00bb url=\u00bbhttps:\/\/bouveur.com\/es\/nuestros-servicios\/\u00bb align=\u00bbcenter\u00bb outline_skin=\u00bblight\u00bb]Ver nuestros servicios[\/mk_button][\/vc_column_inner][vc_column_inner width=\u00bb1\/6&#8243;][\/vc_column_inner][\/vc_row_inner][\/vc_column][\/mk_page_section]\n<\/div>","protected":false},"excerpt":{"rendered":"<p>[mk_page_section full_width=\u00bbtrue\u00bb padding_top=\u00bb0&#8243; padding_bottom=\u00bb0&#8243; sidebar=\u00bbsidebar-1&#8243;][vc_column][\/vc_column][\/mk_page_section][mk_page_section bg_position=\u00bbright center\u00bb bg_repeat=\u00bbno-repeat\u00bb padding_top=\u00bb25&#8243; padding_bottom=\u00bb25&#8243; sidebar=\u00bbsidebar-1&#8243;][vc_column][vc_single_image image=\u00bb89&#8243; img_size=\u00bbfull\u00bb alignment=\u00bbcenter\u00bb][\/vc_column][\/mk_page_section][mk_page_section bg_color=\u00bb#ededed\u00bb padding_top=\u00bb100&#8243; padding_bottom=\u00bb100&#8243; sidebar=\u00bbsidebar-1&#8243;][vc_column][mk_ornamental_title text_color=\u00bb#222944&#8243; font_family=\u00bbnone\u00bb font_size=\u00bb35&#8243; ornament_style=\u00bbnorman-single\u00bb ornament_color=\u00bb#222944&#8243;]Nuestra Historia[\/mk_ornamental_title][mk_fancy_title tag_name=\u00bbh4&#8243; color=\u00bb#222944&#8243; size=\u00bb30&#8243; margin_bottom=\u00bb0&#8243; font_family=\u00bbnone\u00bb align=\u00bbcenter\u00bb]Cuna de la industria francesa desde 1883[\/mk_fancy_title][vc_column_text align=\u00bbcenter\u00bb css=\u00bb.vc_custom_1560177663294{margin-bottom: 0px !important;}\u00bb]Desde su creaci\u00f3n en 1883, BOUVEUR es la referencia de las cuchillas de tundidoras textiles.[\/vc_column_text][vc_row_inner][vc_column_inner width=\u00bb1\/3&#8243;][vc_single_image [&hellip;]<\/p>\n","protected":false},"author":1,"featured_media":0,"parent":0,"menu_order":1,"comment_status":"closed","ping_status":"closed","template":"","meta":{"footnotes":""},"class_list":["post-335","page","type-page","status-publish","hentry"],"yoast_head":"<!-- This site is optimized with the Yoast SEO plugin v27.2 - https:\/\/yoast.com\/product\/yoast-seo-wordpress\/ -->\n<title>BOUVEUR sas - FRANCE | Cuchilllas tundidoras de alta precision<\/title>\n<meta name=\"description\" content=\"Referencia mundial en el sector de las cuchillas tundidoras textiles, BOUVEUR ofrece cilindros tundidores con cuchillas planas y espirales.\" \/>\n<meta name=\"robots\" content=\"index, follow, max-snippet:-1, max-image-preview:large, max-video-preview:-1\" \/>\n<link rel=\"canonical\" href=\"https:\/\/bouveur.com\/es\/\" \/>\n<meta property=\"og:locale\" content=\"es_ES\" \/>\n<meta property=\"og:type\" content=\"article\" \/>\n<meta property=\"og:title\" content=\"BOUVEUR sas - FRANCE | Cuchilllas tundidoras de alta precision\" \/>\n<meta property=\"og:description\" content=\"Referencia mundial en el sector de las cuchillas tundidoras textiles, BOUVEUR ofrece cilindros tundidores con cuchillas planas y espirales.\" \/>\n<meta property=\"og:url\" content=\"https:\/\/bouveur.com\/es\/\" \/>\n<meta property=\"og:site_name\" content=\"BOUVEUR\" \/>\n<meta property=\"article:modified_time\" content=\"2019-07-04T11:59:29+00:00\" \/>\n<meta name=\"twitter:card\" content=\"summary_large_image\" \/>\n<meta name=\"twitter:label1\" content=\"Tiempo de lectura\" \/>\n\t<meta name=\"twitter:data1\" content=\"5 minutos\" \/>\n<script type=\"application\/ld+json\" class=\"yoast-schema-graph\">{\"@context\":\"https:\/\/schema.org\",\"@graph\":[{\"@type\":\"WebPage\",\"@id\":\"https:\/\/bouveur.com\/es\/\",\"url\":\"https:\/\/bouveur.com\/es\/\",\"name\":\"BOUVEUR sas - FRANCE | Cuchilllas tundidoras de alta precision\",\"isPartOf\":{\"@id\":\"https:\/\/bouveur.com\/en\/#website\"},\"datePublished\":\"2017-09-06T17:00:56+00:00\",\"dateModified\":\"2019-07-04T11:59:29+00:00\",\"description\":\"Referencia mundial en el sector de las cuchillas tundidoras textiles, BOUVEUR ofrece cilindros tundidores con cuchillas planas y espirales.\",\"breadcrumb\":{\"@id\":\"https:\/\/bouveur.com\/es\/#breadcrumb\"},\"inLanguage\":\"es\",\"potentialAction\":[{\"@type\":\"ReadAction\",\"target\":[\"https:\/\/bouveur.com\/es\/\"]}]},{\"@type\":\"BreadcrumbList\",\"@id\":\"https:\/\/bouveur.com\/es\/#breadcrumb\",\"itemListElement\":[{\"@type\":\"ListItem\",\"position\":1,\"name\":\"Accueil\",\"item\":\"https:\/\/bouveur.com\/es\/\"},{\"@type\":\"ListItem\",\"position\":2,\"name\":\"Casa\"}]},{\"@type\":\"WebSite\",\"@id\":\"https:\/\/bouveur.com\/en\/#website\",\"url\":\"https:\/\/bouveur.com\/en\/\",\"name\":\"BOUVEUR\",\"description\":\"Des lames au service des plus grandes exigences\",\"potentialAction\":[{\"@type\":\"SearchAction\",\"target\":{\"@type\":\"EntryPoint\",\"urlTemplate\":\"https:\/\/bouveur.com\/en\/?s={search_term_string}\"},\"query-input\":{\"@type\":\"PropertyValueSpecification\",\"valueRequired\":true,\"valueName\":\"search_term_string\"}}],\"inLanguage\":\"es\"}]}<\/script>\n<!-- \/ Yoast SEO plugin. -->","yoast_head_json":{"title":"BOUVEUR sas - FRANCE | Cuchilllas tundidoras de alta precision","description":"Referencia mundial en el sector de las cuchillas tundidoras textiles, BOUVEUR ofrece cilindros tundidores con cuchillas planas y espirales.","robots":{"index":"index","follow":"follow","max-snippet":"max-snippet:-1","max-image-preview":"max-image-preview:large","max-video-preview":"max-video-preview:-1"},"canonical":"https:\/\/bouveur.com\/es\/","og_locale":"es_ES","og_type":"article","og_title":"BOUVEUR sas - FRANCE | Cuchilllas tundidoras de alta precision","og_description":"Referencia mundial en el sector de las cuchillas tundidoras textiles, BOUVEUR ofrece cilindros tundidores con cuchillas planas y espirales.","og_url":"https:\/\/bouveur.com\/es\/","og_site_name":"BOUVEUR","article_modified_time":"2019-07-04T11:59:29+00:00","twitter_card":"summary_large_image","twitter_misc":{"Tiempo de lectura":"5 minutos"},"schema":{"@context":"https:\/\/schema.org","@graph":[{"@type":"WebPage","@id":"https:\/\/bouveur.com\/es\/","url":"https:\/\/bouveur.com\/es\/","name":"BOUVEUR sas - FRANCE | Cuchilllas tundidoras de alta precision","isPartOf":{"@id":"https:\/\/bouveur.com\/en\/#website"},"datePublished":"2017-09-06T17:00:56+00:00","dateModified":"2019-07-04T11:59:29+00:00","description":"Referencia mundial en el sector de las cuchillas tundidoras textiles, BOUVEUR ofrece cilindros tundidores con cuchillas planas y espirales.","breadcrumb":{"@id":"https:\/\/bouveur.com\/es\/#breadcrumb"},"inLanguage":"es","potentialAction":[{"@type":"ReadAction","target":["https:\/\/bouveur.com\/es\/"]}]},{"@type":"BreadcrumbList","@id":"https:\/\/bouveur.com\/es\/#breadcrumb","itemListElement":[{"@type":"ListItem","position":1,"name":"Accueil","item":"https:\/\/bouveur.com\/es\/"},{"@type":"ListItem","position":2,"name":"Casa"}]},{"@type":"WebSite","@id":"https:\/\/bouveur.com\/en\/#website","url":"https:\/\/bouveur.com\/en\/","name":"BOUVEUR","description":"Des lames au service des plus grandes exigences","potentialAction":[{"@type":"SearchAction","target":{"@type":"EntryPoint","urlTemplate":"https:\/\/bouveur.com\/en\/?s={search_term_string}"},"query-input":{"@type":"PropertyValueSpecification","valueRequired":true,"valueName":"search_term_string"}}],"inLanguage":"es"}]}},"_links":{"self":[{"href":"https:\/\/bouveur.com\/es\/wp-json\/wp\/v2\/pages\/335","targetHints":{"allow":["GET"]}}],"collection":[{"href":"https:\/\/bouveur.com\/es\/wp-json\/wp\/v2\/pages"}],"about":[{"href":"https:\/\/bouveur.com\/es\/wp-json\/wp\/v2\/types\/page"}],"author":[{"embeddable":true,"href":"https:\/\/bouveur.com\/es\/wp-json\/wp\/v2\/users\/1"}],"replies":[{"embeddable":true,"href":"https:\/\/bouveur.com\/es\/wp-json\/wp\/v2\/comments?post=335"}],"version-history":[{"count":49,"href":"https:\/\/bouveur.com\/es\/wp-json\/wp\/v2\/pages\/335\/revisions"}],"predecessor-version":[{"id":1963,"href":"https:\/\/bouveur.com\/es\/wp-json\/wp\/v2\/pages\/335\/revisions\/1963"}],"wp:attachment":[{"href":"https:\/\/bouveur.com\/es\/wp-json\/wp\/v2\/media?parent=335"}],"curies":[{"name":"wp","href":"https:\/\/api.w.org\/{rel}","templated":true}]}}